{"id":933,"date":"2019-12-09T06:42:31","date_gmt":"2019-12-09T06:42:31","guid":{"rendered":"http:\/\/pluginspoint.com\/chariton\/\/?page_id=933"},"modified":"2026-01-25T17:23:06","modified_gmt":"2026-01-25T17:23:06","slug":"causes","status":"publish","type":"page","link":"https:\/\/www.f-sos.org\/pt\/causes\/","title":{"rendered":"DOM\u00cdNIOS DE AC\u00c7\u00c3O"},"content":{"rendered":"<div data-elementor-type=\"wp-page\" data-elementor-id=\"933\" class=\"elementor elementor-933\">\n\t\t\t\t\t\t<section class=\"elementor-section elementor-top-section elementor-element elementor-element-cc1f4c9 elementor-section-boxed elementor-section-height-default elementor-section-height-default\" data-id=\"cc1f4c9\" data-element_type=\"section\" data-e-type=\"section\">\n\t\t\t\t\t\t<div class=\"elementor-container elementor-column-gap-wider\">\n\t\t\t\t\t<div class=\"elementor-column elementor-col-100 elementor-top-column elementor-element elementor-element-013c31e\" data-id=\"013c31e\" data-element_type=\"column\" data-e-type=\"column\">\n\t\t\t<div class=\"elementor-widget-wrap elementor-element-populated\">\n\t\t\t\t\t\t<div class=\"elementor-element elementor-element-3caac5e elementor-widget elementor-widget-section-cause\" data-id=\"3caac5e\" data-element_type=\"widget\" data-e-type=\"widget\" data-widget_type=\"section-cause.default\">\n\t\t\t\t<div class=\"elementor-widget-container\">\n\t\t\t\t\t\t\t\t\t<script>\n\t\t\tjQuery(window).on('load', function () {\n\t\t\t    jQuery('.causes-isotope').imagesLoaded( function() {\n\t\t\t        \/\/ portfolio - active\n\t\t\t        var $grid = jQuery('.causes-isotope-69e22c96a8cac').isotope({\n\t\t\t            itemSelector: '.grid-item',\n\t\t\t            layoutMode: 'fitRows',\n\t\t\t            percentPosition: true,\n\t\t\t        })\n\t\t\t        \/\/ filter items on button click\n\t\t\t        jQuery('.causes-menu-69e22c96a8cac').on('click', 'button', function () {\n\t\t\t            var filterValue = jQuery(this).attr('data-filter');\n\t\t\t            $grid.isotope({ filter: filterValue });\n\t\t\t        });\n\t\t\t        \/\/for menu active class\n\t\t\t        jQuery('.causes-menu-69e22c96a8cac button').on('click', function (event) {\n\t\t\t            jQuery(this).siblings('.active').removeClass('active');\n\t\t\t            jQuery(this).addClass('active');\n\t\t\t            event.preventDefault();\n\t\t\t        });\n\t\t\t    });\n\t\t\t});\n\t\t<\/script>\n\n\t\t<div class=\"row\">\n\t\t    <div class=\"col-lg-12 text-center\">\n\t\t        <div class=\"causes-menus causes-menu-69e22c96a8cac mb-50\">\n\t\t            \t\t\t\t      \t<button class=\"active\" data-filter=\"*\">Todas as categorias<\/button>\n\t\t\t            <button class=\"button\" data-filter=\".animals-human-responsibility\">Animais &amp; Responsabilidade Humana<\/button><button class=\"button\" data-filter=\".education\">Educa\u00e7\u00e3o &amp; Aprendizagem<\/button><button class=\"button\" data-filter=\".homeless\">Habita\u00e7\u00e3o &amp; Inclus\u00e3o Social<\/button><button class=\"button\" data-filter=\".inclusion-accessibility\">Inclus\u00e3o &amp; Acessibilidade<\/button><button class=\"button\" data-filter=\".water\">\u00c1gua<\/button>\t\t            \t\t        <\/div>\n\t\t    <\/div>\n\t\t<\/div>\n\t\t\n\t\t<div class=\"row causes-isotope-69e22c96a8cac\">\n\t\t\t\t\t    <div class=\"col-lg-4 col-md-6 grid-item homeless\">\n\t\t        <div class=\"single-causes\">\n\t\t        \t\t\t            <div class=\"causes-thumb\">\n\t\t                <a href=\"https:\/\/www.f-sos.org\/pt\/cause\/art-and-well-being-in-ageing\/\"><img fetchpriority=\"high\" decoding=\"async\" width=\"924\" height=\"1307\" src=\"https:\/\/www.f-sos.org\/wp-content\/uploads\/2020\/01\/cartaz-A3-Arte-e-Bem-Estar-no-Envelhecimento_final.jpg\" class=\"attachment-post-thumbnail size-post-thumbnail wp-post-image\" alt=\"cartaz A3 Arte e Bem Estar no Envelhecimento final\" srcset=\"https:\/\/www.f-sos.org\/wp-content\/uploads\/2020\/01\/cartaz-A3-Arte-e-Bem-Estar-no-Envelhecimento_final.jpg 924w, https:\/\/www.f-sos.org\/wp-content\/uploads\/2020\/01\/cartaz-A3-Arte-e-Bem-Estar-no-Envelhecimento_final-212x300.jpg 212w, https:\/\/www.f-sos.org\/wp-content\/uploads\/2020\/01\/cartaz-A3-Arte-e-Bem-Estar-no-Envelhecimento_final-724x1024.jpg 724w, https:\/\/www.f-sos.org\/wp-content\/uploads\/2020\/01\/cartaz-A3-Arte-e-Bem-Estar-no-Envelhecimento_final-768x1086.jpg 768w\" sizes=\"(max-width: 924px) 100vw, 924px\" \/><\/a>\n\t\t            <\/div>\n\t\t            \t\t            <div class=\"causes-content\">\n\t\t                <ul class=\"cause-categories\"><li><a href=\"https:\/\/www.f-sos.org\/pt\/cause_category\/homeless\/\">Habita\u00e7\u00e3o &amp; Inclus\u00e3o Social<\/a><\/li><\/ul>\t\t                <h3><a href=\"https:\/\/www.f-sos.org\/pt\/cause\/art-and-well-being-in-ageing\/\">Arte e Bem Estar no Envelhecimento<\/a><\/h3>\n\t\t            <\/div>\n\t\t            \t\t        <\/div>\n\t\t    <\/div>\n\t\t    \t\t    <div class=\"col-lg-4 col-md-6 grid-item animals-human-responsibility\">\n\t\t        <div class=\"single-causes\">\n\t\t        \t\t\t            <div class=\"causes-thumb\">\n\t\t                <a href=\"https:\/\/www.f-sos.org\/pt\/cause\/animal-welfare-awareness\/\"><img decoding=\"async\" width=\"1804\" height=\"2560\" src=\"https:\/\/www.f-sos.org\/wp-content\/uploads\/2026\/01\/cartazes-a3_exposicao-renaissance-pawtraits_page_1-scaled-1.jpg\" class=\"attachment-post-thumbnail size-post-thumbnail wp-post-image\" alt=\"cartazes a3 exposicao renascentista pawtraits page 1 scaled\" srcset=\"https:\/\/www.f-sos.org\/wp-content\/uploads\/2026\/01\/cartazes-a3_exposicao-renaissance-pawtraits_page_1-scaled-1.jpg 1804w, https:\/\/www.f-sos.org\/wp-content\/uploads\/2026\/01\/cartazes-a3_exposicao-renaissance-pawtraits_page_1-scaled-1-211x300.jpg 211w, https:\/\/www.f-sos.org\/wp-content\/uploads\/2026\/01\/cartazes-a3_exposicao-renaissance-pawtraits_page_1-scaled-1-722x1024.jpg 722w, https:\/\/www.f-sos.org\/wp-content\/uploads\/2026\/01\/cartazes-a3_exposicao-renaissance-pawtraits_page_1-scaled-1-768x1090.jpg 768w, https:\/\/www.f-sos.org\/wp-content\/uploads\/2026\/01\/cartazes-a3_exposicao-renaissance-pawtraits_page_1-scaled-1-1082x1536.jpg 1082w, https:\/\/www.f-sos.org\/wp-content\/uploads\/2026\/01\/cartazes-a3_exposicao-renaissance-pawtraits_page_1-scaled-1-1443x2048.jpg 1443w\" sizes=\"(max-width: 1804px) 100vw, 1804px\" \/><\/a>\n\t\t            <\/div>\n\t\t            \t\t            <div class=\"causes-content\">\n\t\t                <ul class=\"cause-categories\"><li><a href=\"https:\/\/www.f-sos.org\/pt\/cause_category\/animals-human-responsibility\/\">Animais &amp; Responsabilidade Humana<\/a><\/li><\/ul>\t\t                <h3><a href=\"https:\/\/www.f-sos.org\/pt\/cause\/animal-welfare-awareness\/\">Bem-estar &amp; Sensibiliza\u00e7\u00e3o Animal<\/a><\/h3>\n\t\t            <\/div>\n\t\t            \t\t        <\/div>\n\t\t    <\/div>\n\t\t    \t\t    <div class=\"col-lg-4 col-md-6 grid-item inclusion-accessibility\">\n\t\t        <div class=\"single-causes\">\n\t\t        \t\t\t            <div class=\"causes-thumb\">\n\t\t                <a href=\"https:\/\/www.f-sos.org\/pt\/cause\/donate-for-nutrition-less-poor-children\/\"><img decoding=\"async\" width=\"1875\" height=\"2500\" src=\"https:\/\/www.f-sos.org\/wp-content\/uploads\/2020\/01\/DSF1316.jpg\" class=\"attachment-post-thumbnail size-post-thumbnail wp-post-image\" alt=\"DSF1316\" srcset=\"https:\/\/www.f-sos.org\/wp-content\/uploads\/2020\/01\/DSF1316.jpg 1875w, https:\/\/www.f-sos.org\/wp-content\/uploads\/2020\/01\/DSF1316-225x300.jpg 225w, https:\/\/www.f-sos.org\/wp-content\/uploads\/2020\/01\/DSF1316-768x1024.jpg 768w, https:\/\/www.f-sos.org\/wp-content\/uploads\/2020\/01\/DSF1316-1152x1536.jpg 1152w, https:\/\/www.f-sos.org\/wp-content\/uploads\/2020\/01\/DSF1316-1536x2048.jpg 1536w\" sizes=\"(max-width: 1875px) 100vw, 1875px\" \/><\/a>\n\t\t            <\/div>\n\t\t            \t\t            <div class=\"causes-content\">\n\t\t                <ul class=\"cause-categories\"><li><a href=\"https:\/\/www.f-sos.org\/pt\/cause_category\/inclusion-accessibility\/\">Inclus\u00e3o &amp; Acessibilidade<\/a><\/li><\/ul>\t\t                <h3><a href=\"https:\/\/www.f-sos.org\/pt\/cause\/donate-for-nutrition-less-poor-children\/\">A Idade Importar<\/a><\/h3>\n\t\t            <\/div>\n\t\t            \t\t        <\/div>\n\t\t    <\/div>\n\t\t    \t\t    <div class=\"col-lg-4 col-md-6 grid-item education\">\n\t\t        <div class=\"single-causes\">\n\t\t        \t\t\t            <div class=\"causes-thumb\">\n\t\t                <a href=\"https:\/\/www.f-sos.org\/pt\/cause\/mental-health-awareness\/\"><img loading=\"lazy\" decoding=\"async\" width=\"1280\" height=\"1600\" src=\"https:\/\/www.f-sos.org\/wp-content\/uploads\/2019\/11\/PHOTO-2025-12-16-17-58-12.jpg\" class=\"attachment-post-thumbnail size-post-thumbnail wp-post-image\" alt=\"PHOTO 2025 12 16 17 58 12\" srcset=\"https:\/\/www.f-sos.org\/wp-content\/uploads\/2019\/11\/PHOTO-2025-12-16-17-58-12.jpg 1280w, https:\/\/www.f-sos.org\/wp-content\/uploads\/2019\/11\/PHOTO-2025-12-16-17-58-12-240x300.jpg 240w, https:\/\/www.f-sos.org\/wp-content\/uploads\/2019\/11\/PHOTO-2025-12-16-17-58-12-819x1024.jpg 819w, https:\/\/www.f-sos.org\/wp-content\/uploads\/2019\/11\/PHOTO-2025-12-16-17-58-12-768x960.jpg 768w, https:\/\/www.f-sos.org\/wp-content\/uploads\/2019\/11\/PHOTO-2025-12-16-17-58-12-1229x1536.jpg 1229w\" sizes=\"(max-width: 1280px) 100vw, 1280px\" \/><\/a>\n\t\t            <\/div>\n\t\t            \t\t            <div class=\"causes-content\">\n\t\t                <ul class=\"cause-categories\"><li><a href=\"https:\/\/www.f-sos.org\/pt\/cause_category\/education\/\">Educa\u00e7\u00e3o &amp; Aprendizagem<\/a><\/li><\/ul>\t\t                <h3><a href=\"https:\/\/www.f-sos.org\/pt\/cause\/mental-health-awareness\/\">Sensibiliza\u00e7\u00e3o para a sa\u00fade mental<\/a><\/h3>\n\t\t            <\/div>\n\t\t            \t\t        <\/div>\n\t\t    <\/div>\n\t\t    \t\t    <div class=\"col-lg-4 col-md-6 grid-item inclusion-accessibility\">\n\t\t        <div class=\"single-causes\">\n\t\t        \t\t\t            <div class=\"causes-thumb\">\n\t\t                <a href=\"https:\/\/www.f-sos.org\/pt\/cause\/dreams-measured-in-meters\/\"><img loading=\"lazy\" decoding=\"async\" width=\"1707\" height=\"2560\" src=\"https:\/\/www.f-sos.org\/wp-content\/uploads\/2026\/01\/10-scaled-1.jpg\" class=\"attachment-post-thumbnail size-post-thumbnail wp-post-image\" alt=\"10 escalonados\" srcset=\"https:\/\/www.f-sos.org\/wp-content\/uploads\/2026\/01\/10-scaled-1.jpg 1707w, https:\/\/www.f-sos.org\/wp-content\/uploads\/2026\/01\/10-scaled-1-200x300.jpg 200w, https:\/\/www.f-sos.org\/wp-content\/uploads\/2026\/01\/10-scaled-1-683x1024.jpg 683w, https:\/\/www.f-sos.org\/wp-content\/uploads\/2026\/01\/10-scaled-1-768x1152.jpg 768w, https:\/\/www.f-sos.org\/wp-content\/uploads\/2026\/01\/10-scaled-1-1024x1536.jpg 1024w, https:\/\/www.f-sos.org\/wp-content\/uploads\/2026\/01\/10-scaled-1-1366x2048.jpg 1366w\" sizes=\"(max-width: 1707px) 100vw, 1707px\" \/><\/a>\n\t\t            <\/div>\n\t\t            \t\t            <div class=\"causes-content\">\n\t\t                <ul class=\"cause-categories\"><li><a href=\"https:\/\/www.f-sos.org\/pt\/cause_category\/inclusion-accessibility\/\">Inclus\u00e3o &amp; Acessibilidade<\/a><\/li><\/ul>\t\t                <h3><a href=\"https:\/\/www.f-sos.org\/pt\/cause\/dreams-measured-in-meters\/\">Sonhos medidos em medidores<\/a><\/h3>\n\t\t            <\/div>\n\t\t            \t\t        <\/div>\n\t\t    <\/div>\n\t\t    \t\t    <div class=\"col-lg-4 col-md-6 grid-item inclusion-accessibility\">\n\t\t        <div class=\"single-causes\">\n\t\t        \t\t\t            <div class=\"causes-thumb\">\n\t\t                <a href=\"https:\/\/www.f-sos.org\/pt\/cause\/a-diferenca-importa\/\"><img loading=\"lazy\" decoding=\"async\" width=\"1200\" height=\"1200\" src=\"https:\/\/www.f-sos.org\/wp-content\/uploads\/2020\/01\/590454633_122179526252451315_3244381427738484168_n.jpg\" class=\"attachment-post-thumbnail size-post-thumbnail wp-post-image\" alt=\"590454633 122179526252451315 3244381427738484168 n\" srcset=\"https:\/\/www.f-sos.org\/wp-content\/uploads\/2020\/01\/590454633_122179526252451315_3244381427738484168_n.jpg 1200w, https:\/\/www.f-sos.org\/wp-content\/uploads\/2020\/01\/590454633_122179526252451315_3244381427738484168_n-300x300.jpg 300w, https:\/\/www.f-sos.org\/wp-content\/uploads\/2020\/01\/590454633_122179526252451315_3244381427738484168_n-1024x1024.jpg 1024w, https:\/\/www.f-sos.org\/wp-content\/uploads\/2020\/01\/590454633_122179526252451315_3244381427738484168_n-150x150.jpg 150w, https:\/\/www.f-sos.org\/wp-content\/uploads\/2020\/01\/590454633_122179526252451315_3244381427738484168_n-768x768.jpg 768w, https:\/\/www.f-sos.org\/wp-content\/uploads\/2020\/01\/590454633_122179526252451315_3244381427738484168_n-80x80.jpg 80w\" sizes=\"(max-width: 1200px) 100vw, 1200px\" \/><\/a>\n\t\t            <\/div>\n\t\t            \t\t            <div class=\"causes-content\">\n\t\t                <ul class=\"cause-categories\"><li><a href=\"https:\/\/www.f-sos.org\/pt\/cause_category\/inclusion-accessibility\/\">Inclus\u00e3o &amp; Acessibilidade<\/a><\/li><\/ul>\t\t                <h3><a href=\"https:\/\/www.f-sos.org\/pt\/cause\/a-diferenca-importa\/\">A Diferen\u00e7a Importa<\/a><\/h3>\n\t\t            <\/div>\n\t\t            \t\t            <div class=\"causes-meta\">\n\t\t                <ul class=\"d-flex justify-content-between\">\n\t\t\t                <li><b>Objetivo<\/b>\u20ac5.000,00<\/li><li><b>Esquerda<\/b><span data-countdown=\"2026\/05\/05\"><\/span><\/li>\t\t                <\/ul>\n\t\t            <\/div>\n\t\t        \t\t\t        <\/div>\n\t\t    <\/div>\n\t\t    \t\t<\/div>\n\n\t\t\t\t\t\t\t\t<\/div>\n\t\t\t\t<\/div>\n\t\t\t\t\t<\/div>\n\t\t<\/div>\n\t\t\t\t\t<\/div>\n\t\t<\/section>\n\t\t\t\t<\/div>","protected":false},"excerpt":{"rendered":"<p>All Categories Animals &amp; Human ResponsibilityEducation &amp; LearningHousing &amp; Social InclusionInclusion &amp; AccessibilityWater Inclusion &amp; Accessibility A Idade Importa Goal\u20ac5600.00 Rised\u20ac1500.00 Left Housing &amp; Social Inclusion Art and Well Being in Ageing Goal$5000.00 Rised$4200.00 Left Education &amp; Learning Mental Health Awareness Animals &amp; Human Responsibility Animal Welfare &#038; Awareness Inclusion &amp; Accessibility A Difren\u00e7a Importa [&hellip;]<\/p>","protected":false},"author":1,"featured_media":0,"parent":0,"menu_order":0,"comment_status":"closed","ping_status":"closed","template":"page-template\/blank-page-sidebar.php","meta":{"_acf_changed":false,"give_campaign_id":0,"footnotes":""},"class_list":["post-933","page","type-page","status-publish","hentry"],"acf":[],"yoast_head":"<!-- This site is optimized with the Yoast SEO plugin v27.4 - https:\/\/yoast.com\/product\/yoast-seo-wordpress\/ -->\n<title>AREAS OF ACTION - F\/SOS ASSOCIA\u00c7\u00c3O<\/title>\n<meta name=\"robots\" content=\"index, follow, max-snippet:-1, max-image-preview:large, max-video-preview:-1\" \/>\n<link rel=\"canonical\" href=\"https:\/\/www.f-sos.org\/pt\/causes\/\" \/>\n<meta property=\"og:locale\" content=\"pt_PT\" \/>\n<meta property=\"og:type\" content=\"article\" \/>\n<meta property=\"og:title\" content=\"AREAS OF ACTION - F\/SOS ASSOCIA\u00c7\u00c3O\" \/>\n<meta property=\"og:description\" content=\"All Categories Animals &amp; Human ResponsibilityEducation &amp; LearningHousing &amp; Social InclusionInclusion &amp; AccessibilityWater Inclusion &amp; Accessibility A Idade Importa Goal\u20ac5600.00 Rised\u20ac1500.00 Left Housing &amp; Social Inclusion Art and Well Being in Ageing Goal$5000.00 Rised$4200.00 Left Education &amp; Learning Mental Health Awareness Animals &amp; Human Responsibility Animal Welfare &#038; Awareness Inclusion &amp; Accessibility A Difren\u00e7a Importa [&hellip;]\" \/>\n<meta property=\"og:url\" content=\"https:\/\/www.f-sos.org\/pt\/causes\/\" \/>\n<meta property=\"og:site_name\" content=\"F\/SOS ASSOCIA\u00c7\u00c3O\" \/>\n<meta property=\"article:publisher\" content=\"https:\/\/www.facebook.com\/profile.php?id=61587009245386\" \/>\n<meta property=\"article:modified_time\" content=\"2026-01-25T17:23:06+00:00\" \/>\n<meta property=\"og:image\" content=\"https:\/\/www.f-sos.org\/wp-content\/uploads\/2020\/01\/DSF1316.jpg\" \/>\n<meta name=\"twitter:card\" content=\"summary_large_image\" \/>\n<script type=\"application\/ld+json\" class=\"yoast-schema-graph\">{\"@context\":\"https:\\\/\\\/schema.org\",\"@graph\":[{\"@type\":\"WebPage\",\"@id\":\"https:\\\/\\\/www.f-sos.org\\\/causes\\\/\",\"url\":\"https:\\\/\\\/www.f-sos.org\\\/causes\\\/\",\"name\":\"AREAS OF ACTION - F\\\/SOS ASSOCIA\u00c7\u00c3O\",\"isPartOf\":{\"@id\":\"https:\\\/\\\/www.f-sos.org\\\/#website\"},\"primaryImageOfPage\":{\"@id\":\"https:\\\/\\\/www.f-sos.org\\\/causes\\\/#primaryimage\"},\"image\":{\"@id\":\"https:\\\/\\\/www.f-sos.org\\\/causes\\\/#primaryimage\"},\"thumbnailUrl\":\"https:\\\/\\\/www.f-sos.org\\\/wp-content\\\/uploads\\\/2020\\\/01\\\/DSF1316.jpg\",\"datePublished\":\"2019-12-09T06:42:31+00:00\",\"dateModified\":\"2026-01-25T17:23:06+00:00\",\"breadcrumb\":{\"@id\":\"https:\\\/\\\/www.f-sos.org\\\/causes\\\/#breadcrumb\"},\"inLanguage\":\"pt-PT\",\"potentialAction\":[{\"@type\":\"ReadAction\",\"target\":[\"https:\\\/\\\/www.f-sos.org\\\/causes\\\/\"]}]},{\"@type\":\"ImageObject\",\"inLanguage\":\"pt-PT\",\"@id\":\"https:\\\/\\\/www.f-sos.org\\\/causes\\\/#primaryimage\",\"url\":\"https:\\\/\\\/www.f-sos.org\\\/wp-content\\\/uploads\\\/2020\\\/01\\\/DSF1316.jpg\",\"contentUrl\":\"https:\\\/\\\/www.f-sos.org\\\/wp-content\\\/uploads\\\/2020\\\/01\\\/DSF1316.jpg\"},{\"@type\":\"BreadcrumbList\",\"@id\":\"https:\\\/\\\/www.f-sos.org\\\/causes\\\/#breadcrumb\",\"itemListElement\":[{\"@type\":\"ListItem\",\"position\":1,\"name\":\"Home\",\"item\":\"https:\\\/\\\/www.f-sos.org\\\/\"},{\"@type\":\"ListItem\",\"position\":2,\"name\":\"AREAS OF ACTION\"}]},{\"@type\":\"WebSite\",\"@id\":\"https:\\\/\\\/www.f-sos.org\\\/#website\",\"url\":\"https:\\\/\\\/www.f-sos.org\\\/\",\"name\":\"Associa\u00e7\u00e3o F\\\/SOS \u2013 Fotografia, Solidariedade e Obras Sociais\",\"description\":\"ASSOCIA\u00c7\u00c3O F\\\/SOS \u2014 FOTOGRAFIA, SOLIDARIEDADE E OBRAS SOCIAIS\",\"publisher\":{\"@id\":\"https:\\\/\\\/www.f-sos.org\\\/#organization\"},\"potentialAction\":[{\"@type\":\"SearchAction\",\"target\":{\"@type\":\"EntryPoint\",\"urlTemplate\":\"https:\\\/\\\/www.f-sos.org\\\/?s={search_term_string}\"},\"query-input\":{\"@type\":\"PropertyValueSpecification\",\"valueRequired\":true,\"valueName\":\"search_term_string\"}}],\"inLanguage\":\"pt-PT\"},{\"@type\":\"Organization\",\"@id\":\"https:\\\/\\\/www.f-sos.org\\\/#organization\",\"name\":\"Associa\u00e7\u00e3o F\\\/SOS \u2013 Fotografia, Solidariedade e Obras Sociais\",\"url\":\"https:\\\/\\\/www.f-sos.org\\\/\",\"logo\":{\"@type\":\"ImageObject\",\"inLanguage\":\"pt-PT\",\"@id\":\"https:\\\/\\\/www.f-sos.org\\\/#\\\/schema\\\/logo\\\/image\\\/\",\"url\":\"https:\\\/\\\/www.f-sos.org\\\/wp-content\\\/uploads\\\/2026\\\/01\\\/associacao-teal-scaled.png\",\"contentUrl\":\"https:\\\/\\\/www.f-sos.org\\\/wp-content\\\/uploads\\\/2026\\\/01\\\/associacao-teal-scaled.png\",\"width\":2560,\"height\":566,\"caption\":\"Associa\u00e7\u00e3o F\\\/SOS \u2013 Fotografia, Solidariedade e Obras Sociais\"},\"image\":{\"@id\":\"https:\\\/\\\/www.f-sos.org\\\/#\\\/schema\\\/logo\\\/image\\\/\"},\"sameAs\":[\"https:\\\/\\\/www.facebook.com\\\/profile.php?id=61587009245386\",\"https:\\\/\\\/www.linkedin.com\\\/company\\\/associacao-f-sos-fotografia-solidariedade-e-obras-sociais\\\/\"]}]}<\/script>\n<!-- \/ Yoast SEO plugin. -->","yoast_head_json":{"title":"AREAS OF ACTION - F\/SOS ASSOCIA\u00c7\u00c3O","robots":{"index":"index","follow":"follow","max-snippet":"max-snippet:-1","max-image-preview":"max-image-preview:large","max-video-preview":"max-video-preview:-1"},"canonical":"https:\/\/www.f-sos.org\/pt\/causes\/","og_locale":"pt_PT","og_type":"article","og_title":"AREAS OF ACTION - F\/SOS ASSOCIA\u00c7\u00c3O","og_description":"All Categories Animals &amp; Human ResponsibilityEducation &amp; LearningHousing &amp; Social InclusionInclusion &amp; AccessibilityWater Inclusion &amp; Accessibility A Idade Importa Goal\u20ac5600.00 Rised\u20ac1500.00 Left Housing &amp; Social Inclusion Art and Well Being in Ageing Goal$5000.00 Rised$4200.00 Left Education &amp; Learning Mental Health Awareness Animals &amp; Human Responsibility Animal Welfare &#038; Awareness Inclusion &amp; Accessibility A Difren\u00e7a Importa [&hellip;]","og_url":"https:\/\/www.f-sos.org\/pt\/causes\/","og_site_name":"F\/SOS ASSOCIA\u00c7\u00c3O","article_publisher":"https:\/\/www.facebook.com\/profile.php?id=61587009245386","article_modified_time":"2026-01-25T17:23:06+00:00","og_image":[{"url":"https:\/\/www.f-sos.org\/wp-content\/uploads\/2020\/01\/DSF1316.jpg","type":"","width":"","height":""}],"twitter_card":"summary_large_image","schema":{"@context":"https:\/\/schema.org","@graph":[{"@type":"WebPage","@id":"https:\/\/www.f-sos.org\/causes\/","url":"https:\/\/www.f-sos.org\/causes\/","name":"AREAS OF ACTION - F\/SOS ASSOCIA\u00c7\u00c3O","isPartOf":{"@id":"https:\/\/www.f-sos.org\/#website"},"primaryImageOfPage":{"@id":"https:\/\/www.f-sos.org\/causes\/#primaryimage"},"image":{"@id":"https:\/\/www.f-sos.org\/causes\/#primaryimage"},"thumbnailUrl":"https:\/\/www.f-sos.org\/wp-content\/uploads\/2020\/01\/DSF1316.jpg","datePublished":"2019-12-09T06:42:31+00:00","dateModified":"2026-01-25T17:23:06+00:00","breadcrumb":{"@id":"https:\/\/www.f-sos.org\/causes\/#breadcrumb"},"inLanguage":"pt-PT","potentialAction":[{"@type":"ReadAction","target":["https:\/\/www.f-sos.org\/causes\/"]}]},{"@type":"ImageObject","inLanguage":"pt-PT","@id":"https:\/\/www.f-sos.org\/causes\/#primaryimage","url":"https:\/\/www.f-sos.org\/wp-content\/uploads\/2020\/01\/DSF1316.jpg","contentUrl":"https:\/\/www.f-sos.org\/wp-content\/uploads\/2020\/01\/DSF1316.jpg"},{"@type":"BreadcrumbList","@id":"https:\/\/www.f-sos.org\/causes\/#breadcrumb","itemListElement":[{"@type":"ListItem","position":1,"name":"Home","item":"https:\/\/www.f-sos.org\/"},{"@type":"ListItem","position":2,"name":"AREAS OF ACTION"}]},{"@type":"WebSite","@id":"https:\/\/www.f-sos.org\/#website","url":"https:\/\/www.f-sos.org\/","name":"Associa\u00e7\u00e3o F\/SOS \u2013 Fotografia, Solidariedade e Obras Sociais","description":"ASSOCIA\u00c7\u00c3O F\/SOS \u2014 FOTOGRAFIA, SOLIDARIEDADE E OBRAS SOCIAIS","publisher":{"@id":"https:\/\/www.f-sos.org\/#organization"},"potentialAction":[{"@type":"SearchAction","target":{"@type":"EntryPoint","urlTemplate":"https:\/\/www.f-sos.org\/?s={search_term_string}"},"query-input":{"@type":"PropertyValueSpecification","valueRequired":true,"valueName":"search_term_string"}}],"inLanguage":"pt-PT"},{"@type":"Organization","@id":"https:\/\/www.f-sos.org\/#organization","name":"Associa\u00e7\u00e3o F\/SOS \u2013 Fotografia, Solidariedade e Obras Sociais","url":"https:\/\/www.f-sos.org\/","logo":{"@type":"ImageObject","inLanguage":"pt-PT","@id":"https:\/\/www.f-sos.org\/#\/schema\/logo\/image\/","url":"https:\/\/www.f-sos.org\/wp-content\/uploads\/2026\/01\/associacao-teal-scaled.png","contentUrl":"https:\/\/www.f-sos.org\/wp-content\/uploads\/2026\/01\/associacao-teal-scaled.png","width":2560,"height":566,"caption":"Associa\u00e7\u00e3o F\/SOS \u2013 Fotografia, Solidariedade e Obras Sociais"},"image":{"@id":"https:\/\/www.f-sos.org\/#\/schema\/logo\/image\/"},"sameAs":["https:\/\/www.facebook.com\/profile.php?id=61587009245386","https:\/\/www.linkedin.com\/company\/associacao-f-sos-fotografia-solidariedade-e-obras-sociais\/"]}]}},"campaignId":"","_links":{"self":[{"href":"https:\/\/www.f-sos.org\/pt\/wp-json\/wp\/v2\/pages\/933","targetHints":{"allow":["GET"]}}],"collection":[{"href":"https:\/\/www.f-sos.org\/pt\/wp-json\/wp\/v2\/pages"}],"about":[{"href":"https:\/\/www.f-sos.org\/pt\/wp-json\/wp\/v2\/types\/page"}],"author":[{"embeddable":true,"href":"https:\/\/www.f-sos.org\/pt\/wp-json\/wp\/v2\/users\/1"}],"replies":[{"embeddable":true,"href":"https:\/\/www.f-sos.org\/pt\/wp-json\/wp\/v2\/comments?post=933"}],"version-history":[{"count":0,"href":"https:\/\/www.f-sos.org\/pt\/wp-json\/wp\/v2\/pages\/933\/revisions"}],"wp:attachment":[{"href":"https:\/\/www.f-sos.org\/pt\/wp-json\/wp\/v2\/media?parent=933"}],"curies":[{"name":"wp","href":"https:\/\/api.w.org\/{rel}","templated":true}]}}