{"id":3429,"date":"2026-04-04T23:58:01","date_gmt":"2026-04-04T22:58:01","guid":{"rendered":"https:\/\/www.f-sos.org\/?page_id=3429"},"modified":"2026-04-14T23:52:42","modified_gmt":"2026-04-14T22:52:42","slug":"fsos-photo-book-swap-library","status":"publish","type":"page","link":"https:\/\/www.f-sos.org\/pt\/fsos-photo-book-swap-library\/","title":{"rendered":"Biblioteca do Clube de Fotografia F\/SOS"},"content":{"rendered":"<div data-elementor-type=\"wp-page\" data-elementor-id=\"3429\" class=\"elementor elementor-3429\">\n\t\t\t\t<div class=\"elementor-element elementor-element-fb6706a e-flex e-con-boxed e-con e-parent\" data-id=\"fb6706a\" data-element_type=\"container\" data-e-type=\"container\">\n\t\t\t\t\t<div class=\"e-con-inner\">\n\t\t\t\t<div class=\"elementor-element elementor-element-08f644e elementor-widget elementor-widget-heading\" data-id=\"08f644e\" data-element_type=\"widget\" data-e-type=\"widget\" data-widget_type=\"heading.default\">\n\t\t\t\t\t<h3 class=\"elementor-heading-title elementor-size-default\">Biblioteca do Clube de Livros Fotogr\u00e1ficos FSOS<\/h3>\t\t\t\t<\/div>\n\t\t\t\t<div class=\"elementor-element elementor-element-58086eb elementor-widget elementor-widget-text-editor\" data-id=\"58086eb\" data-element_type=\"widget\" data-e-type=\"widget\" data-widget_type=\"text-editor.default\">\n\t\t\t\t\t\t\t\t\t<p>Um sistema circular para a constru\u00e7\u00e3o de uma biblioteca de fotografia viva<\/p>\t\t\t\t\t\t\t\t<\/div>\n\t\t\t\t<div class=\"elementor-element elementor-element-6da17c7 elementor-widget elementor-widget-image\" data-id=\"6da17c7\" data-element_type=\"widget\" data-e-type=\"widget\" data-widget_type=\"image.default\">\n\t\t\t\t\t\t\t\t\t\t\t\t\t\t\t<img fetchpriority=\"high\" decoding=\"async\" width=\"850\" height=\"440\" src=\"https:\/\/www.f-sos.org\/wp-content\/uploads\/2026\/04\/photo-books-inspire.jpg\" class=\"attachment-large size-large wp-image-3441\" alt=\"livros de fotografia inspiram\" srcset=\"https:\/\/www.f-sos.org\/wp-content\/uploads\/2026\/04\/photo-books-inspire.jpg 850w, https:\/\/www.f-sos.org\/wp-content\/uploads\/2026\/04\/photo-books-inspire-300x155.jpg 300w, https:\/\/www.f-sos.org\/wp-content\/uploads\/2026\/04\/photo-books-inspire-768x398.jpg 768w, https:\/\/www.f-sos.org\/wp-content\/uploads\/2026\/04\/photo-books-inspire-18x9.jpg 18w\" sizes=\"(max-width: 850px) 100vw, 850px\" \/>\t\t\t\t\t\t\t\t\t\t\t\t\t\t\t<\/div>\n\t\t\t\t\t<\/div>\n\t\t\t\t<\/div>\n\t\t<div class=\"elementor-element elementor-element-0a87fb2 e-flex e-con-boxed e-con e-parent\" data-id=\"0a87fb2\" data-element_type=\"container\" data-e-type=\"container\">\n\t\t\t\t\t<div class=\"e-con-inner\">\n\t\t<div class=\"elementor-element elementor-element-9e1b360 e-con-full e-flex e-con e-child\" data-id=\"9e1b360\" data-element_type=\"container\" data-e-type=\"container\">\n\t\t\t\t<div class=\"elementor-element elementor-element-4610aef elementor-widget elementor-widget-text-editor\" data-id=\"4610aef\" data-element_type=\"widget\" data-e-type=\"widget\" data-widget_type=\"text-editor.default\">\n\t\t\t\t\t\t\t\t\t<p data-start=\"2514\" data-end=\"2627\">Na FSOS, acreditamos que a recolha n\u00e3o tem a ver apenas com a propriedade, mas sim com a circula\u00e7\u00e3o, o acesso e o conhecimento partilhado.<\/p><p data-start=\"2629\" data-end=\"2717\">H\u00e1 uma ideia simples que orienta esta iniciativa:<br data-start=\"2680\" data-end=\"2683\" \/><em data-start=\"2683\" data-end=\"2717\">Mil livros fazem uma biblioteca.<\/em><\/p><p data-start=\"2719\" data-end=\"2887\">Atrav\u00e9s da Biblioteca do F\/SOS Photo Book Club, estamos a construir uma cole\u00e7\u00e3o crescente e acess\u00edvel moldada pela comunidade, ativada atrav\u00e9s de momentos de troca durante o F\/262.<\/p>\t\t\t\t\t\t\t\t<\/div>\n\t\t\t\t<\/div>\n\t\t<div class=\"elementor-element elementor-element-695799a e-con-full e-flex e-con e-child\" data-id=\"695799a\" data-element_type=\"container\" data-e-type=\"container\">\n\t\t\t\t<div class=\"elementor-element elementor-element-ee8c57c elementor-widget elementor-widget-image\" data-id=\"ee8c57c\" data-element_type=\"widget\" data-e-type=\"widget\" data-widget_type=\"image.default\">\n\t\t\t\t\t\t\t\t\t\t\t\t\t\t\t<img decoding=\"async\" width=\"1024\" height=\"683\" src=\"https:\/\/www.f-sos.org\/wp-content\/uploads\/2026\/04\/photography-books-free-1024x683.webp\" class=\"attachment-large size-large wp-image-3436\" alt=\"livros de fotografia gratuitos\" srcset=\"https:\/\/www.f-sos.org\/wp-content\/uploads\/2026\/04\/photography-books-free-1024x683.webp 1024w, https:\/\/www.f-sos.org\/wp-content\/uploads\/2026\/04\/photography-books-free-300x200.webp 300w, https:\/\/www.f-sos.org\/wp-content\/uploads\/2026\/04\/photography-books-free-768x512.webp 768w, https:\/\/www.f-sos.org\/wp-content\/uploads\/2026\/04\/photography-books-free-18x12.webp 18w, https:\/\/www.f-sos.org\/wp-content\/uploads\/2026\/04\/photography-books-free.webp 1500w\" sizes=\"(max-width: 1024px) 100vw, 1024px\" \/>\t\t\t\t\t\t\t\t\t\t\t\t\t\t\t<\/div>\n\t\t\t\t<\/div>\n\t\t\t\t\t<\/div>\n\t\t\t\t<\/div>\n\t\t<div class=\"elementor-element elementor-element-6698efb e-flex e-con-boxed e-con e-parent\" data-id=\"6698efb\" data-element_type=\"container\" data-e-type=\"container\">\n\t\t\t\t\t<div class=\"e-con-inner\">\n\t\t<div class=\"elementor-element elementor-element-47083f6 e-con-full e-flex e-con e-child\" data-id=\"47083f6\" data-element_type=\"container\" data-e-type=\"container\">\n\t\t\t\t<div class=\"elementor-element elementor-element-d399e00 elementor-widget elementor-widget-heading\" data-id=\"d399e00\" data-element_type=\"widget\" data-e-type=\"widget\" data-widget_type=\"heading.default\">\n\t\t\t\t\t<h2 class=\"elementor-heading-title elementor-size-default\">Um ecossistema circular<\/h2>\t\t\t\t<\/div>\n\t\t\t\t<div class=\"elementor-element elementor-element-3a9b703 elementor-widget elementor-widget-text-editor\" data-id=\"3a9b703\" data-element_type=\"widget\" data-e-type=\"widget\" data-widget_type=\"text-editor.default\">\n\t\t\t\t\t\t\t\t\t<p data-start=\"2915\" data-end=\"2954\">Esta iniciativa associa tr\u00eas a\u00e7\u00f5es:<\/p><ol data-start=\"2956\" data-end=\"3399\"><li data-section-id=\"1tmlazp\" data-start=\"2956\" data-end=\"3100\"><strong data-start=\"2959\" data-end=\"2996\">Biblioteca do Clube de Fotografia F\/SOS (Ativa\u00e7\u00e3o F\/262)<\/strong><br data-start=\"2996\" data-end=\"2999\" \/>Os participantes trazem livros para trocar diretamente, criando uma circula\u00e7\u00e3o n\u00e3o monet\u00e1ria de ideias e trabalhos.<\/li><li data-section-id=\"q3ytgr\" data-start=\"3102\" data-end=\"3255\"><strong data-start=\"3105\" data-end=\"3144\">Impress\u00f5es para Livros (Interc\u00e2mbio em curso)<\/strong><br data-start=\"3144\" data-end=\"3147\" \/>A F\/SOS troca impress\u00f5es fotogr\u00e1ficas por \u00e1lbuns fotogr\u00e1ficos, criando um sistema de contribui\u00e7\u00e3o rec\u00edproco e significativo.<\/li><li data-section-id=\"c3mkfx\" data-start=\"3257\" data-end=\"3399\"><strong data-start=\"3260\" data-end=\"3303\">A Biblioteca F\/SOS (Cole\u00e7\u00e3o de Longo Prazo)<\/strong><br data-start=\"3303\" data-end=\"3306\" \/>Os livros tornam-se parte de um arquivo crescente que reflete a fotografia contempor\u00e2nea e sua comunidade.<\/li><\/ol>\t\t\t\t\t\t\t\t<\/div>\n\t\t\t\t<\/div>\n\t\t<div class=\"elementor-element elementor-element-838ce2b e-con-full e-flex e-con e-child\" data-id=\"838ce2b\" data-element_type=\"container\" data-e-type=\"container\">\n\t\t\t\t<div class=\"elementor-element elementor-element-209d7aa elementor-widget elementor-widget-spacer\" data-id=\"209d7aa\" data-element_type=\"widget\" data-e-type=\"widget\" data-widget_type=\"spacer.default\">\n\t\t\t\t\t\t\t<div class=\"elementor-spacer\">\n\t\t\t<div class=\"elementor-spacer-inner\"><\/div>\n\t\t<\/div>\n\t\t\t\t\t\t<\/div>\n\t\t\t\t<div class=\"elementor-element elementor-element-7ba2bfd elementor-widget elementor-widget-image\" data-id=\"7ba2bfd\" data-element_type=\"widget\" data-e-type=\"widget\" data-widget_type=\"image.default\">\n\t\t\t\t\t\t\t\t\t\t\t\t\t\t\t<img decoding=\"async\" width=\"691\" height=\"977\" src=\"https:\/\/www.f-sos.org\/wp-content\/uploads\/2026\/04\/istockphoto-1318198538-1024x1024-1.jpg\" class=\"attachment-large size-large wp-image-3446\" alt=\"istockphoto 1318198538 1024x1024\" srcset=\"https:\/\/www.f-sos.org\/wp-content\/uploads\/2026\/04\/istockphoto-1318198538-1024x1024-1.jpg 691w, https:\/\/www.f-sos.org\/wp-content\/uploads\/2026\/04\/istockphoto-1318198538-1024x1024-1-212x300.jpg 212w, https:\/\/www.f-sos.org\/wp-content\/uploads\/2026\/04\/istockphoto-1318198538-1024x1024-1-8x12.jpg 8w\" sizes=\"(max-width: 691px) 100vw, 691px\" \/>\t\t\t\t\t\t\t\t\t\t\t\t\t\t\t<\/div>\n\t\t\t\t<\/div>\n\t\t\t\t\t<\/div>\n\t\t\t\t<\/div>\n\t\t<div class=\"elementor-element elementor-element-424bd77 e-flex e-con-boxed e-con e-parent\" data-id=\"424bd77\" data-element_type=\"container\" data-e-type=\"container\">\n\t\t\t\t\t<div class=\"e-con-inner\">\n\t\t<div class=\"elementor-element elementor-element-e030bfe e-con-full e-flex e-con e-child\" data-id=\"e030bfe\" data-element_type=\"container\" data-e-type=\"container\">\n\t\t\t\t<div class=\"elementor-element elementor-element-681ac8e elementor-widget elementor-widget-heading\" data-id=\"681ac8e\" data-element_type=\"widget\" data-e-type=\"widget\" data-widget_type=\"heading.default\">\n\t\t\t\t\t<h2 class=\"elementor-heading-title elementor-size-default\">Como funciona<\/h2>\t\t\t\t<\/div>\n\t\t\t\t<div class=\"elementor-element elementor-element-9373111 elementor-widget elementor-widget-text-editor\" data-id=\"9373111\" data-element_type=\"widget\" data-e-type=\"widget\" data-widget_type=\"text-editor.default\">\n\t\t\t\t\t\t\t\t\t<ul><li data-section-id=\"hizdde\" data-start=\"3418\" data-end=\"3447\">Traga um livro de fotografias para trocar<\/li><li data-section-id=\"10gbvu1\" data-start=\"3448\" data-end=\"3486\">Interc\u00e2mbio com participantes ou FSOS<\/li><li data-section-id=\"1ypuys2\" data-start=\"3487\" data-end=\"3532\">Contribuir atrav\u00e9s de doa\u00e7\u00e3o ou troca de impress\u00f5es<\/li><li data-section-id=\"14lwbx4\" data-start=\"3533\" data-end=\"3568\">Explorar a cole\u00e7\u00e3o em evolu\u00e7\u00e3o<\/li><\/ul>\t\t\t\t\t\t\t\t<\/div>\n\t\t\t\t<\/div>\n\t\t<div class=\"elementor-element elementor-element-84a6a1b e-con-full e-flex e-con e-child\" data-id=\"84a6a1b\" data-element_type=\"container\" data-e-type=\"container\">\n\t\t\t\t<div class=\"elementor-element elementor-element-9ea8eef elementor-widget elementor-widget-image\" data-id=\"9ea8eef\" data-element_type=\"widget\" data-e-type=\"widget\" data-widget_type=\"image.default\">\n\t\t\t\t\t\t\t\t\t\t\t\t\t\t\t<img loading=\"lazy\" decoding=\"async\" width=\"275\" height=\"183\" src=\"https:\/\/www.f-sos.org\/wp-content\/uploads\/2026\/04\/images.jpg\" class=\"attachment-large size-large wp-image-3439\" alt=\"imagens\" srcset=\"https:\/\/www.f-sos.org\/wp-content\/uploads\/2026\/04\/images.jpg 275w, https:\/\/www.f-sos.org\/wp-content\/uploads\/2026\/04\/images-18x12.jpg 18w\" sizes=\"(max-width: 275px) 100vw, 275px\" \/>\t\t\t\t\t\t\t\t\t\t\t\t\t\t\t<\/div>\n\t\t\t\t<\/div>\n\t\t\t\t\t<\/div>\n\t\t\t\t<\/div>\n\t\t<div class=\"elementor-element elementor-element-ff245ae e-flex e-con-boxed e-con e-parent\" data-id=\"ff245ae\" data-element_type=\"container\" data-e-type=\"container\">\n\t\t\t\t\t<div class=\"e-con-inner\">\n\t\t\t\t<div class=\"elementor-element elementor-element-bbd7950 elementor-widget-divider--view-line elementor-widget elementor-widget-divider\" data-id=\"bbd7950\" data-element_type=\"widget\" data-e-type=\"widget\" data-widget_type=\"divider.default\">\n\t\t\t\t\t\t\t<div class=\"elementor-divider\">\n\t\t\t<span class=\"elementor-divider-separator\">\n\t\t\t\t\t\t<\/span>\n\t\t<\/div>\n\t\t\t\t\t\t<\/div>\n\t\t\t\t<div class=\"elementor-element elementor-element-4ac617d elementor-widget elementor-widget-heading\" data-id=\"4ac617d\" data-element_type=\"widget\" data-e-type=\"widget\" data-widget_type=\"heading.default\">\n\t\t\t\t\t<h2 class=\"elementor-heading-title elementor-size-default\">Por que \u00e9 importante<\/h2>\t\t\t\t<\/div>\n\t\t\t\t<div class=\"elementor-element elementor-element-6638829 elementor-widget elementor-widget-text-editor\" data-id=\"6638829\" data-element_type=\"widget\" data-e-type=\"widget\" data-widget_type=\"text-editor.default\">\n\t\t\t\t\t\t\t\t\t<p data-start=\"3570\" data-end=\"3588\">\u00a0<\/p><ul data-start=\"3589\" data-end=\"3770\"><li data-section-id=\"qmbtvl\" data-start=\"3589\" data-end=\"3624\">Prolonga o ciclo de vida dos livros<\/li><li data-section-id=\"12dnh6p\" data-start=\"3625\" data-end=\"3661\">Encoraja a reutiliza\u00e7\u00e3o em detrimento da produ\u00e7\u00e3o<\/li><li data-section-id=\"2d6jul\" data-start=\"3662\" data-end=\"3695\">Suporta criadores independentes<\/li><li data-section-id=\"rf2t0r\" data-start=\"3696\" data-end=\"3733\">Constr\u00f3i um recurso cultural partilhado<\/li><li data-section-id=\"13cmv6s\" data-start=\"3734\" data-end=\"3770\">Promove o consumo respons\u00e1vel<\/li><\/ul><p data-start=\"3772\" data-end=\"4184\">Iniciativas de troca de livros como esta fazem parte de um movimento global crescente que reduz o desperd\u00edcio, ao mesmo tempo em que aumenta o acesso e o envolvimento da comunidade.<a class=\"decorated-link\" href=\"https:\/\/www.researchgate.net\/publication\/301442655_Book_swapping_and_book_exchange_libraries_Aspects_of_the_phenomenon_and_the_case_of_Greece\" target=\"_new\" rel=\"noopener\" data-start=\"3915\" data-end=\"4061\">1<\/a>][<a class=\"decorated-link\" href=\"https:\/\/www.lancaster.ac.uk\/library\/news\/swap-share-and-support-sustainability-with-the-librarys-new-book-exchange\" target=\"_new\" rel=\"noopener\" data-start=\"4063\" data-end=\"4182\">2<\/a>].<\/p><p data-start=\"4186\" data-end=\"4257\">Cada livro transporta n\u00e3o s\u00f3 o seu conte\u00fado, mas tamb\u00e9m o rastro das suas trocas.<\/p><p data-start=\"4259\" data-end=\"4286\"><strong data-start=\"4259\" data-end=\"4286\">Uma biblioteca a fazer<\/strong><\/p><p data-start=\"4288\" data-end=\"4346\"><strong>Biblioteca do Clube de Fotografia F\/SOS<\/strong> \u00c9 constru\u00eddo atrav\u00e9s de rela\u00e7\u00f5es.<\/p><p data-start=\"4348\" data-end=\"4445\">Os livros chegam atrav\u00e9s de trocas.<br data-start=\"4375\" data-end=\"4378\" \/>Atrav\u00e9s de contribui\u00e7\u00f5es.<br data-start=\"4400\" data-end=\"4403\" \/>Atrav\u00e9s de impress\u00f5es trocadas por publica\u00e7\u00f5es.<\/p><p data-start=\"4447\" data-end=\"4510\">Com o tempo, torna-se um arquivo vivo moldado por sua comunidade.<\/p><p data-start=\"4512\" data-end=\"4558\">O FSOS constr\u00f3i a biblioteca.<br data-start=\"4536\" data-end=\"4539\" \/>O F\/262 ativa-o.<\/p><p data-start=\"4560\" data-end=\"4574\">Faz parte disto.<\/p>\t\t\t\t\t\t\t\t<\/div>\n\t\t\t\t<div class=\"elementor-element elementor-element-eaef022 elementor-widget elementor-widget-image\" data-id=\"eaef022\" data-element_type=\"widget\" data-e-type=\"widget\" data-widget_type=\"image.default\">\n\t\t\t\t\t\t\t\t\t\t\t\t\t\t\t<img loading=\"lazy\" decoding=\"async\" width=\"1024\" height=\"768\" src=\"https:\/\/www.f-sos.org\/wp-content\/uploads\/2026\/04\/books_orig-1024x768.jpg\" class=\"attachment-large size-large wp-image-3440\" alt=\"livros orig\" srcset=\"https:\/\/www.f-sos.org\/wp-content\/uploads\/2026\/04\/books_orig-1024x768.jpg 1024w, https:\/\/www.f-sos.org\/wp-content\/uploads\/2026\/04\/books_orig-300x225.jpg 300w, https:\/\/www.f-sos.org\/wp-content\/uploads\/2026\/04\/books_orig-768x576.jpg 768w, https:\/\/www.f-sos.org\/wp-content\/uploads\/2026\/04\/books_orig-16x12.jpg 16w, https:\/\/www.f-sos.org\/wp-content\/uploads\/2026\/04\/books_orig.jpg 1067w\" sizes=\"(max-width: 1024px) 100vw, 1024px\" \/>\t\t\t\t\t\t\t\t\t\t\t\t\t\t\t<\/div>\n\t\t\t\t\t<\/div>\n\t\t\t\t<\/div>\n\t\t\t\t<\/div>","protected":false},"excerpt":{"rendered":"<p>FSOS Photo Book Club Library A circular system for building a living photography library At FSOS, we believe collecting is not about ownership alone, but about circulation, access, and shared knowledge. There is a simple idea that guides this initiative:A thousand books make a library. Through the F\/SOS Photo Book Club Library, we are building [&hellip;]<\/p>","protected":false},"author":2,"featured_media":0,"parent":0,"menu_order":0,"comment_status":"closed","ping_status":"closed","template":"","meta":{"_acf_changed":false,"give_campaign_id":0,"footnotes":""},"class_list":["post-3429","page","type-page","status-publish","hentry"],"acf":[],"yoast_head":"<!-- This site is optimized with the Yoast SEO plugin v27.4 - https:\/\/yoast.com\/product\/yoast-seo-wordpress\/ -->\n<title>F\/SOS Photo Book Club Library - F\/SOS ASSOCIA\u00c7\u00c3O<\/title>\n<meta name=\"robots\" content=\"index, follow, max-snippet:-1, max-image-preview:large, max-video-preview:-1\" \/>\n<link rel=\"canonical\" href=\"https:\/\/www.f-sos.org\/pt\/fsos-photo-book-swap-library\/\" \/>\n<meta property=\"og:locale\" content=\"pt_PT\" \/>\n<meta property=\"og:type\" content=\"article\" \/>\n<meta property=\"og:title\" content=\"F\/SOS Photo Book Club Library - F\/SOS ASSOCIA\u00c7\u00c3O\" \/>\n<meta property=\"og:description\" content=\"FSOS Photo Book Club Library A circular system for building a living photography library At FSOS, we believe collecting is not about ownership alone, but about circulation, access, and shared knowledge. There is a simple idea that guides this initiative:A thousand books make a library. Through the F\/SOS Photo Book Club Library, we are building [&hellip;]\" \/>\n<meta property=\"og:url\" content=\"https:\/\/www.f-sos.org\/pt\/fsos-photo-book-swap-library\/\" \/>\n<meta property=\"og:site_name\" content=\"F\/SOS ASSOCIA\u00c7\u00c3O\" \/>\n<meta property=\"article:publisher\" content=\"https:\/\/www.facebook.com\/profile.php?id=61587009245386\" \/>\n<meta property=\"article:modified_time\" content=\"2026-04-14T22:52:42+00:00\" \/>\n<meta property=\"og:image\" content=\"https:\/\/www.f-sos.org\/wp-content\/uploads\/2026\/04\/photo-books-inspire.jpg\" \/>\n<meta name=\"twitter:card\" content=\"summary_large_image\" \/>\n<meta name=\"twitter:label1\" content=\"Tempo estimado de leitura\" \/>\n\t<meta name=\"twitter:data1\" content=\"3 minutes\" \/>\n<script type=\"application\/ld+json\" class=\"yoast-schema-graph\">{\"@context\":\"https:\\\/\\\/schema.org\",\"@graph\":[{\"@type\":\"WebPage\",\"@id\":\"https:\\\/\\\/www.f-sos.org\\\/fsos-photo-book-swap-library\\\/\",\"url\":\"https:\\\/\\\/www.f-sos.org\\\/fsos-photo-book-swap-library\\\/\",\"name\":\"F\\\/SOS Photo Book Club Library - F\\\/SOS ASSOCIA\u00c7\u00c3O\",\"isPartOf\":{\"@id\":\"https:\\\/\\\/www.f-sos.org\\\/#website\"},\"primaryImageOfPage\":{\"@id\":\"https:\\\/\\\/www.f-sos.org\\\/fsos-photo-book-swap-library\\\/#primaryimage\"},\"image\":{\"@id\":\"https:\\\/\\\/www.f-sos.org\\\/fsos-photo-book-swap-library\\\/#primaryimage\"},\"thumbnailUrl\":\"https:\\\/\\\/www.f-sos.org\\\/wp-content\\\/uploads\\\/2026\\\/04\\\/photo-books-inspire.jpg\",\"datePublished\":\"2026-04-04T22:58:01+00:00\",\"dateModified\":\"2026-04-14T22:52:42+00:00\",\"breadcrumb\":{\"@id\":\"https:\\\/\\\/www.f-sos.org\\\/fsos-photo-book-swap-library\\\/#breadcrumb\"},\"inLanguage\":\"pt-PT\",\"potentialAction\":[{\"@type\":\"ReadAction\",\"target\":[\"https:\\\/\\\/www.f-sos.org\\\/fsos-photo-book-swap-library\\\/\"]}]},{\"@type\":\"ImageObject\",\"inLanguage\":\"pt-PT\",\"@id\":\"https:\\\/\\\/www.f-sos.org\\\/fsos-photo-book-swap-library\\\/#primaryimage\",\"url\":\"https:\\\/\\\/www.f-sos.org\\\/wp-content\\\/uploads\\\/2026\\\/04\\\/photo-books-inspire.jpg\",\"contentUrl\":\"https:\\\/\\\/www.f-sos.org\\\/wp-content\\\/uploads\\\/2026\\\/04\\\/photo-books-inspire.jpg\"},{\"@type\":\"BreadcrumbList\",\"@id\":\"https:\\\/\\\/www.f-sos.org\\\/fsos-photo-book-swap-library\\\/#breadcrumb\",\"itemListElement\":[{\"@type\":\"ListItem\",\"position\":1,\"name\":\"Home\",\"item\":\"https:\\\/\\\/www.f-sos.org\\\/\"},{\"@type\":\"ListItem\",\"position\":2,\"name\":\"F\\\/SOS Photo Book Club Library\"}]},{\"@type\":\"WebSite\",\"@id\":\"https:\\\/\\\/www.f-sos.org\\\/#website\",\"url\":\"https:\\\/\\\/www.f-sos.org\\\/\",\"name\":\"Associa\u00e7\u00e3o F\\\/SOS \u2013 Fotografia, Solidariedade e Obras Sociais\",\"description\":\"ASSOCIA\u00c7\u00c3O F\\\/SOS \u2014 FOTOGRAFIA, SOLIDARIEDADE E OBRAS SOCIAIS\",\"publisher\":{\"@id\":\"https:\\\/\\\/www.f-sos.org\\\/#organization\"},\"potentialAction\":[{\"@type\":\"SearchAction\",\"target\":{\"@type\":\"EntryPoint\",\"urlTemplate\":\"https:\\\/\\\/www.f-sos.org\\\/?s={search_term_string}\"},\"query-input\":{\"@type\":\"PropertyValueSpecification\",\"valueRequired\":true,\"valueName\":\"search_term_string\"}}],\"inLanguage\":\"pt-PT\"},{\"@type\":\"Organization\",\"@id\":\"https:\\\/\\\/www.f-sos.org\\\/#organization\",\"name\":\"Associa\u00e7\u00e3o F\\\/SOS \u2013 Fotografia, Solidariedade e Obras Sociais\",\"url\":\"https:\\\/\\\/www.f-sos.org\\\/\",\"logo\":{\"@type\":\"ImageObject\",\"inLanguage\":\"pt-PT\",\"@id\":\"https:\\\/\\\/www.f-sos.org\\\/#\\\/schema\\\/logo\\\/image\\\/\",\"url\":\"https:\\\/\\\/www.f-sos.org\\\/wp-content\\\/uploads\\\/2026\\\/01\\\/associacao-teal-scaled.png\",\"contentUrl\":\"https:\\\/\\\/www.f-sos.org\\\/wp-content\\\/uploads\\\/2026\\\/01\\\/associacao-teal-scaled.png\",\"width\":2560,\"height\":566,\"caption\":\"Associa\u00e7\u00e3o F\\\/SOS \u2013 Fotografia, Solidariedade e Obras Sociais\"},\"image\":{\"@id\":\"https:\\\/\\\/www.f-sos.org\\\/#\\\/schema\\\/logo\\\/image\\\/\"},\"sameAs\":[\"https:\\\/\\\/www.facebook.com\\\/profile.php?id=61587009245386\",\"https:\\\/\\\/www.linkedin.com\\\/company\\\/associacao-f-sos-fotografia-solidariedade-e-obras-sociais\\\/\"]}]}<\/script>\n<!-- \/ Yoast SEO plugin. -->","yoast_head_json":{"title":"F\/SOS Photo Book Club Library - F\/SOS ASSOCIA\u00c7\u00c3O","robots":{"index":"index","follow":"follow","max-snippet":"max-snippet:-1","max-image-preview":"max-image-preview:large","max-video-preview":"max-video-preview:-1"},"canonical":"https:\/\/www.f-sos.org\/pt\/fsos-photo-book-swap-library\/","og_locale":"pt_PT","og_type":"article","og_title":"F\/SOS Photo Book Club Library - F\/SOS ASSOCIA\u00c7\u00c3O","og_description":"FSOS Photo Book Club Library A circular system for building a living photography library At FSOS, we believe collecting is not about ownership alone, but about circulation, access, and shared knowledge. There is a simple idea that guides this initiative:A thousand books make a library. Through the F\/SOS Photo Book Club Library, we are building [&hellip;]","og_url":"https:\/\/www.f-sos.org\/pt\/fsos-photo-book-swap-library\/","og_site_name":"F\/SOS ASSOCIA\u00c7\u00c3O","article_publisher":"https:\/\/www.facebook.com\/profile.php?id=61587009245386","article_modified_time":"2026-04-14T22:52:42+00:00","og_image":[{"url":"https:\/\/www.f-sos.org\/wp-content\/uploads\/2026\/04\/photo-books-inspire.jpg","type":"","width":"","height":""}],"twitter_card":"summary_large_image","twitter_misc":{"Tempo estimado de leitura":"3 minutes"},"schema":{"@context":"https:\/\/schema.org","@graph":[{"@type":"WebPage","@id":"https:\/\/www.f-sos.org\/fsos-photo-book-swap-library\/","url":"https:\/\/www.f-sos.org\/fsos-photo-book-swap-library\/","name":"F\/SOS Photo Book Club Library - F\/SOS ASSOCIA\u00c7\u00c3O","isPartOf":{"@id":"https:\/\/www.f-sos.org\/#website"},"primaryImageOfPage":{"@id":"https:\/\/www.f-sos.org\/fsos-photo-book-swap-library\/#primaryimage"},"image":{"@id":"https:\/\/www.f-sos.org\/fsos-photo-book-swap-library\/#primaryimage"},"thumbnailUrl":"https:\/\/www.f-sos.org\/wp-content\/uploads\/2026\/04\/photo-books-inspire.jpg","datePublished":"2026-04-04T22:58:01+00:00","dateModified":"2026-04-14T22:52:42+00:00","breadcrumb":{"@id":"https:\/\/www.f-sos.org\/fsos-photo-book-swap-library\/#breadcrumb"},"inLanguage":"pt-PT","potentialAction":[{"@type":"ReadAction","target":["https:\/\/www.f-sos.org\/fsos-photo-book-swap-library\/"]}]},{"@type":"ImageObject","inLanguage":"pt-PT","@id":"https:\/\/www.f-sos.org\/fsos-photo-book-swap-library\/#primaryimage","url":"https:\/\/www.f-sos.org\/wp-content\/uploads\/2026\/04\/photo-books-inspire.jpg","contentUrl":"https:\/\/www.f-sos.org\/wp-content\/uploads\/2026\/04\/photo-books-inspire.jpg"},{"@type":"BreadcrumbList","@id":"https:\/\/www.f-sos.org\/fsos-photo-book-swap-library\/#breadcrumb","itemListElement":[{"@type":"ListItem","position":1,"name":"Home","item":"https:\/\/www.f-sos.org\/"},{"@type":"ListItem","position":2,"name":"F\/SOS Photo Book Club Library"}]},{"@type":"WebSite","@id":"https:\/\/www.f-sos.org\/#website","url":"https:\/\/www.f-sos.org\/","name":"Associa\u00e7\u00e3o F\/SOS \u2013 Fotografia, Solidariedade e Obras Sociais","description":"ASSOCIA\u00c7\u00c3O F\/SOS \u2014 FOTOGRAFIA, SOLIDARIEDADE E OBRAS SOCIAIS","publisher":{"@id":"https:\/\/www.f-sos.org\/#organization"},"potentialAction":[{"@type":"SearchAction","target":{"@type":"EntryPoint","urlTemplate":"https:\/\/www.f-sos.org\/?s={search_term_string}"},"query-input":{"@type":"PropertyValueSpecification","valueRequired":true,"valueName":"search_term_string"}}],"inLanguage":"pt-PT"},{"@type":"Organization","@id":"https:\/\/www.f-sos.org\/#organization","name":"Associa\u00e7\u00e3o F\/SOS \u2013 Fotografia, Solidariedade e Obras Sociais","url":"https:\/\/www.f-sos.org\/","logo":{"@type":"ImageObject","inLanguage":"pt-PT","@id":"https:\/\/www.f-sos.org\/#\/schema\/logo\/image\/","url":"https:\/\/www.f-sos.org\/wp-content\/uploads\/2026\/01\/associacao-teal-scaled.png","contentUrl":"https:\/\/www.f-sos.org\/wp-content\/uploads\/2026\/01\/associacao-teal-scaled.png","width":2560,"height":566,"caption":"Associa\u00e7\u00e3o F\/SOS \u2013 Fotografia, Solidariedade e Obras Sociais"},"image":{"@id":"https:\/\/www.f-sos.org\/#\/schema\/logo\/image\/"},"sameAs":["https:\/\/www.facebook.com\/profile.php?id=61587009245386","https:\/\/www.linkedin.com\/company\/associacao-f-sos-fotografia-solidariedade-e-obras-sociais\/"]}]}},"campaignId":"","_links":{"self":[{"href":"https:\/\/www.f-sos.org\/pt\/wp-json\/wp\/v2\/pages\/3429","targetHints":{"allow":["GET"]}}],"collection":[{"href":"https:\/\/www.f-sos.org\/pt\/wp-json\/wp\/v2\/pages"}],"about":[{"href":"https:\/\/www.f-sos.org\/pt\/wp-json\/wp\/v2\/types\/page"}],"author":[{"embeddable":true,"href":"https:\/\/www.f-sos.org\/pt\/wp-json\/wp\/v2\/users\/2"}],"replies":[{"embeddable":true,"href":"https:\/\/www.f-sos.org\/pt\/wp-json\/wp\/v2\/comments?post=3429"}],"version-history":[{"count":0,"href":"https:\/\/www.f-sos.org\/pt\/wp-json\/wp\/v2\/pages\/3429\/revisions"}],"wp:attachment":[{"href":"https:\/\/www.f-sos.org\/pt\/wp-json\/wp\/v2\/media?parent=3429"}],"curies":[{"name":"wp","href":"https:\/\/api.w.org\/{rel}","templated":true}]}}