{"id":3284,"date":"2026-01-26T17:37:57","date_gmt":"2026-01-26T17:37:57","guid":{"rendered":"https:\/\/www.f-sos.org\/terms-and-conditions\/"},"modified":"2026-01-26T17:37:57","modified_gmt":"2026-01-26T17:37:57","slug":"terms-and-conditions","status":"publish","type":"page","link":"https:\/\/www.f-sos.org\/pt\/terms-and-conditions\/","title":{"rendered":"Termos e Condi\u00e7\u00f5es"},"content":{"rendered":"<!-- This legal document was generated by Complianz Terms &amp; Conditions https:\/\/wordpress.org\/plugins\/complianz-terms-conditions -->\n<div id=\"cmplz-document\" class=\"cmplz-document cmplz-terms-conditions\"><p><i>Os Termos e Condi\u00e7\u00f5es foram atualizados pela \u00faltima vez em 26 de janeiro de 2026<\/i><\/p><h2>1. Introdu\u00e7\u00e3o<\/h2><p>Estes Termos e condi\u00e7\u00f5es aplicam-se a este site e \u00e0s transa\u00e7\u00f5es relacionadas aos nossos produtos e servi\u00e7os.\u00a0Voc\u00ea pode estar sujeito a contratos adicionais relacionados ao seu relacionamento conosco ou quaisquer produtos ou servi\u00e7os que receba de n\u00f3s.\u00a0Se alguma cl\u00e1usula dos contratos adicionais entrar em conflito com qualquer cl\u00e1usula destes Termos, como cl\u00e1usulas desses contratos adicionais prevalecer\u00e3o.<\/p><h2>2. Obriga\u00e7\u00f5es<\/h2><p>Ao se registrar, acessar ou usar este site de outra forma, voc\u00ea concorda em obedecer a estes Termos e condi\u00e7\u00f5es definidos abaixo.\u00a0A simples utiliza\u00e7\u00e3o deste site implica o conhecimento e aceita\u00e7\u00e3o destes Termos e condi\u00e7\u00f5es.\u00a0Em alguns casos espec\u00edficos, tamb\u00e9m podemos pedir que voc\u00ea concorde explicitamente.<\/p><h2>3. Comunica\u00e7\u00e3o eletr\u00f4nica<\/h2><p>Ao utilizar este site ou comunicar-se conosco por meios eletr\u00f4nicos, voc\u00ea concorda e reconhece que podemos nos comunicar com voc\u00ea eletronicamente em nosso site ou enviando um e-mail e concorda que todos os acordos, avisos, divulga\u00e7\u00f5es e outras comunica\u00e7\u00f5es que fornecemos eletronicamente a voc\u00ea satisfazem a qualquer requisito legal, incluindo, mas n\u00e3o se limitando ao requisito de que tais comunica\u00e7\u00f5es sejam feitas por escrito.<\/p><h2>4. Propriedade intelectual<\/h2><p>N\u00f3s ou nossos licenciantes possu\u00edmos e controlamos todos os direitos autorais e outros direitos de propriedade intelectual no site e os dados, informa\u00e7\u00f5es e outros recursos exibidos ou acess\u00edveis dentro do site.<\/p><p class=\"cmplz-subtitle\">4.1 Todos os direitos s\u00e3o reservados<\/p><p>A menos que conte\u00fados espec\u00edficos determinem o contr\u00e1rio, voc\u00ea n\u00e3o recebe uma licen\u00e7a ou qualquer outro direito sob Copyright, Marca Registrada, Patente ou outros Direitos de Propriedade Intelectual.\u00a0Isso significa que voc\u00ea n\u00e3o vai usar, copiar, reproduzir, executar, exibir, distribuir, incorporar em qualquer meio eletr\u00f4nico, alterar, fazer engenharia reversa, descompilar, transferir, baixar, transmitir, monetizar, vender, negociar ou comercializar quaisquer recursos neste site em qualquer forma, sem nossa permiss\u00e3o pr\u00e9via por escrito, exceto e somente na medida estipulada de outra forma nos regulamentos da lei obrigat\u00f3ria (como o direito de cota\u00e7\u00e3o).<\/p><h2>5. Propriedade de terceiros<\/h2><p>O nosso site pode incluir hiperlinks ou outras refer\u00eancias a sites de terceiros.\u00a0N\u00e3o monitoramos ou revisamos o conte\u00fado de sites de terceiros que est\u00e3o vinculados a partir deste site.\u00a0Os produtos ou servi\u00e7os oferecidos por outros sites estar\u00e3o sujeitos aos Termos e Condi\u00e7\u00f5es aplic\u00e1veis desses terceiros.\u00a0Como opini\u00f5es expressas ou o material que aparece nesses sites n\u00e3o s\u00e3o necessariamente compartilhados ou endossados por n\u00f3s.<\/p><p>N\u00e3o seremos respons\u00e1veis por quaisquer pr\u00e1ticas de privacidade ou conte\u00fados desses sites.\u00a0Voc\u00ea assume todos os riscos associados ao uso desses sites e de quaisquer servi\u00e7os de terceiros relacionados.\u00a0N\u00e3o aceitaremos qualquer responsabilidade por qualquer perda ou dano de qualquer forma, causado por voc\u00ea, resultante da sua divulga\u00e7\u00e3o a terceiros de informa\u00e7\u00f5es pessoais.<\/p><h2>6. Uso respons\u00e1vel<\/h2><p>Ao visitar nosso site, voc\u00ea concorda em us\u00e1-lo apenas para os fins pretendidos e permitidos por estes Termos, quaisquer contratos adicionais conosco e as leis, regulamentos e pr\u00e1ticas online normalmente aceitas e diretrizes da ind\u00fastria.\u00a0Voc\u00ea n\u00e3o deve usar nosso site ou servi\u00e7os para usar, publicar ou distribuir qualquer material que consista em (ou esteja vinculado a) software de computador malicioso; usar os dados coletados em nosso site para qualquer atividade de marketing direto; ou conduzir quaisquer atividades de coleta de dados sistem\u00e1tica ou automatizada em ou em rela\u00e7\u00e3o ao nosso site.<\/p><p>O envolvimento em qualquer atividade que cause ou possa causar danos ao site ou que interfira no desempenho, disponibilidade ou acessibilidade do site \u00e9 estritamente proibido.<\/p><h2>7. Submiss\u00e3o de ideias<\/h2><p>N\u00e3o inveja ideias, inven\u00e7\u00f5es, trabalhos autorais ou outras informa\u00e7\u00f5es que possam ser consideradas de sua propriedade intelectual que voc\u00ea gostaria de apresentar para n\u00f3s, a menos que tenhamos assinado um acordo sobre a propriedade intelectual ou um acordo de n\u00e3o divulga\u00e7\u00e3o.\u00a0Se voc\u00ea divulgar a n\u00f3s na aus\u00eancia de tal acordo por escrito, voc\u00ea nos concede uma licen\u00e7a mundial, irrevog\u00e1vel, n\u00e3o exclusiva e livre de royalties para usar, reproduzir, armazenar, adaptar, publicar, traduzir e distribuir seu conte\u00fado em qualquer m\u00eddia existente ou futura.<\/p><h2>8. Cessa\u00e7\u00e3o de uso<\/h2><p>Podemos, a nosso exclusivo crit\u00e9rio, a qualquer momento modificar ou descontinuar o acesso, tempor\u00e1ria ou permanentemente, ao site ou a qualquer Servi\u00e7o nele contido.\u00a0Voc\u00ea concorda que n\u00e3o seremos respons\u00e1veis por voc\u00ea ou qualquer terceiro por qualquer modifica\u00e7\u00e3o, suspens\u00e3o ou interrup\u00e7\u00e3o de seu acesso ou uso do site ou de qualquer conte\u00fado que voc\u00ea possa ter compartilhado no site.\u00a0Voc\u00ea n\u00e3o tem direito a qualquer compensa\u00e7\u00e3o ou outro pagamento, mesmo que certos recursos, configura\u00e7\u00f5es e\/ou qualquer Conte\u00fado com o qual tenha contribu\u00eddo ou do qual venha a depender perdidos permanentemente.\u00a0Voc\u00ea n\u00e3o deve contornar ou burlar, ou tentar contornar ou burlar, quaisquer medidas de restri\u00e7\u00e3o de acesso em nosso site.<\/p><h2>9. Garantias e responsabilidade<\/h2><p>Nada nesta se\u00e7\u00e3o limitada\u00e1 ou excluir\u00e1 qualquer garantia impl\u00edcita por lei que seria ilegal limitar ou excluir.\u00a0Este site e todo o conte\u00fado do site s\u00e3o fornecidos \"no estado em que se encontram\" e \"conforme dispon\u00edvel\" e podem incluir imprecis\u00f5es ou erros tipogr\u00e1ficos.\u00a0Renunciamos expressamente a todas as as garantias de qualquer tipo, expressas ou impl\u00edcitas, quanto \u00e0 disponibilidade, precis\u00e3o ou integridade do Conte\u00fado.\u00a0N\u00e3o garantimos que:<\/p><p><ul>\n                    <li>este site ou nosso conte\u00fado atender\u00e1 \u00e0s suas necessidades;<\/li>\n                    <li>Este site est\u00e1 dispon\u00edvel de forma ininterrupta, oportuna, segura ou livre de erros.<\/li>\n        <\/ul><\/p><p>Nada neste site constitui, ou pretende constituir, aconselhamento jur\u00eddico, financeiro ou m\u00e9dico de qualquer tipo.\u00a0Se voc\u00ea precisa de aconselhamento, deve consultar um profissional adequado.<\/p><p>As seguintes disposi\u00e7\u00f5es desta se\u00e7\u00e3o ser\u00e3o aplicadas na extens\u00e3o m\u00e1xima permitida pela lei aplic\u00e1vel e n\u00e3o limitar\u00e3o ou excluir\u00e3o nossa responsabilidade em rela\u00e7\u00e3o a qualquer assunto que seria il\u00edcito ou ilegal limitarmos ou excluirmos de nossa responsabilidade.\u00a0Em nenhum caso seremos respons\u00e1veis por quaisquer danos diretos ou indiretos (incluindo quaisquer danos por perda de lucros ou receita, perda ou corrup\u00e7\u00e3o de dados, software ou banco de dados, ou perda ou dano \u00e0 propriedade ou dados) incorridos por voc\u00ea ou terceiros decorrentes do seu acesso ou uso do nosso site.<\/p><p>Exceto na medida em que qualquer contrato adicional declare expressamente o contr\u00e1rio, nossa responsabilidade m\u00e1xima para com voc\u00ea por todos os danos decorrentes ou relacionados ao site ou quaisquer produtos e servi\u00e7os comercializados ou vendidos atrav\u00e9s do site, independentemente da forma de a\u00e7\u00e3o legal que imp\u00f5e responsabilidade (seja em contrato, equidade, neglig\u00eancia, conduta pretendida, ato il\u00edcito ou de outra forma) \u00e9 limitado ao pre\u00e7o total que voc\u00ea pagou a n\u00f3s para adquirir tais produtos ou servi\u00e7os usados o site.\u00a0Tal limite ser\u00e1 aplicado em conjunto a todas as suas reivindica\u00e7\u00f5es, a\u00e7\u00f5es e causas de a\u00e7\u00e3o de todos os tipos e naturezas.<\/p><h2>10. Privacidade<\/h2><p>Para acessar nosso site e\/ou servi\u00e7os, voc\u00ea pode precisar fornecer algumas informa\u00e7\u00f5es sobre voc\u00ea como parte do processo de registro.\u00a0Voc\u00ea concorda que todas as informa\u00e7\u00f5es fornecidas ser\u00e3o sempre precisas, corretas e atualizadas.<\/p><p>Desenvolvemos uma pol\u00edtica para abordar quaisquer preocupa\u00e7\u00f5es de privacidade que voc\u00ea possa ter.\u00a0Para mais informa\u00e7\u00f5es, consulte o nosso <a href=\"\">Declara\u00e7\u00e3o de confidencialidade<\/a> e a nossa <a href=\"\">Pol\u00edtica de Cookies<\/a>.<\/p><h2>11. Acessibilidade<\/h2><p>Estamos comprometidos em tornar o conte\u00fado que fornecemos acess\u00edvel a pessoas com defici\u00eancia.\u00a0Se voc\u00ea tiver uma defici\u00eancia e n\u00e3o conseguir acessar qualquer parte do nosso site devido \u00e0 sua defici\u00eancia, pedimos que nos avise com uma descri\u00e7\u00e3o detalhada do problema que encontrei.\u00a0Se o problema for prontamente identific\u00e1vel e resolvido de acordo com as ferramentas e t\u00e9cnicas de tecnologia da informa\u00e7\u00e3o padr\u00e3o da ind\u00fastria, iremos resolv\u00ea-lo imediatamente.<\/p><h2>12. Restri\u00e7\u00f5es de exporta\u00e7\u00e3o \/ Conformidade legal<\/h2><p>\u00c9 proibido o acesso ao site a partir de territ\u00f3rios ou pa\u00edses onde o Conte\u00fado ou a compra dos produtos ou Servi\u00e7os vendidos no site \u00e9 ilegal.\u00a0Voc\u00ea n\u00e3o pode usar este site em viola\u00e7\u00e3o \u00e0s leis e regulamentos de exporta\u00e7\u00e3o de Portugal.<\/p><h2>13. Cess\u00e3o<\/h2><p>Voc\u00ea n\u00e3o pode ceder, transferir ou subcontratar nenhum de seus direitos e\/ou obriga\u00e7\u00f5es sob estes Termos e condi\u00e7\u00f5es, no todo ou em parte, a terceiros sem nosso consentimento pr\u00e9vio por escrito.\u00a0Qualquer alegada cess\u00e3o em viola\u00e7\u00e3o a esta Se\u00e7\u00e3o ser\u00e1 nula e sem efeito.<\/p><h2>14. Viola\u00e7\u00f5es a estes Termos e Condi\u00e7\u00f5es<\/h2><p>Sem preju\u00edzo de nossos outros direitos sob estes Termos e Condi\u00e7\u00f5es, se voc\u00ea violar estes Termos e Condi\u00e7\u00f5es de qualquer forma, podemos tomar como medidas que consideramos apropriadas para lidar com a viola\u00e7\u00e3o, incluindo a suspens\u00e3o tempor\u00e1ria ou permanente de seu acesso ao site, entrando em contato com seu provedor de servi\u00e7os de internet para solicitar o bloqueio de seu acesso ao site e\/ou iniciar uma a\u00e7\u00e3o legal contra voc\u00ea.<\/p><h2>15. For\u00e7a maior<\/h2><p>Exceto pelas obriga\u00e7\u00f5es de pagar dinheiro nos termos deste instrumento, nenhum atraso, falha ou omiss\u00e3o por qualquer uma das partes em realizar ou observar qualquer uma das suas obriga\u00e7\u00f5es aqui descritas \u00e9 considerada uma viola\u00e7\u00e3o destes Termos e condi\u00e7\u00f5es se e enquanto tal atraso, falha ou a omiss\u00e3o surgir de qualquer causa al\u00e9m do controle razo\u00e1vel daquela parte.<\/p><h2>16. Indeniza\u00e7\u00e3o<\/h2><p>Voc\u00ea concorda em indenizar, defender e nos isentar de responsabilidade, de e contra todas e quaisquer reivindica\u00e7\u00f5es, responsabilidades, danos, perdas e despesas relacionadas \u00e0 sua viola\u00e7\u00e3o destes Termos e condi\u00e7\u00f5es e das leis aplic\u00e1veis, incluindo direitos de propriedade intelectual e direitos de privacidade.\u00a0Voc\u00ea nos reembolsar\u00e1 prontamente por nossos danos, perdas, custos e despesas relacionados ou decorrentes de tais reivindica\u00e7\u00f5es.<\/p><h2>17. Cancelamento<\/h2><p>O n\u00e3o cumprimento de qualquer um dos dispositivos estabelecidos nestes Termos e Condi\u00e7\u00f5es e em qualquer Contrato, ou o n\u00e3o exerc\u00edcio de qualquer op\u00e7\u00e3o de rescis\u00e3o n\u00e3o devem ser interpretados como ren\u00fancia de tais dispositivos e n\u00e3o afetar\u00e1 a validade destes Termos e Condi\u00e7\u00f5es ou de qualquer parte dele ou o direito posterior de fazer cumprir todas as disposi\u00e7\u00f5es.<\/p><h2>18. Idioma<\/h2><p>Estes Termos e Condi\u00e7\u00f5es ser\u00e3o interpretados e concebidos exclusivamente em Ingl\u00eas.\u00a0Todas as notifica\u00e7\u00f5es e correspond\u00eancias ser\u00e3o redigidas exclusivamente neste idioma.<\/p><h2>19. Integral do Entendimento<\/h2><p>Estes Termos e Condi\u00e7\u00f5es, juntamente com o nosso <a href=\"\">declara\u00e7\u00e3o de confidencialidade<\/a> e <a href=\"\">pol\u00edtica de cookies<\/a>, constituem a totalidade do acordo entre si e a Associa\u00e7\u00e3o F\/SOS - Fotografia, Solidariedade e Obras Sociais em rela\u00e7\u00e3o \u00e0 sua utiliza\u00e7\u00e3o deste website.<\/p><h2>20. Atualiza\u00e7\u00e3o destes Termos e Condi\u00e7\u00f5es<\/h2><p>Podemos atualizar estes Termos e Condi\u00e7\u00f5es de tempos em tempos.\u00a0\u00c9 sua obriga\u00e7\u00e3o verificar periodicamente estes Termos e Condi\u00e7\u00f5es em busca de altera\u00e7\u00f5es ou atualiza\u00e7\u00f5es.\u00a0A data fornecida no in\u00edcio destes Termos e Condi\u00e7\u00f5es \u00e9 a data de revis\u00e3o mais recente.\u00a0Como altera\u00e7\u00f5es a estes Termos e Condi\u00e7\u00f5es entrar\u00e3o em vigor ap\u00f3s tais altera\u00e7\u00f5es serem publicadas neste site.\u00a0Seu uso continuado deste site ap\u00f3s a publica\u00e7\u00e3o de altera\u00e7\u00f5es ou atualiza\u00e7\u00f5es ser\u00e1 considerado um aviso de sua aceita\u00e7\u00e3o em cumprir e ser regido por estes Termos e Condi\u00e7\u00f5es.<\/p><h2>21. Legisla\u00e7\u00e3o aplic\u00e1vel e jurisdi\u00e7\u00e3o<\/h2><p>Estes Termos e Condi\u00e7\u00f5es ser\u00e3o regidos pelas leis de Portugal.\u00a0Quaisquer disputas relacionadas a estes Termos e Condi\u00e7\u00f5es estar\u00e3o sujeitas \u00e0 jurisdi\u00e7\u00e3o dos tribunais de Portugal.\u00a0Se qualquer parte ou disposi\u00e7\u00e3o destes Termos e Condi\u00e7\u00f5es for considerada por um tribunal ou outra autoridade inv\u00e1lida e\/ou inexequ\u00edvel sob a lei aplic\u00e1vel, tal parte ou disposi\u00e7\u00e3o ser\u00e1 modificada, exclu\u00edda e\/ou aplicada na extens\u00e3o m\u00e1xima permitida de modo a dar efeito \u00e0 inten\u00e7\u00e3o destes Termos e Condi\u00e7\u00f5es.\u00a0As demais disposi\u00e7\u00f5es n\u00e3o ser\u00e3o afetadas.<\/p><h2>22. Informa\u00e7\u00f5es de Contato<\/h2><p>Este site pertence e \u00e9 operado por Associa\u00e7\u00e3o F\/SOS - Fotografia, Solidariedade e Obras Sociais.<\/p><p>You may contact us regarding these Terms and Conditions by writing or emailing us at the following address: inf&#111;&#064;&#102;-&#115;&#111;s.o&#114;g<br>Rua da Pedra de Aia, n.\u00ba 1 <br \/>\r\n2500-592 Nadadouro<br \/>\r\nCaldas da Rainha <\/p><h2>23. Baixar<\/h2><p>Tamb\u00e9m podes <a href=\"https:\/\/www.f-sos.org\/wp-content\/plugins\/complianz-terms-conditions\/download.php\">descarregar<\/a> nossos Termos e Condi\u00e7\u00f5es como um PDF.<\/p><\/div>","protected":false},"excerpt":{"rendered":"","protected":false},"author":1,"featured_media":0,"parent":0,"menu_order":0,"comment_status":"closed","ping_status":"closed","template":"","meta":{"_acf_changed":false,"give_campaign_id":0,"footnotes":""},"class_list":["post-3284","page","type-page","status-publish","hentry"],"acf":[],"yoast_head":"<!-- This site is optimized with the Yoast SEO plugin v27.4 - https:\/\/yoast.com\/product\/yoast-seo-wordpress\/ -->\n<title>Terms and Conditions - F\/SOS ASSOCIA\u00c7\u00c3O<\/title>\n<meta name=\"robots\" content=\"index, follow, max-snippet:-1, max-image-preview:large, max-video-preview:-1\" \/>\n<link rel=\"canonical\" href=\"https:\/\/www.f-sos.org\/pt\/terms-and-conditions\/\" \/>\n<meta property=\"og:locale\" content=\"pt_PT\" \/>\n<meta property=\"og:type\" content=\"article\" \/>\n<meta property=\"og:title\" content=\"Terms and Conditions - F\/SOS ASSOCIA\u00c7\u00c3O\" \/>\n<meta property=\"og:url\" content=\"https:\/\/www.f-sos.org\/pt\/terms-and-conditions\/\" \/>\n<meta property=\"og:site_name\" content=\"F\/SOS ASSOCIA\u00c7\u00c3O\" \/>\n<meta property=\"article:publisher\" content=\"https:\/\/www.facebook.com\/profile.php?id=61587009245386\" \/>\n<meta name=\"twitter:card\" content=\"summary_large_image\" \/>\n<script type=\"application\/ld+json\" class=\"yoast-schema-graph\">{\"@context\":\"https:\\\/\\\/schema.org\",\"@graph\":[{\"@type\":\"WebPage\",\"@id\":\"https:\\\/\\\/www.f-sos.org\\\/terms-and-conditions\\\/\",\"url\":\"https:\\\/\\\/www.f-sos.org\\\/terms-and-conditions\\\/\",\"name\":\"Terms and Conditions - F\\\/SOS ASSOCIA\u00c7\u00c3O\",\"isPartOf\":{\"@id\":\"https:\\\/\\\/www.f-sos.org\\\/#website\"},\"datePublished\":\"2026-01-26T17:37:57+00:00\",\"breadcrumb\":{\"@id\":\"https:\\\/\\\/www.f-sos.org\\\/terms-and-conditions\\\/#breadcrumb\"},\"inLanguage\":\"pt-PT\",\"potentialAction\":[{\"@type\":\"ReadAction\",\"target\":[\"https:\\\/\\\/www.f-sos.org\\\/terms-and-conditions\\\/\"]}]},{\"@type\":\"BreadcrumbList\",\"@id\":\"https:\\\/\\\/www.f-sos.org\\\/terms-and-conditions\\\/#breadcrumb\",\"itemListElement\":[{\"@type\":\"ListItem\",\"position\":1,\"name\":\"Home\",\"item\":\"https:\\\/\\\/www.f-sos.org\\\/\"},{\"@type\":\"ListItem\",\"position\":2,\"name\":\"Terms and Conditions\"}]},{\"@type\":\"WebSite\",\"@id\":\"https:\\\/\\\/www.f-sos.org\\\/#website\",\"url\":\"https:\\\/\\\/www.f-sos.org\\\/\",\"name\":\"Associa\u00e7\u00e3o F\\\/SOS \u2013 Fotografia, Solidariedade e Obras Sociais\",\"description\":\"ASSOCIA\u00c7\u00c3O F\\\/SOS \u2014 FOTOGRAFIA, SOLIDARIEDADE E OBRAS SOCIAIS\",\"publisher\":{\"@id\":\"https:\\\/\\\/www.f-sos.org\\\/#organization\"},\"potentialAction\":[{\"@type\":\"SearchAction\",\"target\":{\"@type\":\"EntryPoint\",\"urlTemplate\":\"https:\\\/\\\/www.f-sos.org\\\/?s={search_term_string}\"},\"query-input\":{\"@type\":\"PropertyValueSpecification\",\"valueRequired\":true,\"valueName\":\"search_term_string\"}}],\"inLanguage\":\"pt-PT\"},{\"@type\":\"Organization\",\"@id\":\"https:\\\/\\\/www.f-sos.org\\\/#organization\",\"name\":\"Associa\u00e7\u00e3o F\\\/SOS \u2013 Fotografia, Solidariedade e Obras Sociais\",\"url\":\"https:\\\/\\\/www.f-sos.org\\\/\",\"logo\":{\"@type\":\"ImageObject\",\"inLanguage\":\"pt-PT\",\"@id\":\"https:\\\/\\\/www.f-sos.org\\\/#\\\/schema\\\/logo\\\/image\\\/\",\"url\":\"https:\\\/\\\/www.f-sos.org\\\/wp-content\\\/uploads\\\/2026\\\/01\\\/associacao-teal-scaled.png\",\"contentUrl\":\"https:\\\/\\\/www.f-sos.org\\\/wp-content\\\/uploads\\\/2026\\\/01\\\/associacao-teal-scaled.png\",\"width\":2560,\"height\":566,\"caption\":\"Associa\u00e7\u00e3o F\\\/SOS \u2013 Fotografia, Solidariedade e Obras Sociais\"},\"image\":{\"@id\":\"https:\\\/\\\/www.f-sos.org\\\/#\\\/schema\\\/logo\\\/image\\\/\"},\"sameAs\":[\"https:\\\/\\\/www.facebook.com\\\/profile.php?id=61587009245386\",\"https:\\\/\\\/www.linkedin.com\\\/company\\\/associacao-f-sos-fotografia-solidariedade-e-obras-sociais\\\/\"]}]}<\/script>\n<!-- \/ Yoast SEO plugin. -->","yoast_head_json":{"title":"Terms and Conditions - F\/SOS ASSOCIA\u00c7\u00c3O","robots":{"index":"index","follow":"follow","max-snippet":"max-snippet:-1","max-image-preview":"max-image-preview:large","max-video-preview":"max-video-preview:-1"},"canonical":"https:\/\/www.f-sos.org\/pt\/terms-and-conditions\/","og_locale":"pt_PT","og_type":"article","og_title":"Terms and Conditions - F\/SOS ASSOCIA\u00c7\u00c3O","og_url":"https:\/\/www.f-sos.org\/pt\/terms-and-conditions\/","og_site_name":"F\/SOS ASSOCIA\u00c7\u00c3O","article_publisher":"https:\/\/www.facebook.com\/profile.php?id=61587009245386","twitter_card":"summary_large_image","schema":{"@context":"https:\/\/schema.org","@graph":[{"@type":"WebPage","@id":"https:\/\/www.f-sos.org\/terms-and-conditions\/","url":"https:\/\/www.f-sos.org\/terms-and-conditions\/","name":"Terms and Conditions - F\/SOS ASSOCIA\u00c7\u00c3O","isPartOf":{"@id":"https:\/\/www.f-sos.org\/#website"},"datePublished":"2026-01-26T17:37:57+00:00","breadcrumb":{"@id":"https:\/\/www.f-sos.org\/terms-and-conditions\/#breadcrumb"},"inLanguage":"pt-PT","potentialAction":[{"@type":"ReadAction","target":["https:\/\/www.f-sos.org\/terms-and-conditions\/"]}]},{"@type":"BreadcrumbList","@id":"https:\/\/www.f-sos.org\/terms-and-conditions\/#breadcrumb","itemListElement":[{"@type":"ListItem","position":1,"name":"Home","item":"https:\/\/www.f-sos.org\/"},{"@type":"ListItem","position":2,"name":"Terms and Conditions"}]},{"@type":"WebSite","@id":"https:\/\/www.f-sos.org\/#website","url":"https:\/\/www.f-sos.org\/","name":"Associa\u00e7\u00e3o F\/SOS \u2013 Fotografia, Solidariedade e Obras Sociais","description":"ASSOCIA\u00c7\u00c3O F\/SOS \u2014 FOTOGRAFIA, SOLIDARIEDADE E OBRAS SOCIAIS","publisher":{"@id":"https:\/\/www.f-sos.org\/#organization"},"potentialAction":[{"@type":"SearchAction","target":{"@type":"EntryPoint","urlTemplate":"https:\/\/www.f-sos.org\/?s={search_term_string}"},"query-input":{"@type":"PropertyValueSpecification","valueRequired":true,"valueName":"search_term_string"}}],"inLanguage":"pt-PT"},{"@type":"Organization","@id":"https:\/\/www.f-sos.org\/#organization","name":"Associa\u00e7\u00e3o F\/SOS \u2013 Fotografia, Solidariedade e Obras Sociais","url":"https:\/\/www.f-sos.org\/","logo":{"@type":"ImageObject","inLanguage":"pt-PT","@id":"https:\/\/www.f-sos.org\/#\/schema\/logo\/image\/","url":"https:\/\/www.f-sos.org\/wp-content\/uploads\/2026\/01\/associacao-teal-scaled.png","contentUrl":"https:\/\/www.f-sos.org\/wp-content\/uploads\/2026\/01\/associacao-teal-scaled.png","width":2560,"height":566,"caption":"Associa\u00e7\u00e3o F\/SOS \u2013 Fotografia, Solidariedade e Obras Sociais"},"image":{"@id":"https:\/\/www.f-sos.org\/#\/schema\/logo\/image\/"},"sameAs":["https:\/\/www.facebook.com\/profile.php?id=61587009245386","https:\/\/www.linkedin.com\/company\/associacao-f-sos-fotografia-solidariedade-e-obras-sociais\/"]}]}},"campaignId":"","_links":{"self":[{"href":"https:\/\/www.f-sos.org\/pt\/wp-json\/wp\/v2\/pages\/3284","targetHints":{"allow":["GET"]}}],"collection":[{"href":"https:\/\/www.f-sos.org\/pt\/wp-json\/wp\/v2\/pages"}],"about":[{"href":"https:\/\/www.f-sos.org\/pt\/wp-json\/wp\/v2\/types\/page"}],"author":[{"embeddable":true,"href":"https:\/\/www.f-sos.org\/pt\/wp-json\/wp\/v2\/users\/1"}],"replies":[{"embeddable":true,"href":"https:\/\/www.f-sos.org\/pt\/wp-json\/wp\/v2\/comments?post=3284"}],"version-history":[{"count":0,"href":"https:\/\/www.f-sos.org\/pt\/wp-json\/wp\/v2\/pages\/3284\/revisions"}],"wp:attachment":[{"href":"https:\/\/www.f-sos.org\/pt\/wp-json\/wp\/v2\/media?parent=3284"}],"curies":[{"name":"wp","href":"https:\/\/api.w.org\/{rel}","templated":true}]}}