{"id":3168,"date":"2026-01-20T07:52:14","date_gmt":"2026-01-20T07:52:14","guid":{"rendered":"https:\/\/www.f-sos.org\/?page_id=3168"},"modified":"2026-01-20T07:54:06","modified_gmt":"2026-01-20T07:54:06","slug":"f-o-the-exchange-program","status":"publish","type":"page","link":"https:\/\/www.f-sos.org\/pt\/f-o-the-exchange-program\/","title":{"rendered":"F\/O \u2013 Programa de Interc\u00e2mbio"},"content":{"rendered":"<div data-elementor-type=\"wp-page\" data-elementor-id=\"3168\" class=\"elementor elementor-3168\">\n\t\t\t\t<div class=\"elementor-element elementor-element-4fd73c8 e-flex e-con-boxed e-con e-parent\" data-id=\"4fd73c8\" data-element_type=\"container\" data-e-type=\"container\">\n\t\t\t\t\t<div class=\"e-con-inner\">\n\t\t\t\t<div class=\"elementor-element elementor-element-1a3701c elementor-widget elementor-widget-heading\" data-id=\"1a3701c\" data-element_type=\"widget\" data-e-type=\"widget\" data-widget_type=\"heading.default\">\n\t\t\t\t\t<h2 class=\"elementor-heading-title elementor-size-default\">F\/O \u2013 Programa de Interc\u00e2mbio<\/h2>\t\t\t\t<\/div>\n\t\t\t\t<div class=\"elementor-element elementor-element-520bda9 elementor-widget elementor-widget-text-editor\" data-id=\"520bda9\" data-element_type=\"widget\" data-e-type=\"widget\" data-widget_type=\"text-editor.default\">\n\t\t\t\t\t\t\t\t\t<p data-start=\"492\" data-end=\"1206\"><strong data-start=\"492\" data-end=\"499\">F\/O<\/strong> \u00c9 um programa de interc\u00e2mbio cultural liderado pela funda\u00e7\u00e3o que reativa a pr\u00e1tica art\u00edstica de longa data de trocar obras fora da l\u00f3gica comercial. Enraizado no di\u00e1logo, na reciprocidade e no cuidado \u00e9tico, o programa permite que artistas, institui\u00e7\u00f5es e festivais circulem obras de arte, exposi\u00e7\u00f5es e projetos culturais atrav\u00e9s de trocas baseadas em valor, em vez de compras. Operando como um sistema curado em vez de um mercado, o F\/O trata a troca como um ato cultural fundamentado no consentimento, na paridade, na documenta\u00e7\u00e3o e na sustentabilidade. O programa \u00e9 hospedado por <strong data-start=\"1046\" data-end=\"1087\"><span class=\"hover:entity-accent entity-underline inline cursor-pointer align-baseline\"><span class=\"whitespace-normal\">ASSOCIA\u00c7\u00c3O F\/SOS \u2013 FOTOGRAFIA, SOLIDARIEDADE E OBRAS SOCIAIS<\/span><\/span><\/strong> e existe para apoiar as rela\u00e7\u00f5es a longo prazo, a autoria partilhada e a preserva\u00e7\u00e3o do valor cultural para al\u00e9m do dinheiro.<\/p><hr data-start=\"1208\" data-end=\"1211\" \/><h2 data-start=\"1213\" data-end=\"1227\">O que \u00e9 o F\/O<\/h2><p data-start=\"1229\" data-end=\"1489\">A F\/O \u00e9 uma infraestrutura cultural concebida para apoiar o interc\u00e2mbio \u00e9tico. Formaliza uma pr\u00e1tica que h\u00e1 muito existe informalmente entre artistas e institui\u00e7\u00f5es culturais: a troca de obras como gestos de reconhecimento, di\u00e1logo, influ\u00eancia e respeito m\u00fatuo.<\/p><p data-start=\"1491\" data-end=\"1850\">A F\/O n\u00e3o procura substituir o mercado da arte ou posicionar-se contra ele. Em vez disso, opera em paralelo, suspendendo a l\u00f3gica de mercado, a fim de permitir que outras formas de valor surjam. No F\/O, a troca n\u00e3o \u00e9 uma transa\u00e7\u00e3o, um favor ou uma estrat\u00e9gia de visibilidade. \u00c9 um ato deliberado e reflexivo que reconhece o trabalho art\u00edstico, a autoria e o cuidado.<\/p><p data-start=\"1852\" data-end=\"1980\">O programa \u00e9 curado, mediado e documentado, garantindo que as trocas permane\u00e7am equilibradas, consensuais e significativas ao longo do tempo.<\/p><hr data-start=\"1982\" data-end=\"1985\" \/><h2 data-start=\"1987\" data-end=\"2005\">O que o F\/O n\u00e3o \u00e9<\/h2><p data-start=\"2007\" data-end=\"2237\">O F\/O n\u00e3o \u00e9 um mercado, uma plataforma de swap digital ou uma rede social.<br data-start=\"2078\" data-end=\"2081\" \/>N\u00e3o se trata de um programa de mobilidade, de um regime de resid\u00eancia ou de uma ferramenta de desenvolvimento profissional.<br data-start=\"2166\" data-end=\"2169\" \/>N\u00e3o funciona atrav\u00e9s de automa\u00e7\u00e3o, algoritmos ou negocia\u00e7\u00e3o aberta.<\/p><p data-start=\"2239\" data-end=\"2424\">A participa\u00e7\u00e3o em F\/O n\u00e3o implica a obriga\u00e7\u00e3o de interc\u00e2mbio, nem garante visibilidade ou apresenta\u00e7\u00e3o p\u00fablica. O programa prioriza a profundidade sobre a escala e a \u00e9tica sobre a efici\u00eancia.<\/p><hr data-start=\"2426\" data-end=\"2429\" \/><h2 data-start=\"2431\" data-end=\"2463\">Interc\u00e2mbio como Pr\u00e1tica Cultural<\/h2><p data-start=\"2465\" data-end=\"2744\">No cerne da F\/O est\u00e1 a compreens\u00e3o de que a troca \u00e9 uma pr\u00e1tica cultural que antecede a consolida\u00e7\u00e3o do mercado de arte contempor\u00e2nea. H\u00e1 muito que os artistas recolhem o trabalho uns dos outros como forma de pensar em conjunto, viver com as ideias uns dos outros e moldar o legado criativo.<\/p><p data-start=\"2746\" data-end=\"2983\">O F\/O reativa esta pr\u00e1tica ao mesmo tempo que aborda as suas vulnerabilidades hist\u00f3ricas. Onde as trocas informais \u00e0s vezes resultaram em desequil\u00edbrio, press\u00e3o ou arrependimento, o F\/O introduz estrutura sem rigidez e \u00e9tica sem burocracia.<\/p><p data-start=\"2985\" data-end=\"3082\">Cada interc\u00e2mbio dentro de F\/O \u00e9 tratado como um compromisso cultural e n\u00e3o como uma opera\u00e7\u00e3o log\u00edstica.<\/p><hr data-start=\"3084\" data-end=\"3087\" \/><h2 data-start=\"3089\" data-end=\"3108\">Valor e Paridade<\/h2><p data-start=\"3110\" data-end=\"3382\">Dentro de F\/O, todas as trocas s\u00e3o baseadas em <strong data-start=\"3149\" data-end=\"3172\">valor sem pre\u00e7o<\/strong>.<br data-start=\"3173\" data-end=\"3176\" \/>As obras de arte s\u00e3o reconhecidas como valiosas, mas esse valor nunca \u00e9 expresso ou negociado em termos monet\u00e1rios. O pre\u00e7o de mercado, o hist\u00f3rico de vendas e os resultados dos leil\u00f5es s\u00e3o intencionalmente exclu\u00eddos do processo de troca.<\/p><p data-start=\"3384\" data-end=\"3663\">Os participantes s\u00e3o convidados a articular o valor do seu trabalho em termos reflexivos e n\u00e3o monet\u00e1rios, considerando aspetos como o tempo investido, o peso conceptual, o contexto cultural ou a rela\u00e7\u00e3o com uma pr\u00e1tica em curso. Esta articula\u00e7\u00e3o apoia a transpar\u00eancia e o consentimento informado.<\/p><p data-start=\"3665\" data-end=\"3937\">A paridade \u00e9 entendida como o reconhecimento m\u00fatuo da equival\u00eancia, n\u00e3o da igualdade. Duas obras n\u00e3o precisam corresponder em escala, m\u00e9dia ou visibilidade para serem consideradas equilibradas. Uma troca s\u00f3 prossegue quando todas as partes sentem que \u00e9 justa em inten\u00e7\u00e3o, compromisso e responsabilidade.<\/p><hr data-start=\"3939\" data-end=\"3942\" \/><h2 data-start=\"3944\" data-end=\"3969\">Consentimento e Compromisso<\/h2><p data-start=\"3971\" data-end=\"4161\">O consentimento no F\/O \u00e9 um processo cont\u00ednuo, n\u00e3o um \u00fanico momento de acordo.<br data-start=\"4046\" data-end=\"4049\" \/>Expressar interesse, entrar em di\u00e1logo ou participar do programa n\u00e3o constitui consentimento para a troca.<\/p><p data-start=\"4163\" data-end=\"4340\">Os participantes podem retirar-se a qualquer momento antes da transfer\u00eancia f\u00edsica das obras, sem justifica\u00e7\u00e3o ou consequ\u00eancia. A recusa de um interc\u00e2mbio n\u00e3o afeta a participa\u00e7\u00e3o futura.<\/p><p data-start=\"4342\" data-end=\"4536\">Uma vez que todas as partes concordam explicitamente em prosseguir, um compromisso \u00e9 estabelecido. Este compromisso inclui honrar os termos acordados, comunicar claramente e abordar a log\u00edstica com cuidado e respeito.<\/p><hr data-start=\"4538\" data-end=\"4541\" \/><h2 data-start=\"4543\" data-end=\"4569\">Media\u00e7\u00e3o e supervis\u00e3o<\/h2><p data-start=\"4571\" data-end=\"4730\">O F\/O est\u00e1 alojado e \u00e9 eticamente supervisionado por <strong data-start=\"4611\" data-end=\"4675\">ASSOCIA\u00c7\u00c3O F\/SOS \u2013 FOTOGRAFIA, SOLIDARIEDADE E OBRAS SOCIAIS<\/strong>, que atua como guardi\u00e3o dos princ\u00edpios do programa.<\/p><p data-start=\"4732\" data-end=\"4948\">Existe media\u00e7\u00e3o para apoiar o di\u00e1logo, clarificar as expectativas e proteger os participantes de desequil\u00edbrios ou press\u00f5es indevidas. \u00c9 consultivo, n\u00e3o punitivo. O programa n\u00e3o imp\u00f5e resultados ou for\u00e7a as trocas a prosseguir.<\/p><p data-start=\"4950\" data-end=\"5115\">Os curadores podem ser convidados a apoiar edi\u00e7\u00f5es piloto ou grandes coortes, contribuindo com conhecimento contextual, reflex\u00e3o e documenta\u00e7\u00e3o, sem centralizar o controle.<\/p><hr data-start=\"5117\" data-end=\"5120\" \/><h2 data-start=\"5122\" data-end=\"5162\">Documenta\u00e7\u00e3o, Mem\u00f3ria e Visibilidade<\/h2><p data-start=\"5164\" data-end=\"5342\">A documenta\u00e7\u00e3o na F\/O existe para preservar o interc\u00e2mbio como um acto cultural. Regista o contexto, a inten\u00e7\u00e3o e a autoria, contribuindo mais para a mem\u00f3ria institucional do que para a promo\u00e7\u00e3o.<\/p><p data-start=\"5344\" data-end=\"5557\">Cada troca pode ser documentada atrav\u00e9s de declara\u00e7\u00f5es escritas, descri\u00e7\u00f5es de obras e informa\u00e7\u00f5es contextuais. A visibilidade funciona a v\u00e1rios n\u00edveis: privado, partilhado ou p\u00fablico, exigindo sempre o consentimento expl\u00edcito.<\/p><p data-start=\"5559\" data-end=\"5713\">N\u00e3o \u00e9 necess\u00e1rio tornar p\u00fablico qualquer interc\u00e2mbio. Quando as trocas s\u00e3o apresentadas publicamente, elas s\u00e3o contextualizadas com cuidado, evitando-se a simplifica\u00e7\u00e3o ou o espet\u00e1culo.<\/p><p data-start=\"5715\" data-end=\"5834\">A associa\u00e7\u00e3o mant\u00e9m um arquivo interno que preserva a hist\u00f3ria do programa e informa o desenvolvimento futuro.<\/p><hr data-start=\"5836\" data-end=\"5839\" \/><h2 data-start=\"5841\" data-end=\"5873\">Log\u00edstica, Transfer\u00eancia e Cuidados<\/h2><p data-start=\"5875\" data-end=\"6056\">Os interc\u00e2mbios em F\/O s\u00e3o tratados diretamente entre os participantes, sempre que poss\u00edvel.<br data-start=\"5956\" data-end=\"5959\" \/>O programa n\u00e3o funciona como um servi\u00e7o de transporte, instala\u00e7\u00e3o de armazenamento ou intermedi\u00e1rio de cust\u00f3dia.<\/p><p data-start=\"6058\" data-end=\"6314\">Os participantes s\u00e3o respons\u00e1veis por coordenar o transporte, o manuseio e os cronogramas, e por cuidar responsavelmente das obras trocadas. Espera-se que as institui\u00e7\u00f5es apliquem padr\u00f5es profissionais e n\u00e3o transfiram os encargos log\u00edsticos para os artistas sem acordo.<\/p><p data-start=\"6316\" data-end=\"6415\">A F\/O pode fornecer orienta\u00e7\u00f5es ou modelos, mas n\u00e3o assume a responsabilidade pelo transporte, perdas ou danos.<\/p><hr data-start=\"6417\" data-end=\"6420\" \/><h2 data-start=\"6422\" data-end=\"6444\">Quem pode participar<\/h2><p data-start=\"6446\" data-end=\"6461\">O F\/O est\u00e1 aberto a:<\/p><ul data-start=\"6462\" data-end=\"6663\"><li data-start=\"6462\" data-end=\"6510\"><p data-start=\"6464\" data-end=\"6510\">artistas em todas as disciplinas e fases da carreira<\/p><\/li><li data-start=\"6511\" data-end=\"6592\"><p data-start=\"6513\" data-end=\"6592\">institui\u00e7\u00f5es culturais e organiza\u00e7\u00f5es sem fins lucrativos que detenham obras n\u00e3o comerciais ou doadas<\/p><\/li><li data-start=\"6593\" data-end=\"6663\"><p data-start=\"6595\" data-end=\"6663\">festivais e plataformas culturais interessados na circula\u00e7\u00e3o \u00e9tica<\/p><\/li><\/ul><p data-start=\"6665\" data-end=\"6767\">A participa\u00e7\u00e3o \u00e9 curada e baseia-se no alinhamento com os princ\u00edpios do programa, em vez de escala ou prest\u00edgio.<\/p><hr data-start=\"6769\" data-end=\"6772\" \/><h2 data-start=\"6774\" data-end=\"6812\">Festival e Interc\u00e2mbio Institucional<\/h2><p data-start=\"6814\" data-end=\"6893\">O F\/O apoia explicitamente o interc\u00e2mbio entre festivais e institui\u00e7\u00f5es, incluindo:<\/p><ul data-start=\"6894\" data-end=\"7011\"><li data-start=\"6894\" data-end=\"6925\"><p data-start=\"6896\" data-end=\"6925\">empr\u00e9stimos rec\u00edprocos para exposi\u00e7\u00f5es<\/p><\/li><li data-start=\"6926\" data-end=\"6967\"><p data-start=\"6928\" data-end=\"6967\">Interc\u00e2mbio de programas curados existentes<\/p><\/li><li data-start=\"6968\" data-end=\"7011\"><p data-start=\"6970\" data-end=\"7011\">circula\u00e7\u00e3o partilhada de projetos culturais<\/p><\/li><\/ul><p data-start=\"7013\" data-end=\"7174\">Estas trocas operam sob os mesmos princ\u00edpios de valor, paridade, consentimento e cuidado, e est\u00e3o posicionadas como alternativas sustent\u00e1veis \u00e0 nova produ\u00e7\u00e3o constante.<\/p><hr data-start=\"7176\" data-end=\"7179\" \/><h2 data-start=\"7181\" data-end=\"7198\">Sustentabilidade<\/h2><p data-start=\"7200\" data-end=\"7404\">A sustentabilidade dentro da F\/O \u00e9 cultural, ambiental e organizacional.<br data-start=\"7273\" data-end=\"7276\" \/>O programa incentiva a reutiliza\u00e7\u00e3o e a recircula\u00e7\u00e3o de obras e exposi\u00e7\u00f5es existentes, a redu\u00e7\u00e3o da produ\u00e7\u00e3o e o transporte consciente.<\/p><p data-start=\"7406\" data-end=\"7499\">O interc\u00e2mbio est\u00e1 posicionado como uma estrat\u00e9gia cultural sustent\u00e1vel e n\u00e3o como um atalho de poupan\u00e7a de custos.<\/p><hr data-start=\"7501\" data-end=\"7504\" \/><h2 data-start=\"7506\" data-end=\"7522\">Edi\u00e7\u00e3o piloto<\/h2><p data-start=\"7524\" data-end=\"7667\">A edi\u00e7\u00e3o piloto do F\/O \u00e9 concebida como uma coorte com curadoria de <strong data-start=\"7586\" data-end=\"7606\">262 participantes<\/strong>, refletindo a filosofia e a escala do ecossistema F\/262.<\/p><p data-start=\"7669\" data-end=\"7820\">A participa\u00e7\u00e3o n\u00e3o requer troca imediata. A observa\u00e7\u00e3o, o di\u00e1logo e a participa\u00e7\u00e3o gradual s\u00e3o formas v\u00e1lidas de participa\u00e7\u00e3o durante a fase-piloto.<\/p><hr data-start=\"7822\" data-end=\"7825\" \/><h2 data-start=\"7827\" data-end=\"7844\">Estado do programa<\/h2><p data-start=\"7846\" data-end=\"8014\">O F\/O \u00e9 um programa ativo no desenvolvimento.<br data-start=\"7886\" data-end=\"7889\" \/>Os quadros evoluem atrav\u00e9s da pr\u00e1tica, da reflex\u00e3o e da documenta\u00e7\u00e3o, mantendo-se simultaneamente ancorados nos princ\u00edpios fundamentais do programa.<\/p>\t\t\t\t\t\t\t\t<\/div>\n\t\t\t\t\t<\/div>\n\t\t\t\t<\/div>\n\t\t\t\t<\/div>","protected":false},"excerpt":{"rendered":"<p>F\/O \u2013 The Exchange Program F\/O is a foundation-led cultural exchange program that reactivates the long-standing artistic practice of exchanging works outside commercial logic. Rooted in dialogue, reciprocity, and ethical care, the program enables artists, institutions, and festivals to circulate artworks, exhibitions, and cultural projects through value-based exchange rather than purchase. Operating as a curated [&hellip;]<\/p>","protected":false},"author":2,"featured_media":0,"parent":0,"menu_order":0,"comment_status":"closed","ping_status":"closed","template":"","meta":{"_acf_changed":false,"give_campaign_id":0,"footnotes":""},"class_list":["post-3168","page","type-page","status-publish","hentry"],"acf":[],"yoast_head":"<!-- This site is optimized with the Yoast SEO plugin v27.4 - https:\/\/yoast.com\/product\/yoast-seo-wordpress\/ -->\n<title>F\/O \u2013 The Exchange Program - F\/SOS ASSOCIA\u00c7\u00c3O<\/title>\n<meta name=\"robots\" content=\"index, follow, max-snippet:-1, max-image-preview:large, max-video-preview:-1\" \/>\n<link rel=\"canonical\" href=\"https:\/\/www.f-sos.org\/pt\/f-o-the-exchange-program\/\" \/>\n<meta property=\"og:locale\" content=\"pt_PT\" \/>\n<meta property=\"og:type\" content=\"article\" \/>\n<meta property=\"og:title\" content=\"F\/O \u2013 The Exchange Program - F\/SOS ASSOCIA\u00c7\u00c3O\" \/>\n<meta property=\"og:description\" content=\"F\/O \u2013 The Exchange Program F\/O is a foundation-led cultural exchange program that reactivates the long-standing artistic practice of exchanging works outside commercial logic. Rooted in dialogue, reciprocity, and ethical care, the program enables artists, institutions, and festivals to circulate artworks, exhibitions, and cultural projects through value-based exchange rather than purchase. Operating as a curated [&hellip;]\" \/>\n<meta property=\"og:url\" content=\"https:\/\/www.f-sos.org\/pt\/f-o-the-exchange-program\/\" \/>\n<meta property=\"og:site_name\" content=\"F\/SOS ASSOCIA\u00c7\u00c3O\" \/>\n<meta property=\"article:publisher\" content=\"https:\/\/www.facebook.com\/profile.php?id=61587009245386\" \/>\n<meta property=\"article:modified_time\" content=\"2026-01-20T07:54:06+00:00\" \/>\n<meta name=\"twitter:card\" content=\"summary_large_image\" \/>\n<meta name=\"twitter:label1\" content=\"Tempo estimado de leitura\" \/>\n\t<meta name=\"twitter:data1\" content=\"5 minutes\" \/>\n<script type=\"application\/ld+json\" class=\"yoast-schema-graph\">{\"@context\":\"https:\\\/\\\/schema.org\",\"@graph\":[{\"@type\":\"WebPage\",\"@id\":\"https:\\\/\\\/www.f-sos.org\\\/f-o-the-exchange-program\\\/\",\"url\":\"https:\\\/\\\/www.f-sos.org\\\/f-o-the-exchange-program\\\/\",\"name\":\"F\\\/O \u2013 The Exchange Program - F\\\/SOS ASSOCIA\u00c7\u00c3O\",\"isPartOf\":{\"@id\":\"https:\\\/\\\/www.f-sos.org\\\/#website\"},\"datePublished\":\"2026-01-20T07:52:14+00:00\",\"dateModified\":\"2026-01-20T07:54:06+00:00\",\"breadcrumb\":{\"@id\":\"https:\\\/\\\/www.f-sos.org\\\/f-o-the-exchange-program\\\/#breadcrumb\"},\"inLanguage\":\"pt-PT\",\"potentialAction\":[{\"@type\":\"ReadAction\",\"target\":[\"https:\\\/\\\/www.f-sos.org\\\/f-o-the-exchange-program\\\/\"]}]},{\"@type\":\"BreadcrumbList\",\"@id\":\"https:\\\/\\\/www.f-sos.org\\\/f-o-the-exchange-program\\\/#breadcrumb\",\"itemListElement\":[{\"@type\":\"ListItem\",\"position\":1,\"name\":\"Home\",\"item\":\"https:\\\/\\\/www.f-sos.org\\\/\"},{\"@type\":\"ListItem\",\"position\":2,\"name\":\"F\\\/O \u2013 The Exchange Program\"}]},{\"@type\":\"WebSite\",\"@id\":\"https:\\\/\\\/www.f-sos.org\\\/#website\",\"url\":\"https:\\\/\\\/www.f-sos.org\\\/\",\"name\":\"Associa\u00e7\u00e3o F\\\/SOS \u2013 Fotografia, Solidariedade e Obras Sociais\",\"description\":\"ASSOCIA\u00c7\u00c3O F\\\/SOS \u2014 FOTOGRAFIA, SOLIDARIEDADE E OBRAS SOCIAIS\",\"publisher\":{\"@id\":\"https:\\\/\\\/www.f-sos.org\\\/#organization\"},\"potentialAction\":[{\"@type\":\"SearchAction\",\"target\":{\"@type\":\"EntryPoint\",\"urlTemplate\":\"https:\\\/\\\/www.f-sos.org\\\/?s={search_term_string}\"},\"query-input\":{\"@type\":\"PropertyValueSpecification\",\"valueRequired\":true,\"valueName\":\"search_term_string\"}}],\"inLanguage\":\"pt-PT\"},{\"@type\":\"Organization\",\"@id\":\"https:\\\/\\\/www.f-sos.org\\\/#organization\",\"name\":\"Associa\u00e7\u00e3o F\\\/SOS \u2013 Fotografia, Solidariedade e Obras Sociais\",\"url\":\"https:\\\/\\\/www.f-sos.org\\\/\",\"logo\":{\"@type\":\"ImageObject\",\"inLanguage\":\"pt-PT\",\"@id\":\"https:\\\/\\\/www.f-sos.org\\\/#\\\/schema\\\/logo\\\/image\\\/\",\"url\":\"https:\\\/\\\/www.f-sos.org\\\/wp-content\\\/uploads\\\/2026\\\/01\\\/associacao-teal-scaled.png\",\"contentUrl\":\"https:\\\/\\\/www.f-sos.org\\\/wp-content\\\/uploads\\\/2026\\\/01\\\/associacao-teal-scaled.png\",\"width\":2560,\"height\":566,\"caption\":\"Associa\u00e7\u00e3o F\\\/SOS \u2013 Fotografia, Solidariedade e Obras Sociais\"},\"image\":{\"@id\":\"https:\\\/\\\/www.f-sos.org\\\/#\\\/schema\\\/logo\\\/image\\\/\"},\"sameAs\":[\"https:\\\/\\\/www.facebook.com\\\/profile.php?id=61587009245386\",\"https:\\\/\\\/www.linkedin.com\\\/company\\\/associacao-f-sos-fotografia-solidariedade-e-obras-sociais\\\/\"]}]}<\/script>\n<!-- \/ Yoast SEO plugin. -->","yoast_head_json":{"title":"F\/O \u2013 The Exchange Program - F\/SOS ASSOCIA\u00c7\u00c3O","robots":{"index":"index","follow":"follow","max-snippet":"max-snippet:-1","max-image-preview":"max-image-preview:large","max-video-preview":"max-video-preview:-1"},"canonical":"https:\/\/www.f-sos.org\/pt\/f-o-the-exchange-program\/","og_locale":"pt_PT","og_type":"article","og_title":"F\/O \u2013 The Exchange Program - F\/SOS ASSOCIA\u00c7\u00c3O","og_description":"F\/O \u2013 The Exchange Program F\/O is a foundation-led cultural exchange program that reactivates the long-standing artistic practice of exchanging works outside commercial logic. Rooted in dialogue, reciprocity, and ethical care, the program enables artists, institutions, and festivals to circulate artworks, exhibitions, and cultural projects through value-based exchange rather than purchase. Operating as a curated [&hellip;]","og_url":"https:\/\/www.f-sos.org\/pt\/f-o-the-exchange-program\/","og_site_name":"F\/SOS ASSOCIA\u00c7\u00c3O","article_publisher":"https:\/\/www.facebook.com\/profile.php?id=61587009245386","article_modified_time":"2026-01-20T07:54:06+00:00","twitter_card":"summary_large_image","twitter_misc":{"Tempo estimado de leitura":"5 minutes"},"schema":{"@context":"https:\/\/schema.org","@graph":[{"@type":"WebPage","@id":"https:\/\/www.f-sos.org\/f-o-the-exchange-program\/","url":"https:\/\/www.f-sos.org\/f-o-the-exchange-program\/","name":"F\/O \u2013 The Exchange Program - F\/SOS ASSOCIA\u00c7\u00c3O","isPartOf":{"@id":"https:\/\/www.f-sos.org\/#website"},"datePublished":"2026-01-20T07:52:14+00:00","dateModified":"2026-01-20T07:54:06+00:00","breadcrumb":{"@id":"https:\/\/www.f-sos.org\/f-o-the-exchange-program\/#breadcrumb"},"inLanguage":"pt-PT","potentialAction":[{"@type":"ReadAction","target":["https:\/\/www.f-sos.org\/f-o-the-exchange-program\/"]}]},{"@type":"BreadcrumbList","@id":"https:\/\/www.f-sos.org\/f-o-the-exchange-program\/#breadcrumb","itemListElement":[{"@type":"ListItem","position":1,"name":"Home","item":"https:\/\/www.f-sos.org\/"},{"@type":"ListItem","position":2,"name":"F\/O \u2013 The Exchange Program"}]},{"@type":"WebSite","@id":"https:\/\/www.f-sos.org\/#website","url":"https:\/\/www.f-sos.org\/","name":"Associa\u00e7\u00e3o F\/SOS \u2013 Fotografia, Solidariedade e Obras Sociais","description":"ASSOCIA\u00c7\u00c3O F\/SOS \u2014 FOTOGRAFIA, SOLIDARIEDADE E OBRAS SOCIAIS","publisher":{"@id":"https:\/\/www.f-sos.org\/#organization"},"potentialAction":[{"@type":"SearchAction","target":{"@type":"EntryPoint","urlTemplate":"https:\/\/www.f-sos.org\/?s={search_term_string}"},"query-input":{"@type":"PropertyValueSpecification","valueRequired":true,"valueName":"search_term_string"}}],"inLanguage":"pt-PT"},{"@type":"Organization","@id":"https:\/\/www.f-sos.org\/#organization","name":"Associa\u00e7\u00e3o F\/SOS \u2013 Fotografia, Solidariedade e Obras Sociais","url":"https:\/\/www.f-sos.org\/","logo":{"@type":"ImageObject","inLanguage":"pt-PT","@id":"https:\/\/www.f-sos.org\/#\/schema\/logo\/image\/","url":"https:\/\/www.f-sos.org\/wp-content\/uploads\/2026\/01\/associacao-teal-scaled.png","contentUrl":"https:\/\/www.f-sos.org\/wp-content\/uploads\/2026\/01\/associacao-teal-scaled.png","width":2560,"height":566,"caption":"Associa\u00e7\u00e3o F\/SOS \u2013 Fotografia, Solidariedade e Obras Sociais"},"image":{"@id":"https:\/\/www.f-sos.org\/#\/schema\/logo\/image\/"},"sameAs":["https:\/\/www.facebook.com\/profile.php?id=61587009245386","https:\/\/www.linkedin.com\/company\/associacao-f-sos-fotografia-solidariedade-e-obras-sociais\/"]}]}},"campaignId":"","_links":{"self":[{"href":"https:\/\/www.f-sos.org\/pt\/wp-json\/wp\/v2\/pages\/3168","targetHints":{"allow":["GET"]}}],"collection":[{"href":"https:\/\/www.f-sos.org\/pt\/wp-json\/wp\/v2\/pages"}],"about":[{"href":"https:\/\/www.f-sos.org\/pt\/wp-json\/wp\/v2\/types\/page"}],"author":[{"embeddable":true,"href":"https:\/\/www.f-sos.org\/pt\/wp-json\/wp\/v2\/users\/2"}],"replies":[{"embeddable":true,"href":"https:\/\/www.f-sos.org\/pt\/wp-json\/wp\/v2\/comments?post=3168"}],"version-history":[{"count":0,"href":"https:\/\/www.f-sos.org\/pt\/wp-json\/wp\/v2\/pages\/3168\/revisions"}],"wp:attachment":[{"href":"https:\/\/www.f-sos.org\/pt\/wp-json\/wp\/v2\/media?parent=3168"}],"curies":[{"name":"wp","href":"https:\/\/api.w.org\/{rel}","templated":true}]}}