{"id":3083,"date":"2026-01-19T19:08:26","date_gmt":"2026-01-19T19:08:26","guid":{"rendered":"https:\/\/www.f-sos.org\/?page_id=3083"},"modified":"2026-02-01T09:37:30","modified_gmt":"2026-02-01T09:37:30","slug":"misson-vison-and-values","status":"publish","type":"page","link":"https:\/\/www.f-sos.org\/pt\/misson-vison-and-values\/","title":{"rendered":"Miss\u00e3o, Vis\u00e3o &amp; Valores"},"content":{"rendered":"<div data-elementor-type=\"wp-page\" data-elementor-id=\"3083\" class=\"elementor elementor-3083\">\n\t\t\t\t<div class=\"elementor-element elementor-element-6f56d58 e-flex e-con-boxed e-con e-parent\" data-id=\"6f56d58\" data-element_type=\"container\" data-e-type=\"container\">\n\t\t\t\t\t<div class=\"e-con-inner\">\n\t\t\t\t<div class=\"elementor-element elementor-element-aa18888 elementor-widget elementor-widget-heading\" data-id=\"aa18888\" data-element_type=\"widget\" data-e-type=\"widget\" data-widget_type=\"heading.default\">\n\t\t\t\t\t<h2 class=\"elementor-heading-title elementor-size-default\">Miss\u00e3o, Vis\u00e3o &amp; Valores<\/h2>\t\t\t\t<\/div>\n\t\t\t\t<div class=\"elementor-element elementor-element-22eb74e elementor-widget elementor-widget-text-editor\" data-id=\"22eb74e\" data-element_type=\"widget\" data-e-type=\"widget\" data-widget_type=\"text-editor.default\">\n\t\t\t\t\t\t\t\t\t<h2 data-start=\"254\" data-end=\"264\">Miss\u00e3o<\/h2><p data-start=\"266\" data-end=\"510\"><strong data-start=\"266\" data-end=\"330\">ASSOCIA\u00c7\u00c3O F\/SOS \u2013 Fotografia, Solidariedade e Obras Sociais<\/strong> \u00c9 uma associa\u00e7\u00e3o cultural sem fins lucrativos dedicada \u00e0 promo\u00e7\u00e3o, ao desenvolvimento e ao apoio de atividades nos dom\u00ednios da fotografia, da arte, da cultura, da educa\u00e7\u00e3o e da solidariedade social.<\/p><p data-start=\"512\" data-end=\"907\">A nossa miss\u00e3o \u00e9 utilizar a fotografia e a cultura visual como ferramentas culturais, educativas e sociais que promovam a inclus\u00e3o, a participa\u00e7\u00e3o, a empatia e a consci\u00eancia ambiental. Atrav\u00e9s da cria\u00e7\u00e3o, produ\u00e7\u00e3o e divulga\u00e7\u00e3o de projetos fotogr\u00e1ficos, art\u00edsticos e culturais, pretendemos expandir o acesso \u00e0 cultura e incentivar um envolvimento significativo com os desafios sociais e ambientais contempor\u00e2neos.<\/p><p data-start=\"909\" data-end=\"1174\">Desenvolvemos exposi\u00e7\u00f5es, publica\u00e7\u00f5es, festivais, programas educativos e iniciativas comunit\u00e1rias, trabalhando em colabora\u00e7\u00e3o com artistas, educadores, institui\u00e7\u00f5es p\u00fablicas, organiza\u00e7\u00f5es privadas e parceiros comunit\u00e1rios a n\u00edvel local, nacional e internacional.<\/p><hr data-start=\"1176\" data-end=\"1179\" \/><h2 data-start=\"1181\" data-end=\"1190\">Vis\u00e3o<\/h2><p data-start=\"1192\" data-end=\"1369\">A F\/SOS vislumbra uma sociedade em que a fotografia \u00e9 entendida como uma pr\u00e1tica cultural partilhada e um bem p\u00fablico, capaz de ligar pessoas, territ\u00f3rios e perspetivas diversas.<\/p><p data-start=\"1371\" data-end=\"1740\">Aspiramos a ser uma refer\u00eancia para o uso socialmente engajado da fotografia, onde a cria\u00e7\u00e3o art\u00edstica, a educa\u00e7\u00e3o e o envolvimento comunit\u00e1rio se cruzam para fortalecer a participa\u00e7\u00e3o cultural, a coes\u00e3o social e a responsabilidade ambiental. Acreditamos numa paisagem cultural aberta, acess\u00edvel e atenta \u00e0s vozes e experi\u00eancias que moldam o nosso futuro coletivo.<\/p><hr data-start=\"1742\" data-end=\"1745\" \/><h2 data-start=\"1747\" data-end=\"1756\">Valores<\/h2><p data-start=\"1758\" data-end=\"1871\">O trabalho de <strong data-start=\"1770\" data-end=\"1790\">ASSOCIA\u00c7\u00c3O F\/SOS<\/strong> orienta-se por um conjunto de valores fundamentais que orientam todos os seus projetos e parcerias:<\/p><p data-start=\"1873\" data-end=\"2024\"><strong data-start=\"1873\" data-end=\"1886\">Inclus\u00e3o<\/strong><br data-start=\"1886\" data-end=\"1889\" \/>Garantir o acesso \u00e0 participa\u00e7\u00e3o cultural de diversas comunidades, com especial aten\u00e7\u00e3o para os grupos sub-representados e vulner\u00e1veis.<\/p><p data-start=\"2026\" data-end=\"2203\"><strong data-start=\"2026\" data-end=\"2043\">Colabora\u00e7\u00e3o<\/strong><br data-start=\"2043\" data-end=\"2046\" \/>Criar parcerias com artistas, institui\u00e7\u00f5es, educadores e organiza\u00e7\u00f5es sociais, reconhecendo o trabalho coletivo como essencial para o impacto cultural e social.<\/p><p data-start=\"2205\" data-end=\"2371\"><strong data-start=\"2205\" data-end=\"2240\">Educa\u00e7\u00e3o e partilha de conhecimentos<\/strong><br data-start=\"2240\" data-end=\"2243\" \/>Promover a aprendizagem, o pensamento cr\u00edtico e a transmiss\u00e3o de conhecimentos atrav\u00e9s da fotografia, das artes visuais e das pr\u00e1ticas culturais.<\/p><p data-start=\"2373\" data-end=\"2527\"><strong data-start=\"2373\" data-end=\"2400\">Responsabilidade e Cuidados<\/strong><br data-start=\"2400\" data-end=\"2403\" \/>Agir com responsabilidade social, cultural e ambiental, consciente do impacto \u00e9tico das imagens e das pr\u00e1ticas art\u00edsticas.<\/p><p data-start=\"2529\" data-end=\"2718\"><strong data-start=\"2529\" data-end=\"2558\">Compromisso com a fotografia<\/strong><br data-start=\"2558\" data-end=\"2561\" \/>Defender a fotografia como uma linguagem viva, cr\u00edtica e transformadora, capaz de documentar a realidade, questionar normas e imaginar futuros alternativos.<\/p>\t\t\t\t\t\t\t\t<\/div>\n\t\t\t\t<div class=\"elementor-element elementor-element-8d05bb0 elementor-widget elementor-widget-heading\" data-id=\"8d05bb0\" data-element_type=\"widget\" data-e-type=\"widget\" data-widget_type=\"heading.default\">\n\t\t\t\t\t<h4 class=\"elementor-heading-title elementor-size-default\">Compromisso Institucional com a Sustentabilidade<\/h4>\t\t\t\t<\/div>\n\t\t\t\t\t<\/div>\n\t\t\t\t<\/div>\n\t\t<div class=\"elementor-element elementor-element-e9578cc e-flex e-con-boxed e-con e-parent\" data-id=\"e9578cc\" data-element_type=\"container\" data-e-type=\"container\">\n\t\t\t\t\t<div class=\"e-con-inner\">\n\t\t<div class=\"elementor-element elementor-element-92b72e7 e-con-full e-flex e-con e-child\" data-id=\"92b72e7\" data-element_type=\"container\" data-e-type=\"container\">\n\t\t\t\t<div class=\"elementor-element elementor-element-150f07a elementor-widget elementor-widget-text-editor\" data-id=\"150f07a\" data-element_type=\"widget\" data-e-type=\"widget\" data-widget_type=\"text-editor.default\">\n\t\t\t\t\t\t\t\t\t<p data-start=\"886\" data-end=\"1204\">O trabalho de <strong data-start=\"898\" data-end=\"962\">ASSOCIA\u00c7\u00c3O F\/SOS \u2013 Fotografia, Solidariedade e Obras Sociais<\/strong> assenta na responsabilidade social, cultural e ambiental. Juntamente com a sua miss\u00e3o art\u00edstica e comunit\u00e1ria, a associa\u00e7\u00e3o envolve-se formalmente com estruturas p\u00fablicas que promovem o desenvolvimento sustent\u00e1vel e a responsabilidade coletiva.<\/p><p data-start=\"1206\" data-end=\"1578\">A F\/SOS \u00e9 signat\u00e1ria oficial da <strong data-start=\"1244\" data-end=\"1298\">Pacto pela Economia Circular na Regi\u00e3o Centro<\/strong>, coordenada pelo <span class=\"hover:entity-accent entity-underline inline cursor-pointer align-baseline\"><span class=\"whitespace-normal\">CCDR Centro<\/span><\/span>. Este compromisso reflete o alinhamento da associa\u00e7\u00e3o com as pol\u00edticas p\u00fablicas regionais e a sua responsabilidade de desenvolver a\u00e7\u00f5es concretas que contribuam para um ecossistema cultural mais circular, sustent\u00e1vel e socialmente envolvido.<\/p><p data-start=\"1580\" data-end=\"1823\">Entre 2026 e 2027, este compromisso \u00e9 expresso atrav\u00e9s de projetos desenvolvidos no contexto do F\/262 \u2013 Festival Internacional de Fotografia, onde a sustentabilidade, a educa\u00e7\u00e3o e o envolvimento da comunidade s\u00e3o integrados na pr\u00e1tica cultural.<\/p>\t\t\t\t\t\t\t\t<\/div>\n\t\t\t\t<\/div>\n\t\t<div class=\"elementor-element elementor-element-5339855 e-con-full e-flex e-con e-child\" data-id=\"5339855\" data-element_type=\"container\" data-e-type=\"container\">\n\t\t\t\t<div class=\"elementor-element elementor-element-0eecf1e elementor-widget elementor-widget-image\" data-id=\"0eecf1e\" data-element_type=\"widget\" data-e-type=\"widget\" data-widget_type=\"image.default\">\n\t\t\t\t\t\t\t\t\t\t\t\t\t\t\t<img fetchpriority=\"high\" decoding=\"async\" width=\"1024\" height=\"1024\" src=\"https:\/\/www.f-sos.org\/wp-content\/uploads\/2026\/01\/IMG_0731-1024x1024.jpg\" class=\"attachment-large size-large wp-image-3241\" alt=\"IMG 0731\" srcset=\"https:\/\/www.f-sos.org\/wp-content\/uploads\/2026\/01\/IMG_0731-1024x1024.jpg 1024w, https:\/\/www.f-sos.org\/wp-content\/uploads\/2026\/01\/IMG_0731-300x300.jpg 300w, https:\/\/www.f-sos.org\/wp-content\/uploads\/2026\/01\/IMG_0731-150x150.jpg 150w, https:\/\/www.f-sos.org\/wp-content\/uploads\/2026\/01\/IMG_0731-768x768.jpg 768w, https:\/\/www.f-sos.org\/wp-content\/uploads\/2026\/01\/IMG_0731-80x80.jpg 80w, https:\/\/www.f-sos.org\/wp-content\/uploads\/2026\/01\/IMG_0731.jpg 1080w\" sizes=\"(max-width: 1024px) 100vw, 1024px\" \/>\t\t\t\t\t\t\t\t\t\t\t\t\t\t\t<\/div>\n\t\t\t\t<div class=\"elementor-element elementor-element-21dc048 elementor-align-center elementor-widget elementor-widget-button\" data-id=\"21dc048\" data-element_type=\"widget\" data-e-type=\"widget\" data-widget_type=\"button.default\">\n\t\t\t\t\t\t\t\t\t\t<a class=\"elementor-button elementor-button-link elementor-size-sm\" href=\"https:\/\/www.f-sos.org\/wp-content\/uploads\/2026\/02\/23_F262_festival-fotografia.pdf\">\n\t\t\t\t\t\t<span class=\"elementor-button-content-wrapper\">\n\t\t\t\t\t\t\t\t\t<span class=\"elementor-button-text\">Documento oficial (PDF)<\/span>\n\t\t\t\t\t<\/span>\n\t\t\t\t\t<\/a>\n\t\t\t\t\t\t\t\t<\/div>\n\t\t\t\t<div class=\"elementor-element elementor-element-ed5160d elementor-widget elementor-widget-image\" data-id=\"ed5160d\" data-element_type=\"widget\" data-e-type=\"widget\" data-widget_type=\"image.default\">\n\t\t\t\t\t\t\t\t\t\t\t\t\t\t\t<img decoding=\"async\" width=\"1024\" height=\"1024\" src=\"https:\/\/www.f-sos.org\/wp-content\/uploads\/2026\/02\/443713274_460510749882527_1481451599342544215_n-1024x1024.jpg\" class=\"attachment-large size-large wp-image-3305\" alt=\"443713274 460510749882527 1481451599342544215 n\" srcset=\"https:\/\/www.f-sos.org\/wp-content\/uploads\/2026\/02\/443713274_460510749882527_1481451599342544215_n-1024x1024.jpg 1024w, https:\/\/www.f-sos.org\/wp-content\/uploads\/2026\/02\/443713274_460510749882527_1481451599342544215_n-300x300.jpg 300w, https:\/\/www.f-sos.org\/wp-content\/uploads\/2026\/02\/443713274_460510749882527_1481451599342544215_n-150x150.jpg 150w, https:\/\/www.f-sos.org\/wp-content\/uploads\/2026\/02\/443713274_460510749882527_1481451599342544215_n-768x768.jpg 768w, https:\/\/www.f-sos.org\/wp-content\/uploads\/2026\/02\/443713274_460510749882527_1481451599342544215_n-80x80.jpg 80w, https:\/\/www.f-sos.org\/wp-content\/uploads\/2026\/02\/443713274_460510749882527_1481451599342544215_n.jpg 1181w\" sizes=\"(max-width: 1024px) 100vw, 1024px\" \/>\t\t\t\t\t\t\t\t\t\t\t\t\t\t\t<\/div>\n\t\t\t\t<\/div>\n\t\t\t\t\t<\/div>\n\t\t\t\t<\/div>\n\t\t<div class=\"elementor-element elementor-element-b5da32d e-flex e-con-boxed e-con e-parent\" data-id=\"b5da32d\" data-element_type=\"container\" data-e-type=\"container\">\n\t\t\t\t\t<div class=\"e-con-inner\">\n\t\t\t\t<div class=\"elementor-element elementor-element-b441ec4 elementor-widget elementor-widget-heading\" data-id=\"b441ec4\" data-element_type=\"widget\" data-e-type=\"widget\" data-widget_type=\"heading.default\">\n\t\t\t\t\t<h2 class=\"elementor-heading-title elementor-size-default\">Como compreendemos o nosso trabalho<\/h2>\t\t\t\t<\/div>\n\t\t\t\t<div class=\"elementor-element elementor-element-dafef39 elementor-widget elementor-widget-text-editor\" data-id=\"dafef39\" data-element_type=\"widget\" data-e-type=\"widget\" data-widget_type=\"text-editor.default\">\n\t\t\t\t\t\t\t\t\t<p data-start=\"589\" data-end=\"797\"><strong data-start=\"589\" data-end=\"604\">Fotografia<\/strong><br data-start=\"604\" data-end=\"607\" \/>Para o F\/SOS, a fotografia \u00e9 uma linguagem partilhada. Uma forma de observar, questionar, recordar e imaginar. \u00c9 simultaneamente uma pr\u00e1tica art\u00edstica e uma ferramenta de di\u00e1logo entre pessoas, lugares e experi\u00eancias.<\/p><p data-start=\"799\" data-end=\"1056\"><strong data-start=\"799\" data-end=\"821\">Acesso &amp; Inclus\u00e3o<\/strong><br data-start=\"821\" data-end=\"824\" \/>Trabalhamos para tornar a participa\u00e7\u00e3o cultural mais aberta e acess\u00edvel. Isso significa pensar em quem \u00e9 convidado, como os projetos s\u00e3o comunicados e como as pessoas podem participar, independentemente da origem, idade, capacidade ou experi\u00eancia com a arte.<\/p><p data-start=\"1058\" data-end=\"1277\"><strong data-start=\"1058\" data-end=\"1071\">Comunidade<\/strong><br data-start=\"1071\" data-end=\"1074\" \/>Acreditamos que a cultura cresce atrav\u00e9s da colabora\u00e7\u00e3o. Os nossos projetos s\u00e3o desenvolvidos com artistas, educadores, institui\u00e7\u00f5es e comunidades, valorizando a escuta, o cuidado e as rela\u00e7\u00f5es a longo prazo em detrimento de a\u00e7\u00f5es pontuais.<\/p><p data-start=\"1279\" data-end=\"1484\"><strong data-start=\"1279\" data-end=\"1297\">Responsabilidade<\/strong><br data-start=\"1297\" data-end=\"1300\" \/>As imagens carregam significado e impacto. Abordamos a fotografia com responsabilidade social, cultural e ambiental, conscientes do seu poder de moldar a perce\u00e7\u00e3o e influenciar a mem\u00f3ria coletiva.<\/p><p data-start=\"1486\" data-end=\"1710\"><strong data-start=\"1486\" data-end=\"1503\">Participa\u00e7\u00e3o<\/strong><br data-start=\"1503\" data-end=\"1506\" \/>A participa\u00e7\u00e3o pode assumir muitas formas, como criar, aprender, visitar, partilhar ou simplesmente estar presente. Todos s\u00e3o v\u00e1lidos. A fotografia permite m\u00faltiplas formas de interagir com a cultura, em diferentes ritmos e profundidades.<\/p>\t\t\t\t\t\t\t\t<\/div>\n\t\t\t\t\t<\/div>\n\t\t\t\t<\/div>\n\t\t<div class=\"elementor-element elementor-element-9bb7d3e e-flex e-con-boxed e-con e-parent\" data-id=\"9bb7d3e\" data-element_type=\"container\" data-e-type=\"container\">\n\t\t\t\t\t<div class=\"e-con-inner\">\n\t\t\t\t\t<\/div>\n\t\t\t\t<\/div>\n\t\t\t\t<\/div>","protected":false},"excerpt":{"rendered":"<p>Mission, Vision &amp; Values Mission ASSOCIA\u00c7\u00c3O F\/SOS \u2013 Fotografia, Solidariedade e Obras Sociais is a non-profit cultural association dedicated to the promotion, development and support of activities in the fields of photography, art, culture, education and social solidarity. Our mission is to use photography and visual culture as cultural, educational and social tools that foster [&hellip;]<\/p>","protected":false},"author":2,"featured_media":0,"parent":0,"menu_order":0,"comment_status":"closed","ping_status":"closed","template":"","meta":{"_acf_changed":false,"give_campaign_id":0,"footnotes":""},"class_list":["post-3083","page","type-page","status-publish","hentry"],"acf":[],"yoast_head":"<!-- This site is optimized with the Yoast SEO plugin v27.4 - https:\/\/yoast.com\/product\/yoast-seo-wordpress\/ -->\n<title>Mission, Vision &amp; Values - F\/SOS ASSOCIA\u00c7\u00c3O<\/title>\n<meta name=\"robots\" content=\"index, follow, max-snippet:-1, max-image-preview:large, max-video-preview:-1\" \/>\n<link rel=\"canonical\" href=\"https:\/\/www.f-sos.org\/pt\/misson-vison-and-values\/\" \/>\n<meta property=\"og:locale\" content=\"pt_PT\" \/>\n<meta property=\"og:type\" content=\"article\" \/>\n<meta property=\"og:title\" content=\"Mission, Vision &amp; Values - F\/SOS ASSOCIA\u00c7\u00c3O\" \/>\n<meta property=\"og:description\" content=\"Mission, Vision &amp; Values Mission ASSOCIA\u00c7\u00c3O F\/SOS \u2013 Fotografia, Solidariedade e Obras Sociais is a non-profit cultural association dedicated to the promotion, development and support of activities in the fields of photography, art, culture, education and social solidarity. Our mission is to use photography and visual culture as cultural, educational and social tools that foster [&hellip;]\" \/>\n<meta property=\"og:url\" content=\"https:\/\/www.f-sos.org\/pt\/misson-vison-and-values\/\" \/>\n<meta property=\"og:site_name\" content=\"F\/SOS ASSOCIA\u00c7\u00c3O\" \/>\n<meta property=\"article:publisher\" content=\"https:\/\/www.facebook.com\/profile.php?id=61587009245386\" \/>\n<meta property=\"article:modified_time\" content=\"2026-02-01T09:37:30+00:00\" \/>\n<meta property=\"og:image\" content=\"https:\/\/www.f-sos.org\/wp-content\/uploads\/2026\/01\/IMG_0731-1024x1024.jpg\" \/>\n<meta name=\"twitter:card\" content=\"summary_large_image\" \/>\n<meta name=\"twitter:label1\" content=\"Tempo estimado de leitura\" \/>\n\t<meta name=\"twitter:data1\" content=\"3 minutes\" \/>\n<script type=\"application\/ld+json\" class=\"yoast-schema-graph\">{\"@context\":\"https:\\\/\\\/schema.org\",\"@graph\":[{\"@type\":\"WebPage\",\"@id\":\"https:\\\/\\\/www.f-sos.org\\\/misson-vison-and-values\\\/\",\"url\":\"https:\\\/\\\/www.f-sos.org\\\/misson-vison-and-values\\\/\",\"name\":\"Mission, Vision & Values - F\\\/SOS ASSOCIA\u00c7\u00c3O\",\"isPartOf\":{\"@id\":\"https:\\\/\\\/www.f-sos.org\\\/#website\"},\"primaryImageOfPage\":{\"@id\":\"https:\\\/\\\/www.f-sos.org\\\/misson-vison-and-values\\\/#primaryimage\"},\"image\":{\"@id\":\"https:\\\/\\\/www.f-sos.org\\\/misson-vison-and-values\\\/#primaryimage\"},\"thumbnailUrl\":\"https:\\\/\\\/www.f-sos.org\\\/wp-content\\\/uploads\\\/2026\\\/01\\\/IMG_0731-1024x1024.jpg\",\"datePublished\":\"2026-01-19T19:08:26+00:00\",\"dateModified\":\"2026-02-01T09:37:30+00:00\",\"breadcrumb\":{\"@id\":\"https:\\\/\\\/www.f-sos.org\\\/misson-vison-and-values\\\/#breadcrumb\"},\"inLanguage\":\"pt-PT\",\"potentialAction\":[{\"@type\":\"ReadAction\",\"target\":[\"https:\\\/\\\/www.f-sos.org\\\/misson-vison-and-values\\\/\"]}]},{\"@type\":\"ImageObject\",\"inLanguage\":\"pt-PT\",\"@id\":\"https:\\\/\\\/www.f-sos.org\\\/misson-vison-and-values\\\/#primaryimage\",\"url\":\"https:\\\/\\\/www.f-sos.org\\\/wp-content\\\/uploads\\\/2026\\\/01\\\/IMG_0731-1024x1024.jpg\",\"contentUrl\":\"https:\\\/\\\/www.f-sos.org\\\/wp-content\\\/uploads\\\/2026\\\/01\\\/IMG_0731-1024x1024.jpg\"},{\"@type\":\"BreadcrumbList\",\"@id\":\"https:\\\/\\\/www.f-sos.org\\\/misson-vison-and-values\\\/#breadcrumb\",\"itemListElement\":[{\"@type\":\"ListItem\",\"position\":1,\"name\":\"Home\",\"item\":\"https:\\\/\\\/www.f-sos.org\\\/\"},{\"@type\":\"ListItem\",\"position\":2,\"name\":\"Mission, Vision &#038; Values\"}]},{\"@type\":\"WebSite\",\"@id\":\"https:\\\/\\\/www.f-sos.org\\\/#website\",\"url\":\"https:\\\/\\\/www.f-sos.org\\\/\",\"name\":\"Associa\u00e7\u00e3o F\\\/SOS \u2013 Fotografia, Solidariedade e Obras Sociais\",\"description\":\"ASSOCIA\u00c7\u00c3O F\\\/SOS \u2014 FOTOGRAFIA, SOLIDARIEDADE E OBRAS SOCIAIS\",\"publisher\":{\"@id\":\"https:\\\/\\\/www.f-sos.org\\\/#organization\"},\"potentialAction\":[{\"@type\":\"SearchAction\",\"target\":{\"@type\":\"EntryPoint\",\"urlTemplate\":\"https:\\\/\\\/www.f-sos.org\\\/?s={search_term_string}\"},\"query-input\":{\"@type\":\"PropertyValueSpecification\",\"valueRequired\":true,\"valueName\":\"search_term_string\"}}],\"inLanguage\":\"pt-PT\"},{\"@type\":\"Organization\",\"@id\":\"https:\\\/\\\/www.f-sos.org\\\/#organization\",\"name\":\"Associa\u00e7\u00e3o F\\\/SOS \u2013 Fotografia, Solidariedade e Obras Sociais\",\"url\":\"https:\\\/\\\/www.f-sos.org\\\/\",\"logo\":{\"@type\":\"ImageObject\",\"inLanguage\":\"pt-PT\",\"@id\":\"https:\\\/\\\/www.f-sos.org\\\/#\\\/schema\\\/logo\\\/image\\\/\",\"url\":\"https:\\\/\\\/www.f-sos.org\\\/wp-content\\\/uploads\\\/2026\\\/01\\\/associacao-teal-scaled.png\",\"contentUrl\":\"https:\\\/\\\/www.f-sos.org\\\/wp-content\\\/uploads\\\/2026\\\/01\\\/associacao-teal-scaled.png\",\"width\":2560,\"height\":566,\"caption\":\"Associa\u00e7\u00e3o F\\\/SOS \u2013 Fotografia, Solidariedade e Obras Sociais\"},\"image\":{\"@id\":\"https:\\\/\\\/www.f-sos.org\\\/#\\\/schema\\\/logo\\\/image\\\/\"},\"sameAs\":[\"https:\\\/\\\/www.facebook.com\\\/profile.php?id=61587009245386\",\"https:\\\/\\\/www.linkedin.com\\\/company\\\/associacao-f-sos-fotografia-solidariedade-e-obras-sociais\\\/\"]}]}<\/script>\n<!-- \/ Yoast SEO plugin. -->","yoast_head_json":{"title":"Mission, Vision & Values - F\/SOS ASSOCIA\u00c7\u00c3O","robots":{"index":"index","follow":"follow","max-snippet":"max-snippet:-1","max-image-preview":"max-image-preview:large","max-video-preview":"max-video-preview:-1"},"canonical":"https:\/\/www.f-sos.org\/pt\/misson-vison-and-values\/","og_locale":"pt_PT","og_type":"article","og_title":"Mission, Vision & Values - F\/SOS ASSOCIA\u00c7\u00c3O","og_description":"Mission, Vision &amp; Values Mission ASSOCIA\u00c7\u00c3O F\/SOS \u2013 Fotografia, Solidariedade e Obras Sociais is a non-profit cultural association dedicated to the promotion, development and support of activities in the fields of photography, art, culture, education and social solidarity. Our mission is to use photography and visual culture as cultural, educational and social tools that foster [&hellip;]","og_url":"https:\/\/www.f-sos.org\/pt\/misson-vison-and-values\/","og_site_name":"F\/SOS ASSOCIA\u00c7\u00c3O","article_publisher":"https:\/\/www.facebook.com\/profile.php?id=61587009245386","article_modified_time":"2026-02-01T09:37:30+00:00","og_image":[{"url":"https:\/\/www.f-sos.org\/wp-content\/uploads\/2026\/01\/IMG_0731-1024x1024.jpg","type":"","width":"","height":""}],"twitter_card":"summary_large_image","twitter_misc":{"Tempo estimado de leitura":"3 minutes"},"schema":{"@context":"https:\/\/schema.org","@graph":[{"@type":"WebPage","@id":"https:\/\/www.f-sos.org\/misson-vison-and-values\/","url":"https:\/\/www.f-sos.org\/misson-vison-and-values\/","name":"Mission, Vision & Values - F\/SOS ASSOCIA\u00c7\u00c3O","isPartOf":{"@id":"https:\/\/www.f-sos.org\/#website"},"primaryImageOfPage":{"@id":"https:\/\/www.f-sos.org\/misson-vison-and-values\/#primaryimage"},"image":{"@id":"https:\/\/www.f-sos.org\/misson-vison-and-values\/#primaryimage"},"thumbnailUrl":"https:\/\/www.f-sos.org\/wp-content\/uploads\/2026\/01\/IMG_0731-1024x1024.jpg","datePublished":"2026-01-19T19:08:26+00:00","dateModified":"2026-02-01T09:37:30+00:00","breadcrumb":{"@id":"https:\/\/www.f-sos.org\/misson-vison-and-values\/#breadcrumb"},"inLanguage":"pt-PT","potentialAction":[{"@type":"ReadAction","target":["https:\/\/www.f-sos.org\/misson-vison-and-values\/"]}]},{"@type":"ImageObject","inLanguage":"pt-PT","@id":"https:\/\/www.f-sos.org\/misson-vison-and-values\/#primaryimage","url":"https:\/\/www.f-sos.org\/wp-content\/uploads\/2026\/01\/IMG_0731-1024x1024.jpg","contentUrl":"https:\/\/www.f-sos.org\/wp-content\/uploads\/2026\/01\/IMG_0731-1024x1024.jpg"},{"@type":"BreadcrumbList","@id":"https:\/\/www.f-sos.org\/misson-vison-and-values\/#breadcrumb","itemListElement":[{"@type":"ListItem","position":1,"name":"Home","item":"https:\/\/www.f-sos.org\/"},{"@type":"ListItem","position":2,"name":"Mission, Vision &#038; Values"}]},{"@type":"WebSite","@id":"https:\/\/www.f-sos.org\/#website","url":"https:\/\/www.f-sos.org\/","name":"Associa\u00e7\u00e3o F\/SOS \u2013 Fotografia, Solidariedade e Obras Sociais","description":"ASSOCIA\u00c7\u00c3O F\/SOS \u2014 FOTOGRAFIA, SOLIDARIEDADE E OBRAS SOCIAIS","publisher":{"@id":"https:\/\/www.f-sos.org\/#organization"},"potentialAction":[{"@type":"SearchAction","target":{"@type":"EntryPoint","urlTemplate":"https:\/\/www.f-sos.org\/?s={search_term_string}"},"query-input":{"@type":"PropertyValueSpecification","valueRequired":true,"valueName":"search_term_string"}}],"inLanguage":"pt-PT"},{"@type":"Organization","@id":"https:\/\/www.f-sos.org\/#organization","name":"Associa\u00e7\u00e3o F\/SOS \u2013 Fotografia, Solidariedade e Obras Sociais","url":"https:\/\/www.f-sos.org\/","logo":{"@type":"ImageObject","inLanguage":"pt-PT","@id":"https:\/\/www.f-sos.org\/#\/schema\/logo\/image\/","url":"https:\/\/www.f-sos.org\/wp-content\/uploads\/2026\/01\/associacao-teal-scaled.png","contentUrl":"https:\/\/www.f-sos.org\/wp-content\/uploads\/2026\/01\/associacao-teal-scaled.png","width":2560,"height":566,"caption":"Associa\u00e7\u00e3o F\/SOS \u2013 Fotografia, Solidariedade e Obras Sociais"},"image":{"@id":"https:\/\/www.f-sos.org\/#\/schema\/logo\/image\/"},"sameAs":["https:\/\/www.facebook.com\/profile.php?id=61587009245386","https:\/\/www.linkedin.com\/company\/associacao-f-sos-fotografia-solidariedade-e-obras-sociais\/"]}]}},"campaignId":"","_links":{"self":[{"href":"https:\/\/www.f-sos.org\/pt\/wp-json\/wp\/v2\/pages\/3083","targetHints":{"allow":["GET"]}}],"collection":[{"href":"https:\/\/www.f-sos.org\/pt\/wp-json\/wp\/v2\/pages"}],"about":[{"href":"https:\/\/www.f-sos.org\/pt\/wp-json\/wp\/v2\/types\/page"}],"author":[{"embeddable":true,"href":"https:\/\/www.f-sos.org\/pt\/wp-json\/wp\/v2\/users\/2"}],"replies":[{"embeddable":true,"href":"https:\/\/www.f-sos.org\/pt\/wp-json\/wp\/v2\/comments?post=3083"}],"version-history":[{"count":0,"href":"https:\/\/www.f-sos.org\/pt\/wp-json\/wp\/v2\/pages\/3083\/revisions"}],"wp:attachment":[{"href":"https:\/\/www.f-sos.org\/pt\/wp-json\/wp\/v2\/media?parent=3083"}],"curies":[{"name":"wp","href":"https:\/\/api.w.org\/{rel}","templated":true}]}}