{"id":2381,"date":"2021-02-22T14:31:14","date_gmt":"2021-02-22T14:31:14","guid":{"rendered":"http:\/\/pluginspoint.com\/chariton\/?page_id=2381"},"modified":"2026-04-05T18:52:03","modified_gmt":"2026-04-05T17:52:03","slug":"current-news","status":"publish","type":"page","link":"https:\/\/www.f-sos.org\/pt\/current-news\/","title":{"rendered":"Atual"},"content":{"rendered":"<div data-elementor-type=\"wp-page\" data-elementor-id=\"2381\" class=\"elementor elementor-2381\">\n\t\t\t\t\t\t<section class=\"elementor-section elementor-top-section elementor-element elementor-element-db8819d elementor-section-boxed elementor-section-height-default elementor-section-height-default\" data-id=\"db8819d\" data-element_type=\"section\" data-e-type=\"section\">\n\t\t\t\t\t\t<div class=\"elementor-container elementor-column-gap-default\">\n\t\t\t\t\t<div class=\"elementor-column elementor-col-100 elementor-top-column elementor-element elementor-element-ff9a53d\" data-id=\"ff9a53d\" data-element_type=\"column\" data-e-type=\"column\">\n\t\t\t<div class=\"elementor-widget-wrap elementor-element-populated\">\n\t\t\t\t\t\t<div class=\"elementor-element elementor-element-2527e80 elementor-widget elementor-widget-section-blog\" data-id=\"2527e80\" data-element_type=\"widget\" data-e-type=\"widget\" data-widget_type=\"section-blog.default\">\n\t\t\t\t<div class=\"elementor-widget-container\">\n\t\t\t\t\t\t\t\t<script type=\"text\/javascript\">\n\t\t\t    jQuery(document).ready(function(){\n\t\t\t\t\t\/\/ blog\n\t\t\t\t\tjQuery('.blog-post-thumb-active').slick({\n\t\t\t\t\t\tautoplay:true,\n\t\t\t\t\t\tautoplaySpeed:1500,\n\t\t\t\t\t\tdots: false,\n\t\t\t\t\t\tinfinite: true,\n\t\t\t\t\t\tarrows: true,\n\t\t\t\t\t\tspeed: 1500,\n\t\t\t\t\t\tslidesToShow: 1,\n\t\t\t\t\t\tslidesToScroll: 1,\n\t\t\t\t\t\tfade: true,\n\t\t\t\t\t\tprevArrow: '<button type=\"button\" class=\"slick-prev\"><i class=\"fas fa-arrow-left\"><\/i><\/button>',\n\t\t\t\t\t\tnextArrow: '<button type=\"button\" class=\"slick-next\"><i class=\"fas fa-arrow-right\"><\/i><\/button>',\n\t\t\t\t\t});\n\t\t\t    });\n\t\t\t<\/script>\n\n \n\t\n<div class=\"row  blog-shortcode\">\n\t    <div class=\"col-lg-4 col-md-6\">\n\t  <article id=\"post-3507\" class=\"post-3507 post type-post status-publish format-standard has-post-thumbnail hentry category-sustainabilty category-uncategorized\">\n\t    <div class=\"bsingle-post shortcode-panel mb-30\">\n\t      \t        \t          <div class=\"blog-thumb\">\n\t            <a href=\"https:\/\/www.f-sos.org\/pt\/f-sos-sustainability-handbook-featured-in-go-green-initiative\/\"><img fetchpriority=\"high\" decoding=\"async\" width=\"770\" height=\"460\" src=\"https:\/\/www.f-sos.org\/wp-content\/uploads\/2026\/04\/Screenshot-2026-04-16-at-14.31.26-770x460.png\" class=\"attachment-chariton-770-460 size-chariton-770-460 wp-post-image\" alt=\"Captura de ecr\u00e3 2026 04 16 a 14 31 26\" \/><\/a>\n\t          <\/div>                                                                                        \n\t        \t        <div class=\"bpost-content\">\n\t        \t\t          <h2><a href=\"https:\/\/www.f-sos.org\/pt\/f-sos-sustainability-handbook-featured-in-go-green-initiative\/\">Manual de Sustentabilidade da F\/SOS em destaque na Iniciativa Go Green<\/a><\/h2>\n\t          <div class=\"bpost-meta\">\n\t            <ul>\n\t              \t              \t            <\/ul>\n\t          <\/div>\n\t          <p>Orgulhamo-nos de partilhar que o Manual de Sustentabilidade do Festival de Fotografia, desenvolvido pela F\/SOS<\/p>\n\t            <div class=\"bpost-avatar\">\n\t              <div class=\"bavatar-img\">\n\t                <img alt='' src='https:\/\/secure.gravatar.com\/avatar\/9ef05982f89651d74576aa9cfa0cf1e1dd529139a9ddc69344b17eca8350989a?s=40&#038;d=mm&#038;r=g' srcset='https:\/\/secure.gravatar.com\/avatar\/9ef05982f89651d74576aa9cfa0cf1e1dd529139a9ddc69344b17eca8350989a?s=80&#038;d=mm&#038;r=g 2x' class='avatar avatar-40 photo' height='40' width='40' \/>\t              <\/div>\n\t              <div class=\"bavatar-info\">\n\t                <p>At\u00e9 <a href=\"https:\/\/www.f-sos.org\/pt\/author\/jcarlos\/\" title=\"Publica\u00e7\u00f5es de Jo\u00e3o Carlos\" rel=\"author\">Jo\u00e3o Carlos<\/a><\/p>\n\t              <\/div>\n\t            <\/div>\n\t          \t<div class=\"b-readmore\">\n\t            \t<a href=\"https:\/\/www.f-sos.org\/pt\/f-sos-sustainability-handbook-featured-in-go-green-initiative\/\"><i class=\"fal fa-arrow-right\"><\/i>Ler mais<\/a>\n\t          \t<\/div>\n\t        <\/div>\n\t      \t      \t    <\/div>\n\t  <\/article>\n\t<\/div>\n        <div class=\"col-lg-4 col-md-6\">\n\t  <article id=\"post-3482\" class=\"post-3482 post type-post status-publish format-standard has-post-thumbnail hentry category-sustainabilty\">\n\t    <div class=\"bsingle-post shortcode-panel mb-30\">\n\t      \t        \t          <div class=\"blog-thumb\">\n\t            <a href=\"https:\/\/www.f-sos.org\/pt\/f-262-festival-internacional-de-fotografia-foi-oficialmente-selecionado-e-integrado-na-plataforma-odslocal\/\"><img decoding=\"async\" width=\"770\" height=\"460\" src=\"https:\/\/www.f-sos.org\/wp-content\/uploads\/2026\/04\/Screenshot-2026-04-14-at-18.51.34-1-770x460.png\" class=\"attachment-chariton-770-460 size-chariton-770-460 wp-post-image\" alt=\"Captura de ecr\u00e3 2026 04 14 a 18 51 34\" srcset=\"https:\/\/www.f-sos.org\/wp-content\/uploads\/2026\/04\/Screenshot-2026-04-14-at-18.51.34-1-770x460.png 770w, https:\/\/www.f-sos.org\/wp-content\/uploads\/2026\/04\/Screenshot-2026-04-14-at-18.51.34-1-18x12.png 18w\" sizes=\"(max-width: 770px) 100vw, 770px\" \/><\/a>\n\t          <\/div>                                                                                        \n\t        \t        <div class=\"bpost-content\">\n\t        \t\t          <h2><a href=\"https:\/\/www.f-sos.org\/pt\/f-262-festival-internacional-de-fotografia-foi-oficialmente-selecionado-e-integrado-na-plataforma-odslocal\/\">F\/262 \u2013 Festival Internacional de Fotografia foi oficialmente selecionado e integrado na Plataforma ODSlocal.<\/a><\/h2>\n\t          <div class=\"bpost-meta\">\n\t            <ul>\n\t              \t              \t            <\/ul>\n\t          <\/div>\n\t          <p>Temos o prazer de partilhar que o F\/262 \u2013 Festival Internacional de Fotografia foi oficialmente selecionado e integrado na<\/p>\n\t            <div class=\"bpost-avatar\">\n\t              <div class=\"bavatar-img\">\n\t                <img alt='' src='https:\/\/secure.gravatar.com\/avatar\/9ef05982f89651d74576aa9cfa0cf1e1dd529139a9ddc69344b17eca8350989a?s=40&#038;d=mm&#038;r=g' srcset='https:\/\/secure.gravatar.com\/avatar\/9ef05982f89651d74576aa9cfa0cf1e1dd529139a9ddc69344b17eca8350989a?s=80&#038;d=mm&#038;r=g 2x' class='avatar avatar-40 photo' height='40' width='40' \/>\t              <\/div>\n\t              <div class=\"bavatar-info\">\n\t                <p>At\u00e9 <a href=\"https:\/\/www.f-sos.org\/pt\/author\/jcarlos\/\" title=\"Publica\u00e7\u00f5es de Jo\u00e3o Carlos\" rel=\"author\">Jo\u00e3o Carlos<\/a><\/p>\n\t              <\/div>\n\t            <\/div>\n\t          \t<div class=\"b-readmore\">\n\t            \t<a href=\"https:\/\/www.f-sos.org\/pt\/f-262-festival-internacional-de-fotografia-foi-oficialmente-selecionado-e-integrado-na-plataforma-odslocal\/\"><i class=\"fal fa-arrow-right\"><\/i>Ler mais<\/a>\n\t          \t<\/div>\n\t        <\/div>\n\t      \t      \t    <\/div>\n\t  <\/article>\n\t<\/div>\n        <div class=\"col-lg-4 col-md-6\">\n\t  <article id=\"post-3476\" class=\"post-3476 post type-post status-publish format-standard has-post-thumbnail hentry category-uncategorized\">\n\t    <div class=\"bsingle-post shortcode-panel mb-30\">\n\t      \t        \t          <div class=\"blog-thumb\">\n\t            <a href=\"https:\/\/www.f-sos.org\/pt\/recognised-as-a-remarkable-european-arts-festival-effe-label-2026-2027\/\"><img decoding=\"async\" width=\"770\" height=\"460\" src=\"https:\/\/www.f-sos.org\/wp-content\/uploads\/2026\/04\/EFFE-Label-Logo-2026-2027-colour_ccfd5e6c76bc8d2e5760c3232b123c22-1-770x460.jpg\" class=\"attachment-chariton-770-460 size-chariton-770-460 wp-post-image\" alt=\"Log\u00f3tipo do r\u00f3tulo EFFE 2026 2027 cor ccfd5e6c76bc8d2e5760c3232b123c22 1\" \/><\/a>\n\t          <\/div>                                                                                        \n\t        \t        <div class=\"bpost-content\">\n\t        \t\t          <h2><a href=\"https:\/\/www.f-sos.org\/pt\/recognised-as-a-remarkable-european-arts-festival-effe-label-2026-2027\/\">Reconhecido como um Festival Europeu de Artes not\u00e1vel (r\u00f3tulo EFFE 2026-2027)<\/a><\/h2>\n\t          <div class=\"bpost-meta\">\n\t            <ul>\n\t              \t              \t            <\/ul>\n\t          <\/div>\n\t          <p>Reconhecido como um Festival de Artes Europeu not\u00e1vel (r\u00f3tulo EFFE 2026-2027) F\/262 \u2013 O Festival Internacional de Fotografia foi galardoado com o pr\u00e9mio<\/p>\n\t            <div class=\"bpost-avatar\">\n\t              <div class=\"bavatar-img\">\n\t                <img alt='' src='https:\/\/secure.gravatar.com\/avatar\/9ef05982f89651d74576aa9cfa0cf1e1dd529139a9ddc69344b17eca8350989a?s=40&#038;d=mm&#038;r=g' srcset='https:\/\/secure.gravatar.com\/avatar\/9ef05982f89651d74576aa9cfa0cf1e1dd529139a9ddc69344b17eca8350989a?s=80&#038;d=mm&#038;r=g 2x' class='avatar avatar-40 photo' height='40' width='40' \/>\t              <\/div>\n\t              <div class=\"bavatar-info\">\n\t                <p>At\u00e9 <a href=\"https:\/\/www.f-sos.org\/pt\/author\/jcarlos\/\" title=\"Publica\u00e7\u00f5es de Jo\u00e3o Carlos\" rel=\"author\">Jo\u00e3o Carlos<\/a><\/p>\n\t              <\/div>\n\t            <\/div>\n\t          \t<div class=\"b-readmore\">\n\t            \t<a href=\"https:\/\/www.f-sos.org\/pt\/recognised-as-a-remarkable-european-arts-festival-effe-label-2026-2027\/\"><i class=\"fal fa-arrow-right\"><\/i>Ler mais<\/a>\n\t          \t<\/div>\n\t        <\/div>\n\t      \t      \t    <\/div>\n\t  <\/article>\n\t<\/div>\n        <div class=\"col-lg-4 col-md-6\">\n\t  <article id=\"post-3453\" class=\"post-3453 post type-post status-publish format-standard has-post-thumbnail hentry category-news\">\n\t    <div class=\"bsingle-post shortcode-panel mb-30\">\n\t      \t        \t          <div class=\"blog-thumb\">\n\t            <a href=\"https:\/\/www.f-sos.org\/pt\/cuidar-as-margens-promotes-environmental-clean-up-action-at-obidos-lagoon\/\"><img loading=\"lazy\" decoding=\"async\" width=\"770\" height=\"460\" src=\"https:\/\/www.f-sos.org\/wp-content\/uploads\/2026\/04\/cuidar-as-margens-1-770x460.jpg\" class=\"attachment-chariton-770-460 size-chariton-770-460 wp-post-image\" alt=\"cuidar como margens\" \/><\/a>\n\t          <\/div>                                                                                        \n\t        \t        <div class=\"bpost-content\">\n\t        \t\t          <h2><a href=\"https:\/\/www.f-sos.org\/pt\/cuidar-as-margens-promotes-environmental-clean-up-action-at-obidos-lagoon\/\">\u00abCuidar as Margens\u00bb promove a\u00e7\u00f5es de limpeza ambiental na Lagoa de \u00d3bidos<\/a><\/h2>\n\t          <div class=\"bpost-meta\">\n\t            <ul>\n\t              \t              \t            <\/ul>\n\t          <\/div>\n\t          <p>No dia 19 de abril, a F\/SOS \u2013 Fotografia, Solidariedade e Obras Sociais organizar\u00e1 o \u00abCuidar as Margens\u00bb, uma limpeza ambiental e<\/p>\n\t            <div class=\"bpost-avatar\">\n\t              <div class=\"bavatar-img\">\n\t                <img alt='' src='https:\/\/secure.gravatar.com\/avatar\/f7c9c0fd426d27c1548821044c7c7deb449e62c4254676f680136f4fdf718f4a?s=40&#038;d=mm&#038;r=g' srcset='https:\/\/secure.gravatar.com\/avatar\/f7c9c0fd426d27c1548821044c7c7deb449e62c4254676f680136f4fdf718f4a?s=80&#038;d=mm&#038;r=g 2x' class='avatar avatar-40 photo' height='40' width='40' \/>\t              <\/div>\n\t              <div class=\"bavatar-info\">\n\t                <p>At\u00e9 <a href=\"https:\/\/www.f-sos.org\/pt\/author\/jadesignstudio\/\" title=\"Publica\u00e7\u00f5es por jadesignstudio\" rel=\"author\">jadesignstudio<\/a><\/p>\n\t              <\/div>\n\t            <\/div>\n\t          \t<div class=\"b-readmore\">\n\t            \t<a href=\"https:\/\/www.f-sos.org\/pt\/cuidar-as-margens-promotes-environmental-clean-up-action-at-obidos-lagoon\/\"><i class=\"fal fa-arrow-right\"><\/i>Ler mais<\/a>\n\t          \t<\/div>\n\t        <\/div>\n\t      \t      \t    <\/div>\n\t  <\/article>\n\t<\/div>\n        <div class=\"col-lg-4 col-md-6\">\n\t  <article id=\"post-3240\" class=\"post-3240 post type-post status-publish format-standard has-post-thumbnail hentry category-news category-sustainabilty\">\n\t    <div class=\"bsingle-post shortcode-panel mb-30\">\n\t      \t        \t          <div class=\"blog-thumb\">\n\t            <a href=\"https:\/\/www.f-sos.org\/pt\/f-sos-association-and-f-262-festival-join-the-circular-economy-pact-for-the-centro-region\/\"><img loading=\"lazy\" decoding=\"async\" width=\"770\" height=\"460\" src=\"https:\/\/www.f-sos.org\/wp-content\/uploads\/2026\/01\/IMG_0731-770x460.jpg\" class=\"attachment-chariton-770-460 size-chariton-770-460 wp-post-image\" alt=\"IMG 0731\" \/><\/a>\n\t          <\/div>                                                                                        \n\t        \t        <div class=\"bpost-content\">\n\t        \t\t          <h2><a href=\"https:\/\/www.f-sos.org\/pt\/f-sos-association-and-f-262-festival-join-the-circular-economy-pact-for-the-centro-region\/\">Associa\u00e7\u00e3o F\/SOS e Festival F\/262 aderem ao Pacto de Economia Circular para a Regi\u00e3o Centro<\/a><\/h2>\n\t          <div class=\"bpost-meta\">\n\t            <ul>\n\t              \t              \t            <\/ul>\n\t          <\/div>\n\t          <p>A Associa\u00e7\u00e3o F\/SOS \u2013 Fotografia, Solidariedade e A\u00e7\u00e3o Social e o Festival F\/262 \u2013 Plataforma de Fotografia Contempor\u00e2nea orgulham-se<\/p>\n\t            <div class=\"bpost-avatar\">\n\t              <div class=\"bavatar-img\">\n\t                <img alt='' src='https:\/\/secure.gravatar.com\/avatar\/9ef05982f89651d74576aa9cfa0cf1e1dd529139a9ddc69344b17eca8350989a?s=40&#038;d=mm&#038;r=g' srcset='https:\/\/secure.gravatar.com\/avatar\/9ef05982f89651d74576aa9cfa0cf1e1dd529139a9ddc69344b17eca8350989a?s=80&#038;d=mm&#038;r=g 2x' class='avatar avatar-40 photo' height='40' width='40' \/>\t              <\/div>\n\t              <div class=\"bavatar-info\">\n\t                <p>At\u00e9 <a href=\"https:\/\/www.f-sos.org\/pt\/author\/jcarlos\/\" title=\"Publica\u00e7\u00f5es de Jo\u00e3o Carlos\" rel=\"author\">Jo\u00e3o Carlos<\/a><\/p>\n\t              <\/div>\n\t            <\/div>\n\t          \t<div class=\"b-readmore\">\n\t            \t<a href=\"https:\/\/www.f-sos.org\/pt\/f-sos-association-and-f-262-festival-join-the-circular-economy-pact-for-the-centro-region\/\"><i class=\"fal fa-arrow-right\"><\/i>Ler mais<\/a>\n\t          \t<\/div>\n\t        <\/div>\n\t      \t      \t    <\/div>\n\t  <\/article>\n\t<\/div>\n    <\/div>\n\n\t\t\t\t<\/div>\n\t\t\t\t<\/div>\n\t\t\t\t\t<\/div>\n\t\t<\/div>\n\t\t\t\t\t<\/div>\n\t\t<\/section>\n\t\t\t\t<\/div>","protected":false},"excerpt":{"rendered":"<p>\u201cCuidar as Margens\u201d promotes environmental clean-up action at \u00d3bidos Lagoon On April 19, F\/SOS \u2013 Photography, Solidarity and Social Works will organise \u201cCuidar as Margens\u201d, an environmental clean-up and By jadesignstudio Read More F\/SOS Association and F\/262 Festival join the Circular Economy Pact for the Centro Region The F\/SOS Association \u2013 Photography, Solidarity and Social [&hellip;]<\/p>","protected":false},"author":1,"featured_media":0,"parent":0,"menu_order":0,"comment_status":"closed","ping_status":"closed","template":"page-template\/blank-page-sidebar.php","meta":{"_acf_changed":false,"give_campaign_id":0,"footnotes":""},"class_list":["post-2381","page","type-page","status-publish","hentry"],"acf":[],"yoast_head":"<!-- This site is optimized with the Yoast SEO plugin v27.4 - https:\/\/yoast.com\/product\/yoast-seo-wordpress\/ -->\n<title>Current - F\/SOS ASSOCIA\u00c7\u00c3O<\/title>\n<meta name=\"robots\" content=\"index, follow, max-snippet:-1, max-image-preview:large, max-video-preview:-1\" \/>\n<link rel=\"canonical\" href=\"https:\/\/www.f-sos.org\/pt\/current-news\/\" \/>\n<meta property=\"og:locale\" content=\"pt_PT\" \/>\n<meta property=\"og:type\" content=\"article\" \/>\n<meta property=\"og:title\" content=\"Current - F\/SOS ASSOCIA\u00c7\u00c3O\" \/>\n<meta property=\"og:description\" content=\"\u201cCuidar as Margens\u201d promotes environmental clean-up action at \u00d3bidos Lagoon On April 19, F\/SOS \u2013 Photography, Solidarity and Social Works will organise \u201cCuidar as Margens\u201d, an environmental clean-up and By jadesignstudio Read More F\/SOS Association and F\/262 Festival join the Circular Economy Pact for the Centro Region The F\/SOS Association \u2013 Photography, Solidarity and Social [&hellip;]\" \/>\n<meta property=\"og:url\" content=\"https:\/\/www.f-sos.org\/pt\/current-news\/\" \/>\n<meta property=\"og:site_name\" content=\"F\/SOS ASSOCIA\u00c7\u00c3O\" \/>\n<meta property=\"article:publisher\" content=\"https:\/\/www.facebook.com\/profile.php?id=61587009245386\" \/>\n<meta property=\"article:modified_time\" content=\"2026-04-05T17:52:03+00:00\" \/>\n<meta property=\"og:image\" content=\"https:\/\/www.f-sos.org\/wp-content\/uploads\/2026\/04\/cuidar-as-margens-1-770x460.jpg\" \/>\n<meta name=\"twitter:card\" content=\"summary_large_image\" \/>\n<script type=\"application\/ld+json\" class=\"yoast-schema-graph\">{\"@context\":\"https:\\\/\\\/schema.org\",\"@graph\":[{\"@type\":\"WebPage\",\"@id\":\"https:\\\/\\\/www.f-sos.org\\\/current-news\\\/\",\"url\":\"https:\\\/\\\/www.f-sos.org\\\/current-news\\\/\",\"name\":\"Current - F\\\/SOS ASSOCIA\u00c7\u00c3O\",\"isPartOf\":{\"@id\":\"https:\\\/\\\/www.f-sos.org\\\/#website\"},\"primaryImageOfPage\":{\"@id\":\"https:\\\/\\\/www.f-sos.org\\\/current-news\\\/#primaryimage\"},\"image\":{\"@id\":\"https:\\\/\\\/www.f-sos.org\\\/current-news\\\/#primaryimage\"},\"thumbnailUrl\":\"https:\\\/\\\/www.f-sos.org\\\/wp-content\\\/uploads\\\/2026\\\/04\\\/cuidar-as-margens-1-770x460.jpg\",\"datePublished\":\"2021-02-22T14:31:14+00:00\",\"dateModified\":\"2026-04-05T17:52:03+00:00\",\"breadcrumb\":{\"@id\":\"https:\\\/\\\/www.f-sos.org\\\/current-news\\\/#breadcrumb\"},\"inLanguage\":\"pt-PT\",\"potentialAction\":[{\"@type\":\"ReadAction\",\"target\":[\"https:\\\/\\\/www.f-sos.org\\\/current-news\\\/\"]}]},{\"@type\":\"ImageObject\",\"inLanguage\":\"pt-PT\",\"@id\":\"https:\\\/\\\/www.f-sos.org\\\/current-news\\\/#primaryimage\",\"url\":\"https:\\\/\\\/www.f-sos.org\\\/wp-content\\\/uploads\\\/2026\\\/04\\\/cuidar-as-margens-1-770x460.jpg\",\"contentUrl\":\"https:\\\/\\\/www.f-sos.org\\\/wp-content\\\/uploads\\\/2026\\\/04\\\/cuidar-as-margens-1-770x460.jpg\"},{\"@type\":\"BreadcrumbList\",\"@id\":\"https:\\\/\\\/www.f-sos.org\\\/current-news\\\/#breadcrumb\",\"itemListElement\":[{\"@type\":\"ListItem\",\"position\":1,\"name\":\"Home\",\"item\":\"https:\\\/\\\/www.f-sos.org\\\/\"},{\"@type\":\"ListItem\",\"position\":2,\"name\":\"Current\"}]},{\"@type\":\"WebSite\",\"@id\":\"https:\\\/\\\/www.f-sos.org\\\/#website\",\"url\":\"https:\\\/\\\/www.f-sos.org\\\/\",\"name\":\"Associa\u00e7\u00e3o F\\\/SOS \u2013 Fotografia, Solidariedade e Obras Sociais\",\"description\":\"ASSOCIA\u00c7\u00c3O F\\\/SOS \u2014 FOTOGRAFIA, SOLIDARIEDADE E OBRAS SOCIAIS\",\"publisher\":{\"@id\":\"https:\\\/\\\/www.f-sos.org\\\/#organization\"},\"potentialAction\":[{\"@type\":\"SearchAction\",\"target\":{\"@type\":\"EntryPoint\",\"urlTemplate\":\"https:\\\/\\\/www.f-sos.org\\\/?s={search_term_string}\"},\"query-input\":{\"@type\":\"PropertyValueSpecification\",\"valueRequired\":true,\"valueName\":\"search_term_string\"}}],\"inLanguage\":\"pt-PT\"},{\"@type\":\"Organization\",\"@id\":\"https:\\\/\\\/www.f-sos.org\\\/#organization\",\"name\":\"Associa\u00e7\u00e3o F\\\/SOS \u2013 Fotografia, Solidariedade e Obras Sociais\",\"url\":\"https:\\\/\\\/www.f-sos.org\\\/\",\"logo\":{\"@type\":\"ImageObject\",\"inLanguage\":\"pt-PT\",\"@id\":\"https:\\\/\\\/www.f-sos.org\\\/#\\\/schema\\\/logo\\\/image\\\/\",\"url\":\"https:\\\/\\\/www.f-sos.org\\\/wp-content\\\/uploads\\\/2026\\\/01\\\/associacao-teal-scaled.png\",\"contentUrl\":\"https:\\\/\\\/www.f-sos.org\\\/wp-content\\\/uploads\\\/2026\\\/01\\\/associacao-teal-scaled.png\",\"width\":2560,\"height\":566,\"caption\":\"Associa\u00e7\u00e3o F\\\/SOS \u2013 Fotografia, Solidariedade e Obras Sociais\"},\"image\":{\"@id\":\"https:\\\/\\\/www.f-sos.org\\\/#\\\/schema\\\/logo\\\/image\\\/\"},\"sameAs\":[\"https:\\\/\\\/www.facebook.com\\\/profile.php?id=61587009245386\",\"https:\\\/\\\/www.linkedin.com\\\/company\\\/associacao-f-sos-fotografia-solidariedade-e-obras-sociais\\\/\"]}]}<\/script>\n<!-- \/ Yoast SEO plugin. -->","yoast_head_json":{"title":"Current - F\/SOS ASSOCIA\u00c7\u00c3O","robots":{"index":"index","follow":"follow","max-snippet":"max-snippet:-1","max-image-preview":"max-image-preview:large","max-video-preview":"max-video-preview:-1"},"canonical":"https:\/\/www.f-sos.org\/pt\/current-news\/","og_locale":"pt_PT","og_type":"article","og_title":"Current - F\/SOS ASSOCIA\u00c7\u00c3O","og_description":"\u201cCuidar as Margens\u201d promotes environmental clean-up action at \u00d3bidos Lagoon On April 19, F\/SOS \u2013 Photography, Solidarity and Social Works will organise \u201cCuidar as Margens\u201d, an environmental clean-up and By jadesignstudio Read More F\/SOS Association and F\/262 Festival join the Circular Economy Pact for the Centro Region The F\/SOS Association \u2013 Photography, Solidarity and Social [&hellip;]","og_url":"https:\/\/www.f-sos.org\/pt\/current-news\/","og_site_name":"F\/SOS ASSOCIA\u00c7\u00c3O","article_publisher":"https:\/\/www.facebook.com\/profile.php?id=61587009245386","article_modified_time":"2026-04-05T17:52:03+00:00","og_image":[{"url":"https:\/\/www.f-sos.org\/wp-content\/uploads\/2026\/04\/cuidar-as-margens-1-770x460.jpg","type":"","width":"","height":""}],"twitter_card":"summary_large_image","schema":{"@context":"https:\/\/schema.org","@graph":[{"@type":"WebPage","@id":"https:\/\/www.f-sos.org\/current-news\/","url":"https:\/\/www.f-sos.org\/current-news\/","name":"Current - F\/SOS ASSOCIA\u00c7\u00c3O","isPartOf":{"@id":"https:\/\/www.f-sos.org\/#website"},"primaryImageOfPage":{"@id":"https:\/\/www.f-sos.org\/current-news\/#primaryimage"},"image":{"@id":"https:\/\/www.f-sos.org\/current-news\/#primaryimage"},"thumbnailUrl":"https:\/\/www.f-sos.org\/wp-content\/uploads\/2026\/04\/cuidar-as-margens-1-770x460.jpg","datePublished":"2021-02-22T14:31:14+00:00","dateModified":"2026-04-05T17:52:03+00:00","breadcrumb":{"@id":"https:\/\/www.f-sos.org\/current-news\/#breadcrumb"},"inLanguage":"pt-PT","potentialAction":[{"@type":"ReadAction","target":["https:\/\/www.f-sos.org\/current-news\/"]}]},{"@type":"ImageObject","inLanguage":"pt-PT","@id":"https:\/\/www.f-sos.org\/current-news\/#primaryimage","url":"https:\/\/www.f-sos.org\/wp-content\/uploads\/2026\/04\/cuidar-as-margens-1-770x460.jpg","contentUrl":"https:\/\/www.f-sos.org\/wp-content\/uploads\/2026\/04\/cuidar-as-margens-1-770x460.jpg"},{"@type":"BreadcrumbList","@id":"https:\/\/www.f-sos.org\/current-news\/#breadcrumb","itemListElement":[{"@type":"ListItem","position":1,"name":"Home","item":"https:\/\/www.f-sos.org\/"},{"@type":"ListItem","position":2,"name":"Current"}]},{"@type":"WebSite","@id":"https:\/\/www.f-sos.org\/#website","url":"https:\/\/www.f-sos.org\/","name":"Associa\u00e7\u00e3o F\/SOS \u2013 Fotografia, Solidariedade e Obras Sociais","description":"ASSOCIA\u00c7\u00c3O F\/SOS \u2014 FOTOGRAFIA, SOLIDARIEDADE E OBRAS SOCIAIS","publisher":{"@id":"https:\/\/www.f-sos.org\/#organization"},"potentialAction":[{"@type":"SearchAction","target":{"@type":"EntryPoint","urlTemplate":"https:\/\/www.f-sos.org\/?s={search_term_string}"},"query-input":{"@type":"PropertyValueSpecification","valueRequired":true,"valueName":"search_term_string"}}],"inLanguage":"pt-PT"},{"@type":"Organization","@id":"https:\/\/www.f-sos.org\/#organization","name":"Associa\u00e7\u00e3o F\/SOS \u2013 Fotografia, Solidariedade e Obras Sociais","url":"https:\/\/www.f-sos.org\/","logo":{"@type":"ImageObject","inLanguage":"pt-PT","@id":"https:\/\/www.f-sos.org\/#\/schema\/logo\/image\/","url":"https:\/\/www.f-sos.org\/wp-content\/uploads\/2026\/01\/associacao-teal-scaled.png","contentUrl":"https:\/\/www.f-sos.org\/wp-content\/uploads\/2026\/01\/associacao-teal-scaled.png","width":2560,"height":566,"caption":"Associa\u00e7\u00e3o F\/SOS \u2013 Fotografia, Solidariedade e Obras Sociais"},"image":{"@id":"https:\/\/www.f-sos.org\/#\/schema\/logo\/image\/"},"sameAs":["https:\/\/www.facebook.com\/profile.php?id=61587009245386","https:\/\/www.linkedin.com\/company\/associacao-f-sos-fotografia-solidariedade-e-obras-sociais\/"]}]}},"campaignId":"","_links":{"self":[{"href":"https:\/\/www.f-sos.org\/pt\/wp-json\/wp\/v2\/pages\/2381","targetHints":{"allow":["GET"]}}],"collection":[{"href":"https:\/\/www.f-sos.org\/pt\/wp-json\/wp\/v2\/pages"}],"about":[{"href":"https:\/\/www.f-sos.org\/pt\/wp-json\/wp\/v2\/types\/page"}],"author":[{"embeddable":true,"href":"https:\/\/www.f-sos.org\/pt\/wp-json\/wp\/v2\/users\/1"}],"replies":[{"embeddable":true,"href":"https:\/\/www.f-sos.org\/pt\/wp-json\/wp\/v2\/comments?post=2381"}],"version-history":[{"count":0,"href":"https:\/\/www.f-sos.org\/pt\/wp-json\/wp\/v2\/pages\/2381\/revisions"}],"wp:attachment":[{"href":"https:\/\/www.f-sos.org\/pt\/wp-json\/wp\/v2\/media?parent=2381"}],"curies":[{"name":"wp","href":"https:\/\/api.w.org\/{rel}","templated":true}]}}