{"id":1019,"date":"2019-12-11T09:39:08","date_gmt":"2019-12-11T09:39:08","guid":{"rendered":"http:\/\/pluginspoint.com\/chariton\/\/?page_id=1019"},"modified":"2026-04-05T18:48:48","modified_gmt":"2026-04-05T17:48:48","slug":"our-events","status":"publish","type":"page","link":"https:\/\/www.f-sos.org\/pt\/our-events\/","title":{"rendered":"Os nossos eventos"},"content":{"rendered":"<div data-elementor-type=\"wp-page\" data-elementor-id=\"1019\" class=\"elementor elementor-1019\">\n\t\t\t\t\t\t<section class=\"elementor-section elementor-top-section elementor-element elementor-element-e64e7bc elementor-section-boxed elementor-section-height-default elementor-section-height-default\" data-id=\"e64e7bc\" data-element_type=\"section\" data-e-type=\"section\">\n\t\t\t\t\t\t<div class=\"elementor-container elementor-column-gap-default\">\n\t\t\t\t\t<div class=\"elementor-column elementor-col-100 elementor-top-column elementor-element elementor-element-67bbcc2\" data-id=\"67bbcc2\" data-element_type=\"column\" data-e-type=\"column\">\n\t\t\t<div class=\"elementor-widget-wrap elementor-element-populated\">\n\t\t\t\t\t\t<div class=\"elementor-element elementor-element-6b6f560 elementor-widget elementor-widget-section-event\" data-id=\"6b6f560\" data-element_type=\"widget\" data-e-type=\"widget\" data-widget_type=\"section-event.default\">\n\t\t\t\t<div class=\"elementor-widget-container\">\n\t\t\t\t\t\n\t\t\t\t<!-- events-area -->\n\t\t\t    <div class=\"events-area\">\n\t\t\t    \t\n\t\t\t        <div class=\"row\">\n\t\t\t            <div class=\"col-12\">\n\t\t\t                <div class=\"events-wrap\">\n\t\t\t                    <div class=\"event-active-69e22cad9b425\">\n\t\t\t\t\t\t\t\t\t\n\t\t\t                        <div class=\"single-event-item grid-item sustainability mb-10\">\n\t\t\t                            <div class=\"row\">\n\t\t\t                            \t\t\t\t\t                                <div class=\"col-lg-5\">\n\t\t\t\t                                    <div class=\"event-thumb\">\n\t\t\t\t                                        <a href=\"https:\/\/www.f-sos.org\/pt\/events\/cuidar-as-margens-lagoa-de-obidos\/\"><img fetchpriority=\"high\" decoding=\"async\" width=\"370\" height=\"350\" src=\"https:\/\/www.f-sos.org\/wp-content\/uploads\/2026\/04\/cuidar-as-margens-1-370x350.jpg\" class=\"attachment-chariton-event-400-400 size-chariton-event-400-400 wp-post-image\" alt=\"cuidar como margens\" \/><\/a>\n\t\t\t\t                                    <\/div>\n\t\t\t\t                                <\/div>\n\t\t\t                                \t\t\t                                <div class=\"col-lg-7\">\n\t\t\t                                \t\t\t\t                                    <div class=\"event-post-tag mb-10\">\n\t\t\t                                        <ul>\n\t\t\t                                        \t<li class=\"event-cat-list\"><a href=\"https:\/\/www.f-sos.org\/pt\/tp-event-category\/sustainability\/\">Sustentabilidade<\/a><\/li>\t\t\t                                            \t\t\t                                             <li>10:30 - 12:30<\/li>\n\t\t\t                                        \t\t\t\t                                        <\/ul>\n\t\t\t                                    <\/div>\n\t\t\t                                    \n\t\t\t                                    <div class=\"event-content\">\n\t\t\t                                        <h2><a href=\"https:\/\/www.f-sos.org\/pt\/events\/cuidar-as-margens-lagoa-de-obidos\/\">3o Margens | Lagoa de \u00d3bidos<\/a><\/h2>\n\t\t\t                                        <p>No dia 19 de abril, a F\/SOS \u2013 Fotografia, Solidariedade e Obras Sociais est\u00e1 a organizar \"Cuidar as Margens\", uma a\u00e7\u00e3o de limpeza e sensibiliza\u00e7\u00e3o ambiental na Lagoa de \u00d3bidos, no \u00e2mbito do F\/262<\/p>\n\t\t\t                                    <\/div>\n\n\t\t\t                                    \t\t\t\t                                    <div class=\"event-meta\">\n\t\t\t\t                                        <ul>\n\t\t\t\t                                            <li>Orador:<span><\/span><\/li>\n\t\t\t\t                                        \t<li>Data:<span>19 de abril de 2026<\/span><\/li>\n\t\t\t\t                                        \t<li>Situa\u00e7\u00e3o:\t\t\t\t\t                                        \t \n\t\t\t\t\t                                        \t\t<span>pr\u00f3ximos<\/span>\n\t\t\t\t\t                                        \t\t\t\t\t                                        \t<\/li>\n\t\t\t\t                                        <\/ul>\n\t\t\t\t                                    <\/div>\n\t\t\t                                \t\t\t\t                                <\/div>\n\t\t\t                            <\/div>\n\t\t\t                        <\/div>\n\t\t\t\t\t\t\t\t\t\t\t\t                    <\/div>\n\t\t\t                <\/div>\n\t\t\t            <\/div>\n\t\t\t        <\/div>\n\t\t\t    <\/div>\n\t\t\t    <!-- events-area-end -->\n\n\t\t\t\t\t\t<\/div>\n\t\t\t\t<\/div>\n\t\t\t\t\t<\/div>\n\t\t<\/div>\n\t\t\t\t\t<\/div>\n\t\t<\/section>\n\t\t\t\t<\/div>","protected":false},"excerpt":{"rendered":"<p>Sustainability 10:30 &#8211; 12:30 Cuidar as Margens | Lagoa de \u00d3bidos On April 19, F\/SOS \u2013 Photography, Solidarity and Social Works is organizing \u201cCaring for the Margins\u201d, an environmental clean-up and awareness action at \u00d3bidos Lagoon, as part of the Speaker: Date:19 April 2026 Status: upcoming<\/p>","protected":false},"author":1,"featured_media":0,"parent":0,"menu_order":0,"comment_status":"closed","ping_status":"closed","template":"page-template\/blank-page-sidebar.php","meta":{"_acf_changed":false,"give_campaign_id":0,"footnotes":""},"class_list":["post-1019","page","type-page","status-publish","hentry"],"acf":[],"yoast_head":"<!-- This site is optimized with the Yoast SEO plugin v27.4 - https:\/\/yoast.com\/product\/yoast-seo-wordpress\/ -->\n<title>Our Events - F\/SOS ASSOCIA\u00c7\u00c3O<\/title>\n<meta name=\"robots\" content=\"index, follow, max-snippet:-1, max-image-preview:large, max-video-preview:-1\" \/>\n<link rel=\"canonical\" href=\"https:\/\/www.f-sos.org\/pt\/our-events\/\" \/>\n<meta property=\"og:locale\" content=\"pt_PT\" \/>\n<meta property=\"og:type\" content=\"article\" \/>\n<meta property=\"og:title\" content=\"Our Events - F\/SOS ASSOCIA\u00c7\u00c3O\" \/>\n<meta property=\"og:description\" content=\"Sustainability 10:30 &#8211; 12:30 Cuidar as Margens | Lagoa de \u00d3bidos On April 19, F\/SOS \u2013 Photography, Solidarity and Social Works is organizing \u201cCaring for the Margins\u201d, an environmental clean-up and awareness action at \u00d3bidos Lagoon, as part of the Speaker: Date:19 April 2026 Status: upcoming\" \/>\n<meta property=\"og:url\" content=\"https:\/\/www.f-sos.org\/pt\/our-events\/\" \/>\n<meta property=\"og:site_name\" content=\"F\/SOS ASSOCIA\u00c7\u00c3O\" \/>\n<meta property=\"article:publisher\" content=\"https:\/\/www.facebook.com\/profile.php?id=61587009245386\" \/>\n<meta property=\"article:modified_time\" content=\"2026-04-05T17:48:48+00:00\" \/>\n<meta property=\"og:image\" content=\"https:\/\/www.f-sos.org\/wp-content\/uploads\/2026\/04\/cuidar-as-margens-1-370x350.jpg\" \/>\n<meta name=\"twitter:card\" content=\"summary_large_image\" \/>\n<script type=\"application\/ld+json\" class=\"yoast-schema-graph\">{\"@context\":\"https:\\\/\\\/schema.org\",\"@graph\":[{\"@type\":\"WebPage\",\"@id\":\"https:\\\/\\\/www.f-sos.org\\\/our-events\\\/\",\"url\":\"https:\\\/\\\/www.f-sos.org\\\/our-events\\\/\",\"name\":\"Our Events - F\\\/SOS ASSOCIA\u00c7\u00c3O\",\"isPartOf\":{\"@id\":\"https:\\\/\\\/www.f-sos.org\\\/#website\"},\"primaryImageOfPage\":{\"@id\":\"https:\\\/\\\/www.f-sos.org\\\/our-events\\\/#primaryimage\"},\"image\":{\"@id\":\"https:\\\/\\\/www.f-sos.org\\\/our-events\\\/#primaryimage\"},\"thumbnailUrl\":\"https:\\\/\\\/www.f-sos.org\\\/wp-content\\\/uploads\\\/2026\\\/04\\\/cuidar-as-margens-1-370x350.jpg\",\"datePublished\":\"2019-12-11T09:39:08+00:00\",\"dateModified\":\"2026-04-05T17:48:48+00:00\",\"breadcrumb\":{\"@id\":\"https:\\\/\\\/www.f-sos.org\\\/our-events\\\/#breadcrumb\"},\"inLanguage\":\"pt-PT\",\"potentialAction\":[{\"@type\":\"ReadAction\",\"target\":[\"https:\\\/\\\/www.f-sos.org\\\/our-events\\\/\"]}]},{\"@type\":\"ImageObject\",\"inLanguage\":\"pt-PT\",\"@id\":\"https:\\\/\\\/www.f-sos.org\\\/our-events\\\/#primaryimage\",\"url\":\"https:\\\/\\\/www.f-sos.org\\\/wp-content\\\/uploads\\\/2026\\\/04\\\/cuidar-as-margens-1-370x350.jpg\",\"contentUrl\":\"https:\\\/\\\/www.f-sos.org\\\/wp-content\\\/uploads\\\/2026\\\/04\\\/cuidar-as-margens-1-370x350.jpg\"},{\"@type\":\"BreadcrumbList\",\"@id\":\"https:\\\/\\\/www.f-sos.org\\\/our-events\\\/#breadcrumb\",\"itemListElement\":[{\"@type\":\"ListItem\",\"position\":1,\"name\":\"Home\",\"item\":\"https:\\\/\\\/www.f-sos.org\\\/\"},{\"@type\":\"ListItem\",\"position\":2,\"name\":\"Our Events\"}]},{\"@type\":\"WebSite\",\"@id\":\"https:\\\/\\\/www.f-sos.org\\\/#website\",\"url\":\"https:\\\/\\\/www.f-sos.org\\\/\",\"name\":\"Associa\u00e7\u00e3o F\\\/SOS \u2013 Fotografia, Solidariedade e Obras Sociais\",\"description\":\"ASSOCIA\u00c7\u00c3O F\\\/SOS \u2014 FOTOGRAFIA, SOLIDARIEDADE E OBRAS SOCIAIS\",\"publisher\":{\"@id\":\"https:\\\/\\\/www.f-sos.org\\\/#organization\"},\"potentialAction\":[{\"@type\":\"SearchAction\",\"target\":{\"@type\":\"EntryPoint\",\"urlTemplate\":\"https:\\\/\\\/www.f-sos.org\\\/?s={search_term_string}\"},\"query-input\":{\"@type\":\"PropertyValueSpecification\",\"valueRequired\":true,\"valueName\":\"search_term_string\"}}],\"inLanguage\":\"pt-PT\"},{\"@type\":\"Organization\",\"@id\":\"https:\\\/\\\/www.f-sos.org\\\/#organization\",\"name\":\"Associa\u00e7\u00e3o F\\\/SOS \u2013 Fotografia, Solidariedade e Obras Sociais\",\"url\":\"https:\\\/\\\/www.f-sos.org\\\/\",\"logo\":{\"@type\":\"ImageObject\",\"inLanguage\":\"pt-PT\",\"@id\":\"https:\\\/\\\/www.f-sos.org\\\/#\\\/schema\\\/logo\\\/image\\\/\",\"url\":\"https:\\\/\\\/www.f-sos.org\\\/wp-content\\\/uploads\\\/2026\\\/01\\\/associacao-teal-scaled.png\",\"contentUrl\":\"https:\\\/\\\/www.f-sos.org\\\/wp-content\\\/uploads\\\/2026\\\/01\\\/associacao-teal-scaled.png\",\"width\":2560,\"height\":566,\"caption\":\"Associa\u00e7\u00e3o F\\\/SOS \u2013 Fotografia, Solidariedade e Obras Sociais\"},\"image\":{\"@id\":\"https:\\\/\\\/www.f-sos.org\\\/#\\\/schema\\\/logo\\\/image\\\/\"},\"sameAs\":[\"https:\\\/\\\/www.facebook.com\\\/profile.php?id=61587009245386\",\"https:\\\/\\\/www.linkedin.com\\\/company\\\/associacao-f-sos-fotografia-solidariedade-e-obras-sociais\\\/\"]}]}<\/script>\n<!-- \/ Yoast SEO plugin. -->","yoast_head_json":{"title":"Our Events - F\/SOS ASSOCIA\u00c7\u00c3O","robots":{"index":"index","follow":"follow","max-snippet":"max-snippet:-1","max-image-preview":"max-image-preview:large","max-video-preview":"max-video-preview:-1"},"canonical":"https:\/\/www.f-sos.org\/pt\/our-events\/","og_locale":"pt_PT","og_type":"article","og_title":"Our Events - F\/SOS ASSOCIA\u00c7\u00c3O","og_description":"Sustainability 10:30 &#8211; 12:30 Cuidar as Margens | Lagoa de \u00d3bidos On April 19, F\/SOS \u2013 Photography, Solidarity and Social Works is organizing \u201cCaring for the Margins\u201d, an environmental clean-up and awareness action at \u00d3bidos Lagoon, as part of the Speaker: Date:19 April 2026 Status: upcoming","og_url":"https:\/\/www.f-sos.org\/pt\/our-events\/","og_site_name":"F\/SOS ASSOCIA\u00c7\u00c3O","article_publisher":"https:\/\/www.facebook.com\/profile.php?id=61587009245386","article_modified_time":"2026-04-05T17:48:48+00:00","og_image":[{"url":"https:\/\/www.f-sos.org\/wp-content\/uploads\/2026\/04\/cuidar-as-margens-1-370x350.jpg","type":"","width":"","height":""}],"twitter_card":"summary_large_image","schema":{"@context":"https:\/\/schema.org","@graph":[{"@type":"WebPage","@id":"https:\/\/www.f-sos.org\/our-events\/","url":"https:\/\/www.f-sos.org\/our-events\/","name":"Our Events - F\/SOS ASSOCIA\u00c7\u00c3O","isPartOf":{"@id":"https:\/\/www.f-sos.org\/#website"},"primaryImageOfPage":{"@id":"https:\/\/www.f-sos.org\/our-events\/#primaryimage"},"image":{"@id":"https:\/\/www.f-sos.org\/our-events\/#primaryimage"},"thumbnailUrl":"https:\/\/www.f-sos.org\/wp-content\/uploads\/2026\/04\/cuidar-as-margens-1-370x350.jpg","datePublished":"2019-12-11T09:39:08+00:00","dateModified":"2026-04-05T17:48:48+00:00","breadcrumb":{"@id":"https:\/\/www.f-sos.org\/our-events\/#breadcrumb"},"inLanguage":"pt-PT","potentialAction":[{"@type":"ReadAction","target":["https:\/\/www.f-sos.org\/our-events\/"]}]},{"@type":"ImageObject","inLanguage":"pt-PT","@id":"https:\/\/www.f-sos.org\/our-events\/#primaryimage","url":"https:\/\/www.f-sos.org\/wp-content\/uploads\/2026\/04\/cuidar-as-margens-1-370x350.jpg","contentUrl":"https:\/\/www.f-sos.org\/wp-content\/uploads\/2026\/04\/cuidar-as-margens-1-370x350.jpg"},{"@type":"BreadcrumbList","@id":"https:\/\/www.f-sos.org\/our-events\/#breadcrumb","itemListElement":[{"@type":"ListItem","position":1,"name":"Home","item":"https:\/\/www.f-sos.org\/"},{"@type":"ListItem","position":2,"name":"Our Events"}]},{"@type":"WebSite","@id":"https:\/\/www.f-sos.org\/#website","url":"https:\/\/www.f-sos.org\/","name":"Associa\u00e7\u00e3o F\/SOS \u2013 Fotografia, Solidariedade e Obras Sociais","description":"ASSOCIA\u00c7\u00c3O F\/SOS \u2014 FOTOGRAFIA, SOLIDARIEDADE E OBRAS SOCIAIS","publisher":{"@id":"https:\/\/www.f-sos.org\/#organization"},"potentialAction":[{"@type":"SearchAction","target":{"@type":"EntryPoint","urlTemplate":"https:\/\/www.f-sos.org\/?s={search_term_string}"},"query-input":{"@type":"PropertyValueSpecification","valueRequired":true,"valueName":"search_term_string"}}],"inLanguage":"pt-PT"},{"@type":"Organization","@id":"https:\/\/www.f-sos.org\/#organization","name":"Associa\u00e7\u00e3o F\/SOS \u2013 Fotografia, Solidariedade e Obras Sociais","url":"https:\/\/www.f-sos.org\/","logo":{"@type":"ImageObject","inLanguage":"pt-PT","@id":"https:\/\/www.f-sos.org\/#\/schema\/logo\/image\/","url":"https:\/\/www.f-sos.org\/wp-content\/uploads\/2026\/01\/associacao-teal-scaled.png","contentUrl":"https:\/\/www.f-sos.org\/wp-content\/uploads\/2026\/01\/associacao-teal-scaled.png","width":2560,"height":566,"caption":"Associa\u00e7\u00e3o F\/SOS \u2013 Fotografia, Solidariedade e Obras Sociais"},"image":{"@id":"https:\/\/www.f-sos.org\/#\/schema\/logo\/image\/"},"sameAs":["https:\/\/www.facebook.com\/profile.php?id=61587009245386","https:\/\/www.linkedin.com\/company\/associacao-f-sos-fotografia-solidariedade-e-obras-sociais\/"]}]}},"campaignId":"","_links":{"self":[{"href":"https:\/\/www.f-sos.org\/pt\/wp-json\/wp\/v2\/pages\/1019","targetHints":{"allow":["GET"]}}],"collection":[{"href":"https:\/\/www.f-sos.org\/pt\/wp-json\/wp\/v2\/pages"}],"about":[{"href":"https:\/\/www.f-sos.org\/pt\/wp-json\/wp\/v2\/types\/page"}],"author":[{"embeddable":true,"href":"https:\/\/www.f-sos.org\/pt\/wp-json\/wp\/v2\/users\/1"}],"replies":[{"embeddable":true,"href":"https:\/\/www.f-sos.org\/pt\/wp-json\/wp\/v2\/comments?post=1019"}],"version-history":[{"count":0,"href":"https:\/\/www.f-sos.org\/pt\/wp-json\/wp\/v2\/pages\/1019\/revisions"}],"wp:attachment":[{"href":"https:\/\/www.f-sos.org\/pt\/wp-json\/wp\/v2\/media?parent=1019"}],"curies":[{"name":"wp","href":"https:\/\/api.w.org\/{rel}","templated":true}]}}